{"id":89,"date":"2021-05-22T18:46:46","date_gmt":"2021-05-22T16:46:46","guid":{"rendered":"https:\/\/al-nanteserdre.org\/alm-wp\/?page_id=89"},"modified":"2024-05-24T15:07:50","modified_gmt":"2024-05-24T13:07:50","slug":"badminton","status":"publish","type":"page","link":"https:\/\/al-nanteserdre.org\/alm-wp\/index.php\/badminton\/","title":{"rendered":"Badminton"},"content":{"rendered":"\n<br\/>\n<div class=\"row\">\n\t<div class=\"card-image\" id=\"img_title\">\n        <img decoding=\"async\" src=\"https:\/\/al-nanteserdre.org\/alm-wp\/wp-content\/uploads\/2021\/05\/badminton.jpg\" alt=\"photo cours badminton\">\n    <\/div>\n<\/div>\n\n\n\n\n<div class=\"row z-depth-2\">\n\t<div class=\"card-content grey lighten-5\">\n\t\t<p><strong>Le badminton est un sport de raquette qui oppose soit deux joueurs, soit deux paires, plac\u00e9s dans deux demi-terrains s\u00e9par\u00e9s par un filet.<\/strong><\/p>\n  <\/div>\n<\/div>\n\n\n\n\n<h2 class=\"wp-block-heading\">Organisation<\/h2>\n\n\n\n<p>Cette activit\u00e9 ouverte \u00e0 tous, en loisir ou en comp\u00e9tition, vous propose un apprentissage du badminton \u00e0 travers la d\u00e9couverte des gestes de base dans un groupe convivial encadr\u00e9 par des animateurs dipl\u00f4m\u00e9s d\u2019\u00e9tat (sauf pour le cr\u00e9neau du mercredi de 20h45 \u00e0 22h00).<br>Deux cr\u00e9neaux libres sont disponibles les vendredis soir \u00e0 La Colini\u00e8re (20h00-22h00) et les dimanches matin \u00e0 Rapha\u00ebl Lebel (10h00-12h00). Ils sont ouverts aux inscrits et inscrites des cinq cr\u00e9neaux ci-dessous.<br><strong>Les plus motiv\u00e9s pourront prendre part au championnat UFOLEP r\u00e9unissant d\u2019autres clubs de la r\u00e9gion Nantaise.<\/strong><\/p>\n\n\n\n<h2 class=\"wp-block-heading\">Horaires<\/h2>\n\n\n\n<p><strong>Saison 2025 \/ 2026<\/strong><\/p>\r\n\r\n<table border=\"1\" cellpadding=\"1\" cellspacing=\"1\" style=\"height:275px; width:670px\">\r\n\t<tbody>\r\n\t\t<tr>\r\n\t\t\t<td><strong><span style=\"color:#231f20\"><em>Lundi<\/em><\/span><span style=\"color:#231f20\"><em>&nbsp;&nbsp;&nbsp; <\/em><\/span><\/strong><\/td>\r\n\t\t\t<td><span style=\"color:#231f20\">Loisirs-d&eacute;butants<\/span><\/td>\r\n\t\t\t<td><span style=\"color:#231f20\">18h00\/20h00<\/span><\/td>\r\n\t\t\t<td><span style=\"color:#231f20\">Gymnase No&eacute; Lambert<\/span><\/td>\r\n\t\t<\/tr>\r\n\t\t<tr>\r\n\t\t\t<td><strong><span style=\"color:#231f20\"><em>Mercredi<\/em><\/span><span style=\"color:#231f20\"><em>&nbsp;&nbsp;&nbsp; <\/em><\/span><\/strong><\/td>\r\n\t\t\t<td><span style=\"color:#231f20\">Loisirs-d&eacute;butants (&agrave; partir de 16 ans)<\/span><\/td>\r\n\t\t\t<td><span style=\"color:#231f20\">17h30\/19h30<\/span><\/td>\r\n\t\t\t<td><span style=\"color:#231f20\">Gymnase Urbain Leverrier<\/span><\/td>\r\n\t\t<\/tr>\r\n\t\t<tr>\r\n\t\t\t<td><strong><span style=\"color:#231f20\"><em>Mercredi<\/em><\/span><span style=\"color:#231f20\"><em>&nbsp;&nbsp;&nbsp; <\/em><\/span><\/strong><\/td>\r\n\t\t\t<td><span style=\"color:#231f20\">Interm&eacute;diaire<\/span><\/td>\r\n\t\t\t<td><span style=\"color:#231f20\">19h30\/21h00<\/span><\/td>\r\n\t\t\t<td><span style=\"color:#231f20\">Gymnase des Marsauderies<\/span><\/td>\r\n\t\t<\/tr>\r\n\t\t<tr>\r\n\t\t\t<td><strong><span style=\"color:#231f20\"><em>Mercredi<\/em><\/span><span style=\"color:#231f20\"><em>&nbsp;&nbsp;&nbsp;&nbsp; <\/em><\/span><\/strong><\/td>\r\n\t\t\t<td><span style=\"color:#231f20\">Interm&eacute;diaire (sans entraineur)<\/span><\/td>\r\n\t\t\t<td><span style=\"color:#231f20\">21h00\/22h30<\/span><\/td>\r\n\t\t\t<td><span style=\"color:#231f20\">Gymnase des Marsauderies<\/span><\/td>\r\n\t\t<\/tr>\r\n\t\t<tr>\r\n\t\t\t<td><strong><span style=\"color:#231f20\"><em>Jeudi<\/em><\/span><span style=\"color:#231f20\"><em>&nbsp;<\/em><\/span><\/strong><\/td>\r\n\t\t\t<td>Interm&eacute;diaire et&nbsp;comp&eacute;tition<\/td>\r\n\t\t\t<td><span style=\"color:#231f20\">20h00\/22h00<\/span><\/td>\r\n\t\t\t<td><span style=\"color:#231f20\">Gymnase Urbain Leverrier<\/span><\/td>\r\n\t\t<\/tr>\r\n\t<\/tbody>\r\n<\/table>\r\n\r\n<p>&nbsp;<\/p>\n\n\n\n<h2 class=\"wp-block-heading\">Cotisation annuelle<\/h2>\n\n\n\n<p><strong>Saison 2025 \/ 2026<\/strong><br \/>\r\n<span style=\"color:#000000\">S&eacute;ance hebdomadaire sauf vacances scolaires scolaires<\/span><span style=\"color:#231f20\"><strong><span style=\"color:#231f20\">&nbsp;<\/span><\/strong><\/span><\/p>\r\n\r\n<table border=\"1\" cellpadding=\"1\" cellspacing=\"1\" style=\"height:56px; width:350px\">\r\n\t<tbody>\r\n\t\t<tr>\r\n\t\t\t<td><span style=\"color:#000000\">S&eacute;ance de<\/span><\/td>\r\n\t\t\t<td><span style=\"color:#231f20\">2h<\/span><\/td>\r\n\t\t\t<td style=\"text-align:right\"><span style=\"color:#231f20\"><strong>170 &euro;<\/strong><\/span><\/td>\r\n\t\t<\/tr>\r\n\t\t<tr>\r\n\t\t\t<td><span style=\"color:#000000\">S&eacute;ance de<\/span><\/td>\r\n\t\t\t<td>1h30 avec entra&icirc;neur<\/td>\r\n\t\t\t<td style=\"text-align:right\"><span style=\"color:#231f20\"><span style=\"color:#231f20\"><strong>130 &euro;&nbsp;<\/strong><\/span><\/span><\/td>\r\n\t\t<\/tr>\r\n\t\t<tr>\r\n\t\t\t<td><span style=\"color:#000000\">S&eacute;ance de<\/span><\/td>\r\n\t\t\t<td>1h30 sans entra&icirc;neur<\/td>\r\n\t\t\t<td style=\"text-align:right\">&nbsp;<strong>68 &euro;&nbsp;<\/strong><\/td>\r\n\t\t<\/tr>\r\n\t<\/tbody>\r\n<\/table>\r\n\r\n<p>&nbsp;<\/p>\n\n\n\n<h2 class=\"wp-block-heading\">Lieux de pratique<\/h2>\n\n\n\n\t<p><\/p>\r\n\t<div id=\"osm-map\" style=\"width: 100%; height: 400px;\">&nbsp;<\/div>\r\n\t<script src=\"https:\/\/unpkg.com\/leaflet@1.6.0\/dist\/leaflet.js\"><\/script>\r\n\t<link href=\"https:\/\/unpkg.com\/leaflet@1.6.0\/dist\/leaflet.css\" rel=\"stylesheet\"\/>\r\n\t<script type=\"text\/javascript\">\r\n\t\tvar villes = {\"Gymnase des Marsauderies\":{\"lat\":\"47.242905\",\"lon\":\"-1.528555\"},\"Gymnase Noe Lambert\":{\"lat\":\"47.22995\",\"lon\":\"-1.528205\"},\"Gymnase Urbain Leverrier\":{\"lat\":\"47.241153\",\"lon\":\"-1.521507\"}};\r\n\t\tvar lat = 47.238002666667;\r\n        var lon = -1.526089;\r\n\t\t\r\n\t\tvar element = document.getElementById('osm-map');\r\n\t\t\/\/ Create Leaflet map on map element.\r\n\t\tvar map = L.map(element);\r\n\r\n\t\tL.tileLayer('http:\/\/{s}.tile.osm.org\/{z}\/{x}\/{y}.png', {\r\n\t\t\tattribution: '&copy; <a href=\"http:\/\/osm.org\/copyright\">OpenStreetMap<\/a> contributors'\r\n\t\t}).addTo(map);\r\n\t\t\r\n\t\tfor (ville in villes) {\r\n\t\t\tvar target = L.latLng([villes[ville].lat, villes[ville].lon]);\r\n\t\t\tL.marker(target).addTo(map);\r\n\t\t} \t\t\r\n\t\t\/\/ Target's GPS coordinates.\r\n\t\tvar target = L.latLng(lat, lon);\r\n\r\n\t\t\/\/ Set map's center to target with zoom 14.\r\n\t\tmap.setView(target, 15);\r\n\t<\/script>\r\n\t\n","protected":false},"excerpt":{"rendered":"<p>Organisation Cette activit\u00e9 ouverte \u00e0 tous, en loisir ou en comp\u00e9tition, vous propose un apprentissage du badminton \u00e0 travers la d\u00e9couverte des gestes de base dans un groupe convivial encadr\u00e9 par des animateurs dipl\u00f4m\u00e9s d\u2019\u00e9tat (sauf pour le cr\u00e9neau du mercredi de 20h45 \u00e0 22h00).Deux cr\u00e9neaux libres sont disponibles les vendredis soir \u00e0 La Colini\u00e8re [&hellip;]<\/p>\n","protected":false},"author":1,"featured_media":0,"parent":0,"menu_order":0,"comment_status":"closed","ping_status":"closed","template":"","meta":{"footnotes":""},"class_list":["post-89","page","type-page","status-publish","hentry"],"yoast_head":"<!-- This site is optimized with the Yoast SEO plugin v27.4 - https:\/\/yoast.com\/product\/yoast-seo-wordpress\/ -->\n<title>Badminton - Amicale La\u00efque des Marsauderies<\/title>\n<meta name=\"robots\" content=\"index, follow, max-snippet:-1, max-image-preview:large, max-video-preview:-1\" \/>\n<link rel=\"canonical\" href=\"https:\/\/al-nanteserdre.org\/alm-wp\/index.php\/badminton\/\" \/>\n<meta property=\"og:locale\" content=\"fr_FR\" \/>\n<meta property=\"og:type\" content=\"article\" \/>\n<meta property=\"og:title\" content=\"Badminton - Amicale La\u00efque des Marsauderies\" \/>\n<meta property=\"og:description\" content=\"Organisation Cette activit\u00e9 ouverte \u00e0 tous, en loisir ou en comp\u00e9tition, vous propose un apprentissage du badminton \u00e0 travers la d\u00e9couverte des gestes de base dans un groupe convivial encadr\u00e9 par des animateurs dipl\u00f4m\u00e9s d\u2019\u00e9tat (sauf pour le cr\u00e9neau du mercredi de 20h45 \u00e0 22h00).Deux cr\u00e9neaux libres sont disponibles les vendredis soir \u00e0 La Colini\u00e8re [&hellip;]\" \/>\n<meta property=\"og:url\" content=\"https:\/\/al-nanteserdre.org\/alm-wp\/index.php\/badminton\/\" \/>\n<meta property=\"og:site_name\" content=\"Amicale La\u00efque des Marsauderies\" \/>\n<meta property=\"article:modified_time\" content=\"2024-05-24T13:07:50+00:00\" \/>\n<meta name=\"twitter:card\" content=\"summary_large_image\" \/>\n<meta name=\"twitter:label1\" content=\"Dur\u00e9e de lecture estim\u00e9e\" \/>\n\t<meta name=\"twitter:data1\" content=\"1 minute\" \/>\n<script type=\"application\/ld+json\" class=\"yoast-schema-graph\">{\"@context\":\"https:\\\/\\\/schema.org\",\"@graph\":[{\"@type\":\"WebPage\",\"@id\":\"https:\\\/\\\/al-nanteserdre.org\\\/alm-wp\\\/index.php\\\/badminton\\\/\",\"url\":\"https:\\\/\\\/al-nanteserdre.org\\\/alm-wp\\\/index.php\\\/badminton\\\/\",\"name\":\"Badminton - Amicale La\u00efque des Marsauderies\",\"isPartOf\":{\"@id\":\"https:\\\/\\\/al-nanteserdre.org\\\/alm-wp\\\/#website\"},\"datePublished\":\"2021-05-22T16:46:46+00:00\",\"dateModified\":\"2024-05-24T13:07:50+00:00\",\"breadcrumb\":{\"@id\":\"https:\\\/\\\/al-nanteserdre.org\\\/alm-wp\\\/index.php\\\/badminton\\\/#breadcrumb\"},\"inLanguage\":\"fr-FR\",\"potentialAction\":[{\"@type\":\"ReadAction\",\"target\":[\"https:\\\/\\\/al-nanteserdre.org\\\/alm-wp\\\/index.php\\\/badminton\\\/\"]}]},{\"@type\":\"BreadcrumbList\",\"@id\":\"https:\\\/\\\/al-nanteserdre.org\\\/alm-wp\\\/index.php\\\/badminton\\\/#breadcrumb\",\"itemListElement\":[{\"@type\":\"ListItem\",\"position\":1,\"name\":\"Accueil\",\"item\":\"https:\\\/\\\/al-nanteserdre.org\\\/alm-wp\\\/\"},{\"@type\":\"ListItem\",\"position\":2,\"name\":\"Badminton\"}]},{\"@type\":\"WebSite\",\"@id\":\"https:\\\/\\\/al-nanteserdre.org\\\/alm-wp\\\/#website\",\"url\":\"https:\\\/\\\/al-nanteserdre.org\\\/alm-wp\\\/\",\"name\":\"Amicale La\u00efque des Marsauderies\",\"description\":\"Sport pour tous et \u00e9ducation populaire\",\"publisher\":{\"@id\":\"https:\\\/\\\/al-nanteserdre.org\\\/alm-wp\\\/#organization\"},\"potentialAction\":[{\"@type\":\"SearchAction\",\"target\":{\"@type\":\"EntryPoint\",\"urlTemplate\":\"https:\\\/\\\/al-nanteserdre.org\\\/alm-wp\\\/?s={search_term_string}\"},\"query-input\":{\"@type\":\"PropertyValueSpecification\",\"valueRequired\":true,\"valueName\":\"search_term_string\"}}],\"inLanguage\":\"fr-FR\"},{\"@type\":\"Organization\",\"@id\":\"https:\\\/\\\/al-nanteserdre.org\\\/alm-wp\\\/#organization\",\"name\":\"Amicale Laique des Marsauderies\",\"url\":\"https:\\\/\\\/al-nanteserdre.org\\\/alm-wp\\\/\",\"logo\":{\"@type\":\"ImageObject\",\"inLanguage\":\"fr-FR\",\"@id\":\"https:\\\/\\\/al-nanteserdre.org\\\/alm-wp\\\/#\\\/schema\\\/logo\\\/image\\\/\",\"url\":\"https:\\\/\\\/al-nanteserdre.org\\\/alm-wp\\\/wp-content\\\/uploads\\\/2023\\\/04\\\/Logo-UFOLEP.png\",\"contentUrl\":\"https:\\\/\\\/al-nanteserdre.org\\\/alm-wp\\\/wp-content\\\/uploads\\\/2023\\\/04\\\/Logo-UFOLEP.png\",\"width\":320,\"height\":244,\"caption\":\"Amicale Laique des Marsauderies\"},\"image\":{\"@id\":\"https:\\\/\\\/al-nanteserdre.org\\\/alm-wp\\\/#\\\/schema\\\/logo\\\/image\\\/\"}}]}<\/script>\n<!-- \/ Yoast SEO plugin. -->","yoast_head_json":{"title":"Badminton - Amicale La\u00efque des Marsauderies","robots":{"index":"index","follow":"follow","max-snippet":"max-snippet:-1","max-image-preview":"max-image-preview:large","max-video-preview":"max-video-preview:-1"},"canonical":"https:\/\/al-nanteserdre.org\/alm-wp\/index.php\/badminton\/","og_locale":"fr_FR","og_type":"article","og_title":"Badminton - Amicale La\u00efque des Marsauderies","og_description":"Organisation Cette activit\u00e9 ouverte \u00e0 tous, en loisir ou en comp\u00e9tition, vous propose un apprentissage du badminton \u00e0 travers la d\u00e9couverte des gestes de base dans un groupe convivial encadr\u00e9 par des animateurs dipl\u00f4m\u00e9s d\u2019\u00e9tat (sauf pour le cr\u00e9neau du mercredi de 20h45 \u00e0 22h00).Deux cr\u00e9neaux libres sont disponibles les vendredis soir \u00e0 La Colini\u00e8re [&hellip;]","og_url":"https:\/\/al-nanteserdre.org\/alm-wp\/index.php\/badminton\/","og_site_name":"Amicale La\u00efque des Marsauderies","article_modified_time":"2024-05-24T13:07:50+00:00","twitter_card":"summary_large_image","twitter_misc":{"Dur\u00e9e de lecture estim\u00e9e":"1 minute"},"schema":{"@context":"https:\/\/schema.org","@graph":[{"@type":"WebPage","@id":"https:\/\/al-nanteserdre.org\/alm-wp\/index.php\/badminton\/","url":"https:\/\/al-nanteserdre.org\/alm-wp\/index.php\/badminton\/","name":"Badminton - Amicale La\u00efque des Marsauderies","isPartOf":{"@id":"https:\/\/al-nanteserdre.org\/alm-wp\/#website"},"datePublished":"2021-05-22T16:46:46+00:00","dateModified":"2024-05-24T13:07:50+00:00","breadcrumb":{"@id":"https:\/\/al-nanteserdre.org\/alm-wp\/index.php\/badminton\/#breadcrumb"},"inLanguage":"fr-FR","potentialAction":[{"@type":"ReadAction","target":["https:\/\/al-nanteserdre.org\/alm-wp\/index.php\/badminton\/"]}]},{"@type":"BreadcrumbList","@id":"https:\/\/al-nanteserdre.org\/alm-wp\/index.php\/badminton\/#breadcrumb","itemListElement":[{"@type":"ListItem","position":1,"name":"Accueil","item":"https:\/\/al-nanteserdre.org\/alm-wp\/"},{"@type":"ListItem","position":2,"name":"Badminton"}]},{"@type":"WebSite","@id":"https:\/\/al-nanteserdre.org\/alm-wp\/#website","url":"https:\/\/al-nanteserdre.org\/alm-wp\/","name":"Amicale La\u00efque des Marsauderies","description":"Sport pour tous et \u00e9ducation populaire","publisher":{"@id":"https:\/\/al-nanteserdre.org\/alm-wp\/#organization"},"potentialAction":[{"@type":"SearchAction","target":{"@type":"EntryPoint","urlTemplate":"https:\/\/al-nanteserdre.org\/alm-wp\/?s={search_term_string}"},"query-input":{"@type":"PropertyValueSpecification","valueRequired":true,"valueName":"search_term_string"}}],"inLanguage":"fr-FR"},{"@type":"Organization","@id":"https:\/\/al-nanteserdre.org\/alm-wp\/#organization","name":"Amicale Laique des Marsauderies","url":"https:\/\/al-nanteserdre.org\/alm-wp\/","logo":{"@type":"ImageObject","inLanguage":"fr-FR","@id":"https:\/\/al-nanteserdre.org\/alm-wp\/#\/schema\/logo\/image\/","url":"https:\/\/al-nanteserdre.org\/alm-wp\/wp-content\/uploads\/2023\/04\/Logo-UFOLEP.png","contentUrl":"https:\/\/al-nanteserdre.org\/alm-wp\/wp-content\/uploads\/2023\/04\/Logo-UFOLEP.png","width":320,"height":244,"caption":"Amicale Laique des Marsauderies"},"image":{"@id":"https:\/\/al-nanteserdre.org\/alm-wp\/#\/schema\/logo\/image\/"}}]}},"_links":{"self":[{"href":"https:\/\/al-nanteserdre.org\/alm-wp\/index.php\/wp-json\/wp\/v2\/pages\/89","targetHints":{"allow":["GET"]}}],"collection":[{"href":"https:\/\/al-nanteserdre.org\/alm-wp\/index.php\/wp-json\/wp\/v2\/pages"}],"about":[{"href":"https:\/\/al-nanteserdre.org\/alm-wp\/index.php\/wp-json\/wp\/v2\/types\/page"}],"author":[{"embeddable":true,"href":"https:\/\/al-nanteserdre.org\/alm-wp\/index.php\/wp-json\/wp\/v2\/users\/1"}],"replies":[{"embeddable":true,"href":"https:\/\/al-nanteserdre.org\/alm-wp\/index.php\/wp-json\/wp\/v2\/comments?post=89"}],"version-history":[{"count":13,"href":"https:\/\/al-nanteserdre.org\/alm-wp\/index.php\/wp-json\/wp\/v2\/pages\/89\/revisions"}],"predecessor-version":[{"id":2887,"href":"https:\/\/al-nanteserdre.org\/alm-wp\/index.php\/wp-json\/wp\/v2\/pages\/89\/revisions\/2887"}],"wp:attachment":[{"href":"https:\/\/al-nanteserdre.org\/alm-wp\/index.php\/wp-json\/wp\/v2\/media?parent=89"}],"curies":[{"name":"wp","href":"https:\/\/api.w.org\/{rel}","templated":true}]}}