{"id":84,"date":"2021-05-22T11:15:18","date_gmt":"2021-05-22T09:15:18","guid":{"rendered":"https:\/\/al-nanteserdre.org\/alm-wp\/?page_id=84"},"modified":"2025-10-02T20:39:46","modified_gmt":"2025-10-02T18:39:46","slug":"inscriptions","status":"publish","type":"page","link":"https:\/\/al-nanteserdre.org\/alm-wp\/index.php\/inscriptions\/","title":{"rendered":"Modalit\u00e9s d&rsquo;inscriptions \/ Tarifs"},"content":{"rendered":"\n<div class=\"row z-depth-2\">\n\t<div class=\"card-content grey lighten-5\">\n\t\t<p><\/p>\n\n\n<div class=\"wp-block-image\">\n<figure class=\"aligncenter size-full is-resized\"><a href=\"https:\/\/al-nanteserdre.org\/alm-wp\/index.php\/activites-2024-2025\/\"><img loading=\"lazy\" decoding=\"async\" width=\"590\" height=\"229\" src=\"https:\/\/al-nanteserdre.org\/alm-wp\/wp-content\/uploads\/2025\/10\/Relance_inscriptions_2025-2026.jpg\" alt=\"\" class=\"wp-image-3279\" style=\"width:436px;height:auto\" srcset=\"https:\/\/al-nanteserdre.org\/alm-wp\/wp-content\/uploads\/2025\/10\/Relance_inscriptions_2025-2026.jpg 590w, https:\/\/al-nanteserdre.org\/alm-wp\/wp-content\/uploads\/2025\/10\/Relance_inscriptions_2025-2026-300x116.jpg 300w\" sizes=\"auto, (max-width: 590px) 100vw, 590px\" \/><\/a><\/figure>\n<\/div>\n\n\n<p><\/p>\n\n\n\n<h2 class=\"wp-block-heading\">Dates et lieu de r\u00e9inscriptions et d\u2019inscriptions &#8211; Saison 2025 \/ 2026<\/h2>\n\n\n\n<h5 class=\"wp-block-heading\">R\u00e9inscription, r\u00e9serv\u00e9es aux adh\u00e9rents de la saison 2025\/2026 (*) :<\/h5>\n\n\n\n<ul class=\"wp-block-list\">\n<li>Vendredi 13 juin 2025 de 18h30 \u00e0 20h00 _______________<strong>Cours de l\u2019\u00e9cole primaire<\/strong>, acc\u00e8s par la rue de Koufra<\/li>\n\n\n\n<li>Samedi 14 juin 2025 de 09h00 \u00e0 12h00 ________________ <strong>Cours de l\u2019\u00e9cole primaire<\/strong>, acc\u00e8s par la rue de Koufra<\/li>\n<\/ul>\n\n\n\n<h5 class=\"wp-block-heading\">Inscriptions r\u00e9serv\u00e9es aux \u00e9l\u00e8ves des \u00e9coles des Marsauderies<\/h5>\n\n\n\n<ul class=\"wp-block-list\">\n<li>Vendredi 5 septembre 2025 de 18h30 \u00e0 20h00______________ <strong>Cours de l\u2019\u00e9cole primaire<\/strong>, acc\u00e8s par la rue de Koufra<\/li>\n<\/ul>\n\n\n\n<h5 class=\"wp-block-heading\">Inscriptions ouvertes \u00e0 tous<\/h5>\n\n\n\n<ul class=\"wp-block-list\">\n<li>Samedi 6 septembre 2025 de 09h00 \u00e0 12h30 _________ <strong>Cours de l\u2019\u00e9cole primaire<\/strong>, acc\u00e8s par la rue de Koufra<\/li>\n\n\n\n<li>Samedi 13 septembre 2025 de 09h00 \u00e0 12h00__________ <strong>Cours de l\u2019\u00e9cole primaire<\/strong>, acc\u00e8s par la rue de Koufra<\/li>\n<\/ul>\n\n\n\n<p><strong>Aucune inscription ne sera prise par t\u00e9l\u00e9phone par mail ou par courrier.<\/strong><\/p>\n\n\n\n<p><strong>(*) TENNIS : Inscriptions possibles selon places disponibles\u00a0\u00bb<\/strong><\/p>\n\n\n\n<p><\/p>\n  <\/div>\n<\/div>\n\n\n\n\n<div class=\"row z-depth-2\">\n\t<div class=\"card-content grey lighten-5\">\n\t\t<p><\/p>\n\n\n\n<h2 class=\"wp-block-heading\">La cotisation et les modes de paiement<\/h2>\n\n\n\n<p>La cotisation est annuelle et indivisible, payable en totalit\u00e9 lors de l\u2019inscription.<br>Il est possible de la r\u00e9gler par Ch\u00e8que, Carte Bancaire, Ch\u00e8ques-Vacances.<br>3 Dispositifs permettent un r\u00e8glement partiel de la cotisation :<br>&#8211; <a data-type=\"URL\" data-id=\"https:\/\/www.sports.gouv.fr\/accueil-du-site\/article\/le-pass-sport\" href=\"https:\/\/www.sports.gouv.fr\/accueil-du-site\/article\/le-pass-sport\" target=\"_blank\" rel=\"noreferrer noopener\">Pass&rsquo;Sport (Etat)<\/a><br>&#8211; <a data-type=\"URL\" data-id=\"https:\/\/www.epassjeunes-paysdelaloire.fr\/culture-sport\/\" href=\"https:\/\/www.epassjeunes-paysdelaloire.fr\/culture-sport\/\" target=\"_blank\" rel=\"noreferrer noopener\">E-pass Jeunes (R\u00e9gion)<\/a><br>&#8211; <a data-type=\"URL\" data-id=\"https:\/\/metropole.nantes.fr\/carteblanche\" href=\"https:\/\/metropole.nantes.fr\/carteblanche\" target=\"_blank\" rel=\"noreferrer noopener\">Carte Blanche (Mairie de Nantes)<\/a><br>Pour en savoir plus sur les aides, cliquez sur l\u2019ic\u00f4ne<strong> <\/strong><a href=\"https:\/\/al-nanteserdre.org\/alm-wp\/wp-content\/uploads\/2023\/06\/Dispositifs_Aides.pdf\" target=\"_blank\" rel=\"noreferrer noopener\"><img loading=\"lazy\" decoding=\"async\" width=\"35\" height=\"35\" class=\"wp-image-2431\" style=\"width: 35px;\" src=\"https:\/\/al-nanteserdre.org\/alm-wp\/wp-content\/uploads\/2021\/07\/pdf_35.png\" alt=\"\"><\/a><br>Pour obtenir la fiche tarifaire compl\u00e8te, cliquez sur l&rsquo;ic\u00f4ne <a href=\"https:\/\/al-nanteserdre.org\/alm-wp\/wp-content\/uploads\/2025\/05\/Tarifs_-2025_2026_V4.pdf\" target=\"_blank\" rel=\"noreferrer noopener\"><img loading=\"lazy\" decoding=\"async\" width=\"35\" height=\"35\" class=\"wp-image-2431\" style=\"width: 35px;\" src=\"https:\/\/al-nanteserdre.org\/alm-wp\/wp-content\/uploads\/2021\/07\/pdf_35.png\" alt=\"\"><\/a><br>Le paiement par ch\u00e8que peut s\u2019effectuer en trois fois : Dans ce cas, les trois ch\u00e8ques sont mis en r\u00e8glement les 15 octobre, 15 janvier et 15 avril.<\/p>\n\n\n\n<p><strong>La cotisation couvre :<\/strong><\/p>\n\n\n\n<ul class=\"wp-block-list\">\n<li>L\u2019adh\u00e9sion \u00e0 l\u2019Amicale et \u00e0 la F\u00e9d\u00e9ration Nationale (Ligue de l\u2019Enseignement)<\/li>\n\n\n\n<li>L\u2019assurance pour la pratique de l\u2019activit\u00e9 (licence UFOLEP ou FAL)<\/li>\n\n\n\n<li>La cotisation propre \u00e0 l\u2019activit\u00e9 choisie qui couvre le salaire de l\u2019animateur ou du professeur si l\u2019activit\u00e9 n\u2019est pas encadr\u00e9e par un b\u00e9n\u00e9vole, etc.).<\/li>\n<\/ul>\n\n\n\n<p>Un adh\u00e9rent pratiquant plusieurs activit\u00e9s ne paie qu\u2019une seule assurance et une seule adh\u00e9sion \u00e0 l\u2019Amicale La\u00efque. Le calcul de la r\u00e9duction se fait lors de l\u2019inscription. Il en est de m\u00eame si vous pratiquez dans plusieurs amicales la\u00efque. Pensez \u00e0 demander une attestation d\u2019inscription.<\/p>\n\n\n\n<p><strong>A savoir<\/strong> : Le remboursement de la cotisation est exceptionnel et fait l\u2019objet d\u2019une d\u00e9cision en conseil d\u2019administration.<br><\/p>\n  <\/div>\n<\/div>\n\n\n\n\n<div class=\"row z-depth-2\">\n\t<div class=\"card-content grey lighten-5\">\n\t\t<p><\/p>\n\n\n\n<h2 class=\"wp-block-heading\">Certificat M\u00e9dical des activit\u00e9s sportives<\/h2>\n\n\n\n<p>Le Certificat M\u00e9dical n&rsquo;est plus obligatoire pour les activit\u00e9s sportives dispens\u00e9es par l&rsquo;AL Marsauderies.<\/p>\n\n\n\n<p>Tous les adh\u00e9rents jeunes et adultes devront consulter un Questionnaire de Sant\u00e9, mis \u00e0 disposition lors des inscriptions et attester avoir r\u00e9pondu NON \u00e0 toutes les questions pos\u00e9es.<\/p>\n\n\n\n<p>En cas d&rsquo;une r\u00e9ponse positive, le Certificat M\u00e9dical devient obligatoire<\/p>\n\n\n\n<p><strong>Dans tous les cas<\/strong>, vous ne serez pas accept\u00e9 en cours si <strong>vous n\u2019\u00eates pas en conformit\u00e9 d\u00e8s la 2\u00e8me s\u00e9ance.<\/strong><br><strong>Aucune inscription ne sera compl\u00e8tement valid\u00e9e sans le certificat lorsqu\u2019il est exig\u00e9<\/strong><br><\/p>\n  <\/div>\n<\/div>\n\n\n\n\n<h2 class=\"wp-block-heading\">Adh\u00e9sion de soutien<\/h2>\n\n\n\n<p>Il est possible de prendre une <strong>adh\u00e9sion de soutien<\/strong> \u00e0 l\u2019Amicale La\u00efque (20\u20ac\/an).<\/p>\n\n\n\n<h2 class=\"wp-block-heading\">Recherche de b\u00e9n\u00e9voles !<\/h2>\n\n\n\n<p>L\u2019Amicale recherche des b\u00e9n\u00e9voles pour l\u2019aider \u00e0 fonctionner et faire tourner les activit\u00e9s et les manifestations. Ainsi, n\u2019h\u00e9sitez pas \u00e0 nous proposer votre aide si vous avez un peu de temps, ne serait-ce que pour donner un coup de main le jour de la f\u00eate de l\u2019\u00e9cole par exemple. Prenez contact par t\u00e9l\u00e9phone ou par mail avec l\u2019Amicale.<\/p>\n","protected":false},"excerpt":{"rendered":"<p>Adh\u00e9sion de soutien Il est possible de prendre une adh\u00e9sion de soutien \u00e0 l\u2019Amicale La\u00efque (20\u20ac\/an). Recherche de b\u00e9n\u00e9voles ! L\u2019Amicale recherche des b\u00e9n\u00e9voles pour l\u2019aider \u00e0 fonctionner et faire tourner les activit\u00e9s et les manifestations. Ainsi, n\u2019h\u00e9sitez pas \u00e0 nous proposer votre aide si vous avez un peu de temps, ne serait-ce que pour [&hellip;]<\/p>\n","protected":false},"author":1,"featured_media":0,"parent":0,"menu_order":0,"comment_status":"closed","ping_status":"closed","template":"","meta":{"footnotes":""},"class_list":["post-84","page","type-page","status-publish","hentry"],"yoast_head":"<!-- This site is optimized with the Yoast SEO plugin v27.4 - https:\/\/yoast.com\/product\/yoast-seo-wordpress\/ -->\n<title>Modalit\u00e9s d&#039;inscriptions \/ Tarifs - Amicale La\u00efque des Marsauderies<\/title>\n<meta name=\"robots\" content=\"index, follow, max-snippet:-1, max-image-preview:large, max-video-preview:-1\" \/>\n<link rel=\"canonical\" href=\"https:\/\/al-nanteserdre.org\/alm-wp\/index.php\/inscriptions\/\" \/>\n<meta property=\"og:locale\" content=\"fr_FR\" \/>\n<meta property=\"og:type\" content=\"article\" \/>\n<meta property=\"og:title\" content=\"Modalit\u00e9s d&#039;inscriptions \/ Tarifs - Amicale La\u00efque des Marsauderies\" \/>\n<meta property=\"og:description\" content=\"Adh\u00e9sion de soutien Il est possible de prendre une adh\u00e9sion de soutien \u00e0 l\u2019Amicale La\u00efque (20\u20ac\/an). Recherche de b\u00e9n\u00e9voles ! L\u2019Amicale recherche des b\u00e9n\u00e9voles pour l\u2019aider \u00e0 fonctionner et faire tourner les activit\u00e9s et les manifestations. Ainsi, n\u2019h\u00e9sitez pas \u00e0 nous proposer votre aide si vous avez un peu de temps, ne serait-ce que pour [&hellip;]\" \/>\n<meta property=\"og:url\" content=\"https:\/\/al-nanteserdre.org\/alm-wp\/index.php\/inscriptions\/\" \/>\n<meta property=\"og:site_name\" content=\"Amicale La\u00efque des Marsauderies\" \/>\n<meta property=\"article:modified_time\" content=\"2025-10-02T18:39:46+00:00\" \/>\n<meta property=\"og:image\" content=\"https:\/\/al-nanteserdre.org\/alm-wp\/wp-content\/uploads\/2025\/10\/Relance_inscriptions_2025-2026.jpg\" \/>\n\t<meta property=\"og:image:width\" content=\"590\" \/>\n\t<meta property=\"og:image:height\" content=\"229\" \/>\n\t<meta property=\"og:image:type\" content=\"image\/jpeg\" \/>\n<meta name=\"twitter:card\" content=\"summary_large_image\" \/>\n<meta name=\"twitter:label1\" content=\"Dur\u00e9e de lecture estim\u00e9e\" \/>\n\t<meta name=\"twitter:data1\" content=\"4 minutes\" \/>\n<script type=\"application\/ld+json\" class=\"yoast-schema-graph\">{\"@context\":\"https:\\\/\\\/schema.org\",\"@graph\":[{\"@type\":\"WebPage\",\"@id\":\"https:\\\/\\\/al-nanteserdre.org\\\/alm-wp\\\/index.php\\\/inscriptions\\\/\",\"url\":\"https:\\\/\\\/al-nanteserdre.org\\\/alm-wp\\\/index.php\\\/inscriptions\\\/\",\"name\":\"Modalit\u00e9s d'inscriptions \\\/ Tarifs - Amicale La\u00efque des Marsauderies\",\"isPartOf\":{\"@id\":\"https:\\\/\\\/al-nanteserdre.org\\\/alm-wp\\\/#website\"},\"primaryImageOfPage\":{\"@id\":\"https:\\\/\\\/al-nanteserdre.org\\\/alm-wp\\\/index.php\\\/inscriptions\\\/#primaryimage\"},\"image\":{\"@id\":\"https:\\\/\\\/al-nanteserdre.org\\\/alm-wp\\\/index.php\\\/inscriptions\\\/#primaryimage\"},\"thumbnailUrl\":\"https:\\\/\\\/al-nanteserdre.org\\\/alm-wp\\\/wp-content\\\/uploads\\\/2025\\\/10\\\/Relance_inscriptions_2025-2026.jpg\",\"datePublished\":\"2021-05-22T09:15:18+00:00\",\"dateModified\":\"2025-10-02T18:39:46+00:00\",\"breadcrumb\":{\"@id\":\"https:\\\/\\\/al-nanteserdre.org\\\/alm-wp\\\/index.php\\\/inscriptions\\\/#breadcrumb\"},\"inLanguage\":\"fr-FR\",\"potentialAction\":[{\"@type\":\"ReadAction\",\"target\":[\"https:\\\/\\\/al-nanteserdre.org\\\/alm-wp\\\/index.php\\\/inscriptions\\\/\"]}]},{\"@type\":\"ImageObject\",\"inLanguage\":\"fr-FR\",\"@id\":\"https:\\\/\\\/al-nanteserdre.org\\\/alm-wp\\\/index.php\\\/inscriptions\\\/#primaryimage\",\"url\":\"https:\\\/\\\/al-nanteserdre.org\\\/alm-wp\\\/wp-content\\\/uploads\\\/2025\\\/10\\\/Relance_inscriptions_2025-2026.jpg\",\"contentUrl\":\"https:\\\/\\\/al-nanteserdre.org\\\/alm-wp\\\/wp-content\\\/uploads\\\/2025\\\/10\\\/Relance_inscriptions_2025-2026.jpg\",\"width\":590,\"height\":229},{\"@type\":\"BreadcrumbList\",\"@id\":\"https:\\\/\\\/al-nanteserdre.org\\\/alm-wp\\\/index.php\\\/inscriptions\\\/#breadcrumb\",\"itemListElement\":[{\"@type\":\"ListItem\",\"position\":1,\"name\":\"Accueil\",\"item\":\"https:\\\/\\\/al-nanteserdre.org\\\/alm-wp\\\/\"},{\"@type\":\"ListItem\",\"position\":2,\"name\":\"Modalit\u00e9s d&rsquo;inscriptions \\\/ Tarifs\"}]},{\"@type\":\"WebSite\",\"@id\":\"https:\\\/\\\/al-nanteserdre.org\\\/alm-wp\\\/#website\",\"url\":\"https:\\\/\\\/al-nanteserdre.org\\\/alm-wp\\\/\",\"name\":\"Amicale La\u00efque des Marsauderies\",\"description\":\"Sport pour tous et \u00e9ducation populaire\",\"publisher\":{\"@id\":\"https:\\\/\\\/al-nanteserdre.org\\\/alm-wp\\\/#organization\"},\"potentialAction\":[{\"@type\":\"SearchAction\",\"target\":{\"@type\":\"EntryPoint\",\"urlTemplate\":\"https:\\\/\\\/al-nanteserdre.org\\\/alm-wp\\\/?s={search_term_string}\"},\"query-input\":{\"@type\":\"PropertyValueSpecification\",\"valueRequired\":true,\"valueName\":\"search_term_string\"}}],\"inLanguage\":\"fr-FR\"},{\"@type\":\"Organization\",\"@id\":\"https:\\\/\\\/al-nanteserdre.org\\\/alm-wp\\\/#organization\",\"name\":\"Amicale Laique des Marsauderies\",\"url\":\"https:\\\/\\\/al-nanteserdre.org\\\/alm-wp\\\/\",\"logo\":{\"@type\":\"ImageObject\",\"inLanguage\":\"fr-FR\",\"@id\":\"https:\\\/\\\/al-nanteserdre.org\\\/alm-wp\\\/#\\\/schema\\\/logo\\\/image\\\/\",\"url\":\"https:\\\/\\\/al-nanteserdre.org\\\/alm-wp\\\/wp-content\\\/uploads\\\/2023\\\/04\\\/Logo-UFOLEP.png\",\"contentUrl\":\"https:\\\/\\\/al-nanteserdre.org\\\/alm-wp\\\/wp-content\\\/uploads\\\/2023\\\/04\\\/Logo-UFOLEP.png\",\"width\":320,\"height\":244,\"caption\":\"Amicale Laique des Marsauderies\"},\"image\":{\"@id\":\"https:\\\/\\\/al-nanteserdre.org\\\/alm-wp\\\/#\\\/schema\\\/logo\\\/image\\\/\"}}]}<\/script>\n<!-- \/ Yoast SEO plugin. -->","yoast_head_json":{"title":"Modalit\u00e9s d'inscriptions \/ Tarifs - Amicale La\u00efque des Marsauderies","robots":{"index":"index","follow":"follow","max-snippet":"max-snippet:-1","max-image-preview":"max-image-preview:large","max-video-preview":"max-video-preview:-1"},"canonical":"https:\/\/al-nanteserdre.org\/alm-wp\/index.php\/inscriptions\/","og_locale":"fr_FR","og_type":"article","og_title":"Modalit\u00e9s d'inscriptions \/ Tarifs - Amicale La\u00efque des Marsauderies","og_description":"Adh\u00e9sion de soutien Il est possible de prendre une adh\u00e9sion de soutien \u00e0 l\u2019Amicale La\u00efque (20\u20ac\/an). Recherche de b\u00e9n\u00e9voles ! L\u2019Amicale recherche des b\u00e9n\u00e9voles pour l\u2019aider \u00e0 fonctionner et faire tourner les activit\u00e9s et les manifestations. Ainsi, n\u2019h\u00e9sitez pas \u00e0 nous proposer votre aide si vous avez un peu de temps, ne serait-ce que pour [&hellip;]","og_url":"https:\/\/al-nanteserdre.org\/alm-wp\/index.php\/inscriptions\/","og_site_name":"Amicale La\u00efque des Marsauderies","article_modified_time":"2025-10-02T18:39:46+00:00","og_image":[{"width":590,"height":229,"url":"https:\/\/al-nanteserdre.org\/alm-wp\/wp-content\/uploads\/2025\/10\/Relance_inscriptions_2025-2026.jpg","type":"image\/jpeg"}],"twitter_card":"summary_large_image","twitter_misc":{"Dur\u00e9e de lecture estim\u00e9e":"4 minutes"},"schema":{"@context":"https:\/\/schema.org","@graph":[{"@type":"WebPage","@id":"https:\/\/al-nanteserdre.org\/alm-wp\/index.php\/inscriptions\/","url":"https:\/\/al-nanteserdre.org\/alm-wp\/index.php\/inscriptions\/","name":"Modalit\u00e9s d'inscriptions \/ Tarifs - Amicale La\u00efque des Marsauderies","isPartOf":{"@id":"https:\/\/al-nanteserdre.org\/alm-wp\/#website"},"primaryImageOfPage":{"@id":"https:\/\/al-nanteserdre.org\/alm-wp\/index.php\/inscriptions\/#primaryimage"},"image":{"@id":"https:\/\/al-nanteserdre.org\/alm-wp\/index.php\/inscriptions\/#primaryimage"},"thumbnailUrl":"https:\/\/al-nanteserdre.org\/alm-wp\/wp-content\/uploads\/2025\/10\/Relance_inscriptions_2025-2026.jpg","datePublished":"2021-05-22T09:15:18+00:00","dateModified":"2025-10-02T18:39:46+00:00","breadcrumb":{"@id":"https:\/\/al-nanteserdre.org\/alm-wp\/index.php\/inscriptions\/#breadcrumb"},"inLanguage":"fr-FR","potentialAction":[{"@type":"ReadAction","target":["https:\/\/al-nanteserdre.org\/alm-wp\/index.php\/inscriptions\/"]}]},{"@type":"ImageObject","inLanguage":"fr-FR","@id":"https:\/\/al-nanteserdre.org\/alm-wp\/index.php\/inscriptions\/#primaryimage","url":"https:\/\/al-nanteserdre.org\/alm-wp\/wp-content\/uploads\/2025\/10\/Relance_inscriptions_2025-2026.jpg","contentUrl":"https:\/\/al-nanteserdre.org\/alm-wp\/wp-content\/uploads\/2025\/10\/Relance_inscriptions_2025-2026.jpg","width":590,"height":229},{"@type":"BreadcrumbList","@id":"https:\/\/al-nanteserdre.org\/alm-wp\/index.php\/inscriptions\/#breadcrumb","itemListElement":[{"@type":"ListItem","position":1,"name":"Accueil","item":"https:\/\/al-nanteserdre.org\/alm-wp\/"},{"@type":"ListItem","position":2,"name":"Modalit\u00e9s d&rsquo;inscriptions \/ Tarifs"}]},{"@type":"WebSite","@id":"https:\/\/al-nanteserdre.org\/alm-wp\/#website","url":"https:\/\/al-nanteserdre.org\/alm-wp\/","name":"Amicale La\u00efque des Marsauderies","description":"Sport pour tous et \u00e9ducation populaire","publisher":{"@id":"https:\/\/al-nanteserdre.org\/alm-wp\/#organization"},"potentialAction":[{"@type":"SearchAction","target":{"@type":"EntryPoint","urlTemplate":"https:\/\/al-nanteserdre.org\/alm-wp\/?s={search_term_string}"},"query-input":{"@type":"PropertyValueSpecification","valueRequired":true,"valueName":"search_term_string"}}],"inLanguage":"fr-FR"},{"@type":"Organization","@id":"https:\/\/al-nanteserdre.org\/alm-wp\/#organization","name":"Amicale Laique des Marsauderies","url":"https:\/\/al-nanteserdre.org\/alm-wp\/","logo":{"@type":"ImageObject","inLanguage":"fr-FR","@id":"https:\/\/al-nanteserdre.org\/alm-wp\/#\/schema\/logo\/image\/","url":"https:\/\/al-nanteserdre.org\/alm-wp\/wp-content\/uploads\/2023\/04\/Logo-UFOLEP.png","contentUrl":"https:\/\/al-nanteserdre.org\/alm-wp\/wp-content\/uploads\/2023\/04\/Logo-UFOLEP.png","width":320,"height":244,"caption":"Amicale Laique des Marsauderies"},"image":{"@id":"https:\/\/al-nanteserdre.org\/alm-wp\/#\/schema\/logo\/image\/"}}]}},"_links":{"self":[{"href":"https:\/\/al-nanteserdre.org\/alm-wp\/index.php\/wp-json\/wp\/v2\/pages\/84","targetHints":{"allow":["GET"]}}],"collection":[{"href":"https:\/\/al-nanteserdre.org\/alm-wp\/index.php\/wp-json\/wp\/v2\/pages"}],"about":[{"href":"https:\/\/al-nanteserdre.org\/alm-wp\/index.php\/wp-json\/wp\/v2\/types\/page"}],"author":[{"embeddable":true,"href":"https:\/\/al-nanteserdre.org\/alm-wp\/index.php\/wp-json\/wp\/v2\/users\/1"}],"replies":[{"embeddable":true,"href":"https:\/\/al-nanteserdre.org\/alm-wp\/index.php\/wp-json\/wp\/v2\/comments?post=84"}],"version-history":[{"count":49,"href":"https:\/\/al-nanteserdre.org\/alm-wp\/index.php\/wp-json\/wp\/v2\/pages\/84\/revisions"}],"predecessor-version":[{"id":3286,"href":"https:\/\/al-nanteserdre.org\/alm-wp\/index.php\/wp-json\/wp\/v2\/pages\/84\/revisions\/3286"}],"wp:attachment":[{"href":"https:\/\/al-nanteserdre.org\/alm-wp\/index.php\/wp-json\/wp\/v2\/media?parent=84"}],"curies":[{"name":"wp","href":"https:\/\/api.w.org\/{rel}","templated":true}]}}