{"id":8,"date":"2021-05-10T22:01:37","date_gmt":"2021-05-10T20:01:37","guid":{"rendered":"https:\/\/al-nanteserdre.org\/alm-wp\/?page_id=8"},"modified":"2021-05-30T19:33:59","modified_gmt":"2021-05-30T17:33:59","slug":"qui-sommes-nous","status":"publish","type":"page","link":"https:\/\/al-nanteserdre.org\/alm-wp\/index.php\/qui-sommes-nous\/","title":{"rendered":"Qui sommes-nous"},"content":{"rendered":"\n<br\/>\n<div class=\"row\">\n\t<div class=\"card-image\" id=\"img_title\">\n        <img decoding=\"async\" src=\"https:\/\/al-nanteserdre.org\/alm-wp\/wp-content\/uploads\/2021\/05\/bureau2.jpg\" alt=\"b\u00e2timent\">\n    <\/div>\n<\/div>\n\n\n\n\n<p class=\"has-text-align-left\"><div class=\"row z-depth-2\">\n\t<div class=\"card-content grey lighten-5\">\n\t\t<p>Partenaire de l&rsquo;\u00c9cole des Marsauderies depuis sa cr\u00e9ation, l\u2019Amicale est un acteur de l\u2019\u00e9conomie sociale et solidaire, solidement implant\u00e9e sur le Quartier Nantes Erdre.<br>Par ses actions sportives, culturelles et citoyennes, elle agit pour l\u2019\u00e9ducation populaire, le bien \u00eatre physique et l\u2019\u00e9ducation citoyenne.<br>Gr\u00e2ce \u00e0 notre F\u00e9d\u00e9ration (UFOLEP), le sport n\u2019est pas un objectif, mais un moyen d\u2019\u00e9veil corporel et de sant\u00e9 physique et mentale.<br>De m\u00eame, les activit\u00e9s culturelles (avec la FAL) offrent une grande diversit\u00e9 d\u2019activit\u00e9s, permettant l&rsquo;\u00e9veil artistique et le renforcement du lien social.<\/p>\n  <\/div>\n<\/div>\n<\/p>\n\n\n\n<h2 class=\"wp-block-heading\">Nos valeurs<\/h2>\n\n\n\n<div class=\"row\">\n\t<div class=\"col s12 m8 l8 offset-m2 offset-l2\">\n\t\t<div class=\"card-panel teal\">\n\t\t\t<p class=\"center\"><strong>Sans \u00e9ducation pas d\u2019avenir !<\/strong><br><br>Ce simple slogan montre la dynamique port\u00e9e par l\u2019Amicale. Permettre \u00e0 des enfants, des jeunes et des adultes d\u2019apprendre et de pratiquer une activit\u00e9 culturelle ou sportive, permet d\u2019apporter \u00e0 chaque personne, la connaissance, la comp\u00e9tence et le lien social dont elle a besoin.<\/p>\n\t\t<\/div>\n\t<\/div>\n <\/div>\n\n\n\n\n<h2 class=\"wp-block-heading\">Un peu d&rsquo;histoire&#8230;<\/h2>\n\n\n\n<p>L\u2019amicale a \u00e9t\u00e9 cr\u00e9\u00e9e le <strong>17 Octobre 1954<\/strong> par les 3 directeurs d\u2019\u00e9cole, un professeur d\u2019\u00e9ducation physique, deux instituteurs, un comptable et un inspecteur de police.<br>Le Conseil Municipal de Nantes d\u00e9cidait, le <strong>9 novembre 1948<\/strong>, de construire l\u2019\u00e9cole publique dont le nouveau quartier du Grand Clos avait besoin. Ouverte \u00e0 la rentr\u00e9e 1953, l\u2019\u00e9cole \u00e9l\u00e9mentaire des Marsauderies a permis la rencontre d\u2019enseignants et de parents d\u2019\u00e9l\u00e8ves qui, avec l\u2019aide de l\u2019Amicale Fran\u00e7ois Dallet-Port Boyer, ont fond\u00e9 <strong>l\u2019Amicale La\u00efque des Marsauderies, n\u00e9e officiellement le 17 octobre 1954<\/strong>.<br>De nombreuses autres personnes, plusieurs g\u00e9n\u00e9rations, se sont mobilis\u00e9es pour l\u2019\u00e9cole d\u00e8s le d\u00e9but pour obtenir la construction des toilettes pour les enfants (!), puis pour l\u2019ach\u00e8vement de la salle Bonnaire obtenu en 1959 dans laquelle l\u2019Amicale a pr\u00e9sent\u00e9 des films le jeudi apr\u00e8s-midi pour les enfants, et le samedi soir pour les adultes jusqu\u2019au d\u00e9but des ann\u00e9es 70, quand la t\u00e9l\u00e9 est entr\u00e9e dans les familles.<br>L\u2019esprit combatif a \u00e9galement \u00e9t\u00e9 n\u00e9cessaire pour obtenir en <strong>1969 la construction du gymnase<\/strong>, suffisamment haut pour y jouer au basket.<br>Depuis les origines, l\u2019Amicale, membre de la FAL44, porte les valeurs de l\u2019\u00e9ducation populaire en proposant des activit\u00e9s sportives et culturelles aux habitants du quartier. Pass\u00e9e d\u2019environ 250 adh\u00e9rents au cours des ann\u00e9es 60 \u00e0 1550 aujourd\u2019hui, l\u2019Amicale offre plus de 20 activit\u00e9s, encadr\u00e9es par des animateurs comp\u00e9tents.<br>Depuis les origines, l\u2019Amicale organise des manifestations festives avec les \u00e9coles maternelle et \u00e9l\u00e9mentaire (pas athl\u00e9tique, f\u00eate de l\u2019\u00e9cole et de l\u2019amicale) et avec les activit\u00e9s (gala de danse, chant choral).<br>Les sections sportives de leur c\u00f4t\u00e9 participent \u00e0 de nombreux tournois, D\u00e9partementaux et Nationaux, dans le cadre de l\u2019UFOLEP.<br>Notre soutien moral et financier \u00e0 l\u2019\u00e9cole publique des Marsauderies a \u00e9t\u00e9 constant.<\/p>\n\n\n\n<h2 class=\"wp-block-heading\">Documents t\u00e9l\u00e9chargeables<\/h2>\n\n\n\n<div class=\"row\">\n    <br><div class=\"col s12 m4 l3\">\n    <a href=\"https:\/\/al-nanteserdre.org\/alm-wp\/wp-content\/uploads\/documents\/Projet_Associatif.pdf\"><span style=\"font-size: 3em; color: #80051B;\"><i class=\"far fa-file-pdf\"><\/i><\/span>\n    <p>Projet associatif<\/p><\/a> \n<\/div>\n  <div class=\"col s12 m4 l3\">\n    <a href=\"https:\/\/al-nanteserdre.org\/alm-wp\/wp-content\/uploads\/documents\/Reglement_interieur.pdf\"><span style=\"font-size: 3em; color: #80051B;\"><i class=\"far fa-file-pdf\"><\/i><\/span>\n    <p>R\u00e8glement int\u00e9rieur<\/p><\/a> \n<\/div>\n<br>\n<\/div>\n\n","protected":false},"excerpt":{"rendered":"<p>Nos valeurs Un peu d&rsquo;histoire&#8230; L\u2019amicale a \u00e9t\u00e9 cr\u00e9\u00e9e le 17 Octobre 1954 par les 3 directeurs d\u2019\u00e9cole, un professeur d\u2019\u00e9ducation physique, deux instituteurs, un comptable et un inspecteur de police.Le Conseil Municipal de Nantes d\u00e9cidait, le 9 novembre 1948, de construire l\u2019\u00e9cole publique dont le nouveau quartier du Grand Clos avait besoin. Ouverte \u00e0 [&hellip;]<\/p>\n","protected":false},"author":1,"featured_media":0,"parent":0,"menu_order":0,"comment_status":"closed","ping_status":"closed","template":"","meta":{"footnotes":""},"class_list":["post-8","page","type-page","status-publish","hentry"],"yoast_head":"<!-- This site is optimized with the Yoast SEO plugin v27.4 - https:\/\/yoast.com\/product\/yoast-seo-wordpress\/ -->\n<title>Qui sommes-nous - Amicale La\u00efque des Marsauderies<\/title>\n<meta name=\"robots\" content=\"index, follow, max-snippet:-1, max-image-preview:large, max-video-preview:-1\" \/>\n<link rel=\"canonical\" href=\"https:\/\/al-nanteserdre.org\/alm-wp\/index.php\/qui-sommes-nous\/\" \/>\n<meta property=\"og:locale\" content=\"fr_FR\" \/>\n<meta property=\"og:type\" content=\"article\" \/>\n<meta property=\"og:title\" content=\"Qui sommes-nous - Amicale La\u00efque des Marsauderies\" \/>\n<meta property=\"og:description\" content=\"Nos valeurs Un peu d&rsquo;histoire&#8230; L\u2019amicale a \u00e9t\u00e9 cr\u00e9\u00e9e le 17 Octobre 1954 par les 3 directeurs d\u2019\u00e9cole, un professeur d\u2019\u00e9ducation physique, deux instituteurs, un comptable et un inspecteur de police.Le Conseil Municipal de Nantes d\u00e9cidait, le 9 novembre 1948, de construire l\u2019\u00e9cole publique dont le nouveau quartier du Grand Clos avait besoin. Ouverte \u00e0 [&hellip;]\" \/>\n<meta property=\"og:url\" content=\"https:\/\/al-nanteserdre.org\/alm-wp\/index.php\/qui-sommes-nous\/\" \/>\n<meta property=\"og:site_name\" content=\"Amicale La\u00efque des Marsauderies\" \/>\n<meta property=\"article:modified_time\" content=\"2021-05-30T17:33:59+00:00\" \/>\n<meta name=\"twitter:card\" content=\"summary_large_image\" \/>\n<meta name=\"twitter:label1\" content=\"Dur\u00e9e de lecture estim\u00e9e\" \/>\n\t<meta name=\"twitter:data1\" content=\"3 minutes\" \/>\n<script type=\"application\/ld+json\" class=\"yoast-schema-graph\">{\"@context\":\"https:\\\/\\\/schema.org\",\"@graph\":[{\"@type\":\"WebPage\",\"@id\":\"https:\\\/\\\/al-nanteserdre.org\\\/alm-wp\\\/index.php\\\/qui-sommes-nous\\\/\",\"url\":\"https:\\\/\\\/al-nanteserdre.org\\\/alm-wp\\\/index.php\\\/qui-sommes-nous\\\/\",\"name\":\"Qui sommes-nous - Amicale La\u00efque des Marsauderies\",\"isPartOf\":{\"@id\":\"https:\\\/\\\/al-nanteserdre.org\\\/alm-wp\\\/#website\"},\"datePublished\":\"2021-05-10T20:01:37+00:00\",\"dateModified\":\"2021-05-30T17:33:59+00:00\",\"breadcrumb\":{\"@id\":\"https:\\\/\\\/al-nanteserdre.org\\\/alm-wp\\\/index.php\\\/qui-sommes-nous\\\/#breadcrumb\"},\"inLanguage\":\"fr-FR\",\"potentialAction\":[{\"@type\":\"ReadAction\",\"target\":[\"https:\\\/\\\/al-nanteserdre.org\\\/alm-wp\\\/index.php\\\/qui-sommes-nous\\\/\"]}]},{\"@type\":\"BreadcrumbList\",\"@id\":\"https:\\\/\\\/al-nanteserdre.org\\\/alm-wp\\\/index.php\\\/qui-sommes-nous\\\/#breadcrumb\",\"itemListElement\":[{\"@type\":\"ListItem\",\"position\":1,\"name\":\"Accueil\",\"item\":\"https:\\\/\\\/al-nanteserdre.org\\\/alm-wp\\\/\"},{\"@type\":\"ListItem\",\"position\":2,\"name\":\"Qui sommes-nous\"}]},{\"@type\":\"WebSite\",\"@id\":\"https:\\\/\\\/al-nanteserdre.org\\\/alm-wp\\\/#website\",\"url\":\"https:\\\/\\\/al-nanteserdre.org\\\/alm-wp\\\/\",\"name\":\"Amicale La\u00efque des Marsauderies\",\"description\":\"Sport pour tous et \u00e9ducation populaire\",\"publisher\":{\"@id\":\"https:\\\/\\\/al-nanteserdre.org\\\/alm-wp\\\/#organization\"},\"potentialAction\":[{\"@type\":\"SearchAction\",\"target\":{\"@type\":\"EntryPoint\",\"urlTemplate\":\"https:\\\/\\\/al-nanteserdre.org\\\/alm-wp\\\/?s={search_term_string}\"},\"query-input\":{\"@type\":\"PropertyValueSpecification\",\"valueRequired\":true,\"valueName\":\"search_term_string\"}}],\"inLanguage\":\"fr-FR\"},{\"@type\":\"Organization\",\"@id\":\"https:\\\/\\\/al-nanteserdre.org\\\/alm-wp\\\/#organization\",\"name\":\"Amicale Laique des Marsauderies\",\"url\":\"https:\\\/\\\/al-nanteserdre.org\\\/alm-wp\\\/\",\"logo\":{\"@type\":\"ImageObject\",\"inLanguage\":\"fr-FR\",\"@id\":\"https:\\\/\\\/al-nanteserdre.org\\\/alm-wp\\\/#\\\/schema\\\/logo\\\/image\\\/\",\"url\":\"https:\\\/\\\/al-nanteserdre.org\\\/alm-wp\\\/wp-content\\\/uploads\\\/2023\\\/04\\\/Logo-UFOLEP.png\",\"contentUrl\":\"https:\\\/\\\/al-nanteserdre.org\\\/alm-wp\\\/wp-content\\\/uploads\\\/2023\\\/04\\\/Logo-UFOLEP.png\",\"width\":320,\"height\":244,\"caption\":\"Amicale Laique des Marsauderies\"},\"image\":{\"@id\":\"https:\\\/\\\/al-nanteserdre.org\\\/alm-wp\\\/#\\\/schema\\\/logo\\\/image\\\/\"}}]}<\/script>\n<!-- \/ Yoast SEO plugin. -->","yoast_head_json":{"title":"Qui sommes-nous - Amicale La\u00efque des Marsauderies","robots":{"index":"index","follow":"follow","max-snippet":"max-snippet:-1","max-image-preview":"max-image-preview:large","max-video-preview":"max-video-preview:-1"},"canonical":"https:\/\/al-nanteserdre.org\/alm-wp\/index.php\/qui-sommes-nous\/","og_locale":"fr_FR","og_type":"article","og_title":"Qui sommes-nous - Amicale La\u00efque des Marsauderies","og_description":"Nos valeurs Un peu d&rsquo;histoire&#8230; L\u2019amicale a \u00e9t\u00e9 cr\u00e9\u00e9e le 17 Octobre 1954 par les 3 directeurs d\u2019\u00e9cole, un professeur d\u2019\u00e9ducation physique, deux instituteurs, un comptable et un inspecteur de police.Le Conseil Municipal de Nantes d\u00e9cidait, le 9 novembre 1948, de construire l\u2019\u00e9cole publique dont le nouveau quartier du Grand Clos avait besoin. Ouverte \u00e0 [&hellip;]","og_url":"https:\/\/al-nanteserdre.org\/alm-wp\/index.php\/qui-sommes-nous\/","og_site_name":"Amicale La\u00efque des Marsauderies","article_modified_time":"2021-05-30T17:33:59+00:00","twitter_card":"summary_large_image","twitter_misc":{"Dur\u00e9e de lecture estim\u00e9e":"3 minutes"},"schema":{"@context":"https:\/\/schema.org","@graph":[{"@type":"WebPage","@id":"https:\/\/al-nanteserdre.org\/alm-wp\/index.php\/qui-sommes-nous\/","url":"https:\/\/al-nanteserdre.org\/alm-wp\/index.php\/qui-sommes-nous\/","name":"Qui sommes-nous - Amicale La\u00efque des Marsauderies","isPartOf":{"@id":"https:\/\/al-nanteserdre.org\/alm-wp\/#website"},"datePublished":"2021-05-10T20:01:37+00:00","dateModified":"2021-05-30T17:33:59+00:00","breadcrumb":{"@id":"https:\/\/al-nanteserdre.org\/alm-wp\/index.php\/qui-sommes-nous\/#breadcrumb"},"inLanguage":"fr-FR","potentialAction":[{"@type":"ReadAction","target":["https:\/\/al-nanteserdre.org\/alm-wp\/index.php\/qui-sommes-nous\/"]}]},{"@type":"BreadcrumbList","@id":"https:\/\/al-nanteserdre.org\/alm-wp\/index.php\/qui-sommes-nous\/#breadcrumb","itemListElement":[{"@type":"ListItem","position":1,"name":"Accueil","item":"https:\/\/al-nanteserdre.org\/alm-wp\/"},{"@type":"ListItem","position":2,"name":"Qui sommes-nous"}]},{"@type":"WebSite","@id":"https:\/\/al-nanteserdre.org\/alm-wp\/#website","url":"https:\/\/al-nanteserdre.org\/alm-wp\/","name":"Amicale La\u00efque des Marsauderies","description":"Sport pour tous et \u00e9ducation populaire","publisher":{"@id":"https:\/\/al-nanteserdre.org\/alm-wp\/#organization"},"potentialAction":[{"@type":"SearchAction","target":{"@type":"EntryPoint","urlTemplate":"https:\/\/al-nanteserdre.org\/alm-wp\/?s={search_term_string}"},"query-input":{"@type":"PropertyValueSpecification","valueRequired":true,"valueName":"search_term_string"}}],"inLanguage":"fr-FR"},{"@type":"Organization","@id":"https:\/\/al-nanteserdre.org\/alm-wp\/#organization","name":"Amicale Laique des Marsauderies","url":"https:\/\/al-nanteserdre.org\/alm-wp\/","logo":{"@type":"ImageObject","inLanguage":"fr-FR","@id":"https:\/\/al-nanteserdre.org\/alm-wp\/#\/schema\/logo\/image\/","url":"https:\/\/al-nanteserdre.org\/alm-wp\/wp-content\/uploads\/2023\/04\/Logo-UFOLEP.png","contentUrl":"https:\/\/al-nanteserdre.org\/alm-wp\/wp-content\/uploads\/2023\/04\/Logo-UFOLEP.png","width":320,"height":244,"caption":"Amicale Laique des Marsauderies"},"image":{"@id":"https:\/\/al-nanteserdre.org\/alm-wp\/#\/schema\/logo\/image\/"}}]}},"_links":{"self":[{"href":"https:\/\/al-nanteserdre.org\/alm-wp\/index.php\/wp-json\/wp\/v2\/pages\/8","targetHints":{"allow":["GET"]}}],"collection":[{"href":"https:\/\/al-nanteserdre.org\/alm-wp\/index.php\/wp-json\/wp\/v2\/pages"}],"about":[{"href":"https:\/\/al-nanteserdre.org\/alm-wp\/index.php\/wp-json\/wp\/v2\/types\/page"}],"author":[{"embeddable":true,"href":"https:\/\/al-nanteserdre.org\/alm-wp\/index.php\/wp-json\/wp\/v2\/users\/1"}],"replies":[{"embeddable":true,"href":"https:\/\/al-nanteserdre.org\/alm-wp\/index.php\/wp-json\/wp\/v2\/comments?post=8"}],"version-history":[{"count":30,"href":"https:\/\/al-nanteserdre.org\/alm-wp\/index.php\/wp-json\/wp\/v2\/pages\/8\/revisions"}],"predecessor-version":[{"id":2366,"href":"https:\/\/al-nanteserdre.org\/alm-wp\/index.php\/wp-json\/wp\/v2\/pages\/8\/revisions\/2366"}],"wp:attachment":[{"href":"https:\/\/al-nanteserdre.org\/alm-wp\/index.php\/wp-json\/wp\/v2\/media?parent=8"}],"curies":[{"name":"wp","href":"https:\/\/api.w.org\/{rel}","templated":true}]}}