{"id":51,"date":"2021-05-13T16:50:39","date_gmt":"2021-05-13T14:50:39","guid":{"rendered":"https:\/\/al-nanteserdre.org\/alm-wp\/?page_id=51"},"modified":"2023-09-28T20:16:11","modified_gmt":"2023-09-28T18:16:11","slug":"anglais-perfectionnement","status":"publish","type":"page","link":"https:\/\/al-nanteserdre.org\/alm-wp\/index.php\/anglais-perfectionnement\/","title":{"rendered":"Anglais Perfectionnement"},"content":{"rendered":"\n<br\/>\n<div class=\"row\">\n\t<div class=\"card-image\" id=\"img_title\">\n        <img decoding=\"async\" src=\"https:\/\/al-nanteserdre.org\/alm-wp\/wp-content\/uploads\/2021\/05\/anglais_tableau.jpg\" alt=\"photo cours d'anglais\">\n    <\/div>\n<\/div>\n\n\n\n\n<div class=\"row z-depth-2\">\n\t<div class=\"card-content grey lighten-5\">\n\t\t<p>Perfectionnement \u00e0 l&rsquo;anglais dirig\u00e9 par un professeur anglophone.<\/p>\n  <\/div>\n<\/div>\n\n\n\n\n<h2 class=\"wp-block-heading\">Organisation<\/h2>\n\n\n\n<p>L\u2019objectif de l\u2019activit\u00e9 est d\u2019acqu\u00e9rir une autonomie dans la langue anglaise, de prendre de l\u2019assurance pour vous exprimer et d\u2019augmenter votre connaissance de la culture anglophone, le tout dans une atmosph\u00e8re conviviale piment\u00e9e par un peu d\u2019humour \u00ab&nbsp;<strong><em>so British<\/em><\/strong>&nbsp;\u00bb.<\/p>\n\n\n\n<p><a href=\"https:\/\/al-nanteserdre.org\/alm-wp\/wp-content\/uploads\/documents\/Questionnaire-anglais.pdf\"><\/a>Les s\u00e9ances sont divis\u00e9es en 4 groupes de niveaux diff\u00e9rents, allant du niveau 1 (le plus faible) au niveau 4&nbsp;(le plus fort). Pour d\u00e9terminer votre niveau avant l\u2019inscription, il vous suffit de t\u00e9l\u00e9charger notre petit test d\u2019anglais (avec son corrig\u00e9) et de faire le test pour mieux vous situer dans les groupes.<\/p>\n\n\n\n<p>Nous ne sommes pas en mesure d\u2019accueillir les personnes n\u2019ayant aucune connaissance en anglais.<\/p>\n\n\n\n<p>Chargez le test d&rsquo;anglais, cliquez sur l&rsquo;ic\u00f4ne <a rel=\"noreferrer noopener\" href=\"https:\/\/al-nanteserdre.org\/alm-wp\/wp-content\/uploads\/documents\/Questionnaire-anglais.pdf\" data-type=\"URL\" data-id=\"https:\/\/al-nanteserdre.org\/alm-wp\/wp-content\/uploads\/documents\/Questionnaire-anglais.pdf\" target=\"_blank\"><img loading=\"lazy\" decoding=\"async\" width=\"35\" height=\"35\" class=\"wp-image-2431\" style=\"width: 35px;\" src=\"https:\/\/al-nanteserdre.org\/alm-wp\/wp-content\/uploads\/2021\/07\/pdf_35.png\" alt=\"\"><\/a><\/p>\n\n\n\n<h2 class=\"wp-block-heading\">Horaires<\/h2>\n\n\n\n<p><strong>&nbsp;Saison 2025 \/ 2026<\/strong><\/p>\r\n\r\n<table border=\"1\" cellpadding=\"1\" cellspacing=\"1\" style=\"height:109px; width:319px\">\r\n\t<tbody>\r\n\t\t<tr>\r\n\t\t\t<td><strong>Lundi&nbsp; <\/strong><\/td>\r\n\t\t\t<td>Groupe 4<\/td>\r\n\t\t\t<td>19H00 \/ 20H15<\/td>\r\n\t\t<\/tr>\r\n\t\t<tr>\r\n\t\t\t<td><strong>Lundi&nbsp; <\/strong><\/td>\r\n\t\t\t<td>Groupe 1<\/td>\r\n\t\t\t<td>20H30 \/ 21H45<\/td>\r\n\t\t<\/tr>\r\n\t\t<tr>\r\n\t\t\t<td><strong>Mardi&nbsp; <\/strong><\/td>\r\n\t\t\t<td>Groupe 3<\/td>\r\n\t\t\t<td>19H00 \/ 20H15<\/td>\r\n\t\t<\/tr>\r\n\t\t<tr>\r\n\t\t\t<td><strong>Mardi&nbsp; <\/strong><\/td>\r\n\t\t\t<td>Groupe 2<\/td>\r\n\t\t\t<td>20H30 \/ 21H45<\/td>\r\n\t\t<\/tr>\r\n\t<\/tbody>\r\n<\/table>\r\n\r\n<p>&nbsp;<\/p>\n\n\n\n<h2 class=\"wp-block-heading\">Cotisation annuelle<\/h2>\n\n\n\n<p><strong>Saison 2025 \/ 2026<\/strong><\/p>\r\n\r\n<p><span style=\"color:#000000\">S&eacute;ance hebdomadaire pen<\/span><span style=\"color:#000000\">dant les p&eacute;riodes scolaires<\/span><\/p>\r\n\r\n<table border=\"1\" cellpadding=\"1\" cellspacing=\"1\" style=\"height:30px; width:204px\">\r\n\t<tbody>\r\n\t\t<tr>\r\n\t\t\t<td><span style=\"color:#000000\">S&eacute;ance de<\/span><\/td>\r\n\t\t\t<td><span style=\"color:#000000\">1 h 15<\/span><\/td>\r\n\t\t\t<td><strong>199 &euro;<\/strong><\/td>\r\n\t\t<\/tr>\r\n\t<\/tbody>\r\n<\/table>\r\n\r\n<p>&nbsp;<\/p>\n\n\n\n<h2 class=\"wp-block-heading\">Lieux de pratique<\/h2>\n\n\n\n\t<p><\/p>\r\n\t<div id=\"osm-map\" style=\"width: 100%; height: 400px;\">&nbsp;<\/div>\r\n\t<script src=\"https:\/\/unpkg.com\/leaflet@1.6.0\/dist\/leaflet.js\"><\/script>\r\n\t<link href=\"https:\/\/unpkg.com\/leaflet@1.6.0\/dist\/leaflet.css\" rel=\"stylesheet\"\/>\r\n\t<script type=\"text\/javascript\">\r\n\t\tvar villes = {\"Ecole El&eacute;mentaire des  Marsauderies\":{\"lat\":\"47.243594\",\"lon\":\"-1.529367\"}};\r\n\t\tvar lat = 47.243594;\r\n        var lon = -1.529367;\r\n\t\t\r\n\t\tvar element = document.getElementById('osm-map');\r\n\t\t\/\/ Create Leaflet map on map element.\r\n\t\tvar map = L.map(element);\r\n\r\n\t\tL.tileLayer('http:\/\/{s}.tile.osm.org\/{z}\/{x}\/{y}.png', {\r\n\t\t\tattribution: '&copy; <a href=\"http:\/\/osm.org\/copyright\">OpenStreetMap<\/a> contributors'\r\n\t\t}).addTo(map);\r\n\t\t\r\n\t\tfor (ville in villes) {\r\n\t\t\tvar target = L.latLng([villes[ville].lat, villes[ville].lon]);\r\n\t\t\tL.marker(target).addTo(map);\r\n\t\t} \t\t\r\n\t\t\/\/ Target's GPS coordinates.\r\n\t\tvar target = L.latLng(lat, lon);\r\n\r\n\t\t\/\/ Set map's center to target with zoom 14.\r\n\t\tmap.setView(target, 15);\r\n\t<\/script>\r\n\t\n","protected":false},"excerpt":{"rendered":"<p>Organisation L\u2019objectif de l\u2019activit\u00e9 est d\u2019acqu\u00e9rir une autonomie dans la langue anglaise, de prendre de l\u2019assurance pour vous exprimer et d\u2019augmenter votre connaissance de la culture anglophone, le tout dans une atmosph\u00e8re conviviale piment\u00e9e par un peu d\u2019humour \u00ab&nbsp;so British&nbsp;\u00bb. Les s\u00e9ances sont divis\u00e9es en 4 groupes de niveaux diff\u00e9rents, allant du niveau 1 (le [&hellip;]<\/p>\n","protected":false},"author":1,"featured_media":0,"parent":0,"menu_order":0,"comment_status":"closed","ping_status":"closed","template":"","meta":{"footnotes":""},"class_list":["post-51","page","type-page","status-publish","hentry"],"yoast_head":"<!-- This site is optimized with the Yoast SEO plugin v27.4 - https:\/\/yoast.com\/product\/yoast-seo-wordpress\/ -->\n<title>Anglais Perfectionnement - Amicale La\u00efque des Marsauderies<\/title>\n<meta name=\"robots\" content=\"index, follow, max-snippet:-1, max-image-preview:large, max-video-preview:-1\" \/>\n<link rel=\"canonical\" href=\"https:\/\/al-nanteserdre.org\/alm-wp\/index.php\/anglais-perfectionnement\/\" \/>\n<meta property=\"og:locale\" content=\"fr_FR\" \/>\n<meta property=\"og:type\" content=\"article\" \/>\n<meta property=\"og:title\" content=\"Anglais Perfectionnement - Amicale La\u00efque des Marsauderies\" \/>\n<meta property=\"og:description\" content=\"Organisation L\u2019objectif de l\u2019activit\u00e9 est d\u2019acqu\u00e9rir une autonomie dans la langue anglaise, de prendre de l\u2019assurance pour vous exprimer et d\u2019augmenter votre connaissance de la culture anglophone, le tout dans une atmosph\u00e8re conviviale piment\u00e9e par un peu d\u2019humour \u00ab&nbsp;so British&nbsp;\u00bb. Les s\u00e9ances sont divis\u00e9es en 4 groupes de niveaux diff\u00e9rents, allant du niveau 1 (le [&hellip;]\" \/>\n<meta property=\"og:url\" content=\"https:\/\/al-nanteserdre.org\/alm-wp\/index.php\/anglais-perfectionnement\/\" \/>\n<meta property=\"og:site_name\" content=\"Amicale La\u00efque des Marsauderies\" \/>\n<meta property=\"article:modified_time\" content=\"2023-09-28T18:16:11+00:00\" \/>\n<meta property=\"og:image\" content=\"https:\/\/al-nanteserdre.org\/alm-wp\/wp-content\/uploads\/2021\/07\/pdf_35.png\" \/>\n<meta name=\"twitter:card\" content=\"summary_large_image\" \/>\n<meta name=\"twitter:label1\" content=\"Dur\u00e9e de lecture estim\u00e9e\" \/>\n\t<meta name=\"twitter:data1\" content=\"1 minute\" \/>\n<script type=\"application\/ld+json\" class=\"yoast-schema-graph\">{\"@context\":\"https:\\\/\\\/schema.org\",\"@graph\":[{\"@type\":\"WebPage\",\"@id\":\"https:\\\/\\\/al-nanteserdre.org\\\/alm-wp\\\/index.php\\\/anglais-perfectionnement\\\/\",\"url\":\"https:\\\/\\\/al-nanteserdre.org\\\/alm-wp\\\/index.php\\\/anglais-perfectionnement\\\/\",\"name\":\"Anglais Perfectionnement - Amicale La\u00efque des Marsauderies\",\"isPartOf\":{\"@id\":\"https:\\\/\\\/al-nanteserdre.org\\\/alm-wp\\\/#website\"},\"primaryImageOfPage\":{\"@id\":\"https:\\\/\\\/al-nanteserdre.org\\\/alm-wp\\\/index.php\\\/anglais-perfectionnement\\\/#primaryimage\"},\"image\":{\"@id\":\"https:\\\/\\\/al-nanteserdre.org\\\/alm-wp\\\/index.php\\\/anglais-perfectionnement\\\/#primaryimage\"},\"thumbnailUrl\":\"https:\\\/\\\/al-nanteserdre.org\\\/alm-wp\\\/wp-content\\\/uploads\\\/2021\\\/07\\\/pdf_35.png\",\"datePublished\":\"2021-05-13T14:50:39+00:00\",\"dateModified\":\"2023-09-28T18:16:11+00:00\",\"breadcrumb\":{\"@id\":\"https:\\\/\\\/al-nanteserdre.org\\\/alm-wp\\\/index.php\\\/anglais-perfectionnement\\\/#breadcrumb\"},\"inLanguage\":\"fr-FR\",\"potentialAction\":[{\"@type\":\"ReadAction\",\"target\":[\"https:\\\/\\\/al-nanteserdre.org\\\/alm-wp\\\/index.php\\\/anglais-perfectionnement\\\/\"]}]},{\"@type\":\"ImageObject\",\"inLanguage\":\"fr-FR\",\"@id\":\"https:\\\/\\\/al-nanteserdre.org\\\/alm-wp\\\/index.php\\\/anglais-perfectionnement\\\/#primaryimage\",\"url\":\"https:\\\/\\\/al-nanteserdre.org\\\/alm-wp\\\/wp-content\\\/uploads\\\/2021\\\/07\\\/pdf_35.png\",\"contentUrl\":\"https:\\\/\\\/al-nanteserdre.org\\\/alm-wp\\\/wp-content\\\/uploads\\\/2021\\\/07\\\/pdf_35.png\",\"width\":35,\"height\":35},{\"@type\":\"BreadcrumbList\",\"@id\":\"https:\\\/\\\/al-nanteserdre.org\\\/alm-wp\\\/index.php\\\/anglais-perfectionnement\\\/#breadcrumb\",\"itemListElement\":[{\"@type\":\"ListItem\",\"position\":1,\"name\":\"Accueil\",\"item\":\"https:\\\/\\\/al-nanteserdre.org\\\/alm-wp\\\/\"},{\"@type\":\"ListItem\",\"position\":2,\"name\":\"Anglais Perfectionnement\"}]},{\"@type\":\"WebSite\",\"@id\":\"https:\\\/\\\/al-nanteserdre.org\\\/alm-wp\\\/#website\",\"url\":\"https:\\\/\\\/al-nanteserdre.org\\\/alm-wp\\\/\",\"name\":\"Amicale La\u00efque des Marsauderies\",\"description\":\"Sport pour tous et \u00e9ducation populaire\",\"publisher\":{\"@id\":\"https:\\\/\\\/al-nanteserdre.org\\\/alm-wp\\\/#organization\"},\"potentialAction\":[{\"@type\":\"SearchAction\",\"target\":{\"@type\":\"EntryPoint\",\"urlTemplate\":\"https:\\\/\\\/al-nanteserdre.org\\\/alm-wp\\\/?s={search_term_string}\"},\"query-input\":{\"@type\":\"PropertyValueSpecification\",\"valueRequired\":true,\"valueName\":\"search_term_string\"}}],\"inLanguage\":\"fr-FR\"},{\"@type\":\"Organization\",\"@id\":\"https:\\\/\\\/al-nanteserdre.org\\\/alm-wp\\\/#organization\",\"name\":\"Amicale Laique des Marsauderies\",\"url\":\"https:\\\/\\\/al-nanteserdre.org\\\/alm-wp\\\/\",\"logo\":{\"@type\":\"ImageObject\",\"inLanguage\":\"fr-FR\",\"@id\":\"https:\\\/\\\/al-nanteserdre.org\\\/alm-wp\\\/#\\\/schema\\\/logo\\\/image\\\/\",\"url\":\"https:\\\/\\\/al-nanteserdre.org\\\/alm-wp\\\/wp-content\\\/uploads\\\/2023\\\/04\\\/Logo-UFOLEP.png\",\"contentUrl\":\"https:\\\/\\\/al-nanteserdre.org\\\/alm-wp\\\/wp-content\\\/uploads\\\/2023\\\/04\\\/Logo-UFOLEP.png\",\"width\":320,\"height\":244,\"caption\":\"Amicale Laique des Marsauderies\"},\"image\":{\"@id\":\"https:\\\/\\\/al-nanteserdre.org\\\/alm-wp\\\/#\\\/schema\\\/logo\\\/image\\\/\"}}]}<\/script>\n<!-- \/ Yoast SEO plugin. -->","yoast_head_json":{"title":"Anglais Perfectionnement - Amicale La\u00efque des Marsauderies","robots":{"index":"index","follow":"follow","max-snippet":"max-snippet:-1","max-image-preview":"max-image-preview:large","max-video-preview":"max-video-preview:-1"},"canonical":"https:\/\/al-nanteserdre.org\/alm-wp\/index.php\/anglais-perfectionnement\/","og_locale":"fr_FR","og_type":"article","og_title":"Anglais Perfectionnement - Amicale La\u00efque des Marsauderies","og_description":"Organisation L\u2019objectif de l\u2019activit\u00e9 est d\u2019acqu\u00e9rir une autonomie dans la langue anglaise, de prendre de l\u2019assurance pour vous exprimer et d\u2019augmenter votre connaissance de la culture anglophone, le tout dans une atmosph\u00e8re conviviale piment\u00e9e par un peu d\u2019humour \u00ab&nbsp;so British&nbsp;\u00bb. Les s\u00e9ances sont divis\u00e9es en 4 groupes de niveaux diff\u00e9rents, allant du niveau 1 (le [&hellip;]","og_url":"https:\/\/al-nanteserdre.org\/alm-wp\/index.php\/anglais-perfectionnement\/","og_site_name":"Amicale La\u00efque des Marsauderies","article_modified_time":"2023-09-28T18:16:11+00:00","og_image":[{"url":"https:\/\/al-nanteserdre.org\/alm-wp\/wp-content\/uploads\/2021\/07\/pdf_35.png","type":"","width":"","height":""}],"twitter_card":"summary_large_image","twitter_misc":{"Dur\u00e9e de lecture estim\u00e9e":"1 minute"},"schema":{"@context":"https:\/\/schema.org","@graph":[{"@type":"WebPage","@id":"https:\/\/al-nanteserdre.org\/alm-wp\/index.php\/anglais-perfectionnement\/","url":"https:\/\/al-nanteserdre.org\/alm-wp\/index.php\/anglais-perfectionnement\/","name":"Anglais Perfectionnement - Amicale La\u00efque des Marsauderies","isPartOf":{"@id":"https:\/\/al-nanteserdre.org\/alm-wp\/#website"},"primaryImageOfPage":{"@id":"https:\/\/al-nanteserdre.org\/alm-wp\/index.php\/anglais-perfectionnement\/#primaryimage"},"image":{"@id":"https:\/\/al-nanteserdre.org\/alm-wp\/index.php\/anglais-perfectionnement\/#primaryimage"},"thumbnailUrl":"https:\/\/al-nanteserdre.org\/alm-wp\/wp-content\/uploads\/2021\/07\/pdf_35.png","datePublished":"2021-05-13T14:50:39+00:00","dateModified":"2023-09-28T18:16:11+00:00","breadcrumb":{"@id":"https:\/\/al-nanteserdre.org\/alm-wp\/index.php\/anglais-perfectionnement\/#breadcrumb"},"inLanguage":"fr-FR","potentialAction":[{"@type":"ReadAction","target":["https:\/\/al-nanteserdre.org\/alm-wp\/index.php\/anglais-perfectionnement\/"]}]},{"@type":"ImageObject","inLanguage":"fr-FR","@id":"https:\/\/al-nanteserdre.org\/alm-wp\/index.php\/anglais-perfectionnement\/#primaryimage","url":"https:\/\/al-nanteserdre.org\/alm-wp\/wp-content\/uploads\/2021\/07\/pdf_35.png","contentUrl":"https:\/\/al-nanteserdre.org\/alm-wp\/wp-content\/uploads\/2021\/07\/pdf_35.png","width":35,"height":35},{"@type":"BreadcrumbList","@id":"https:\/\/al-nanteserdre.org\/alm-wp\/index.php\/anglais-perfectionnement\/#breadcrumb","itemListElement":[{"@type":"ListItem","position":1,"name":"Accueil","item":"https:\/\/al-nanteserdre.org\/alm-wp\/"},{"@type":"ListItem","position":2,"name":"Anglais Perfectionnement"}]},{"@type":"WebSite","@id":"https:\/\/al-nanteserdre.org\/alm-wp\/#website","url":"https:\/\/al-nanteserdre.org\/alm-wp\/","name":"Amicale La\u00efque des Marsauderies","description":"Sport pour tous et \u00e9ducation populaire","publisher":{"@id":"https:\/\/al-nanteserdre.org\/alm-wp\/#organization"},"potentialAction":[{"@type":"SearchAction","target":{"@type":"EntryPoint","urlTemplate":"https:\/\/al-nanteserdre.org\/alm-wp\/?s={search_term_string}"},"query-input":{"@type":"PropertyValueSpecification","valueRequired":true,"valueName":"search_term_string"}}],"inLanguage":"fr-FR"},{"@type":"Organization","@id":"https:\/\/al-nanteserdre.org\/alm-wp\/#organization","name":"Amicale Laique des Marsauderies","url":"https:\/\/al-nanteserdre.org\/alm-wp\/","logo":{"@type":"ImageObject","inLanguage":"fr-FR","@id":"https:\/\/al-nanteserdre.org\/alm-wp\/#\/schema\/logo\/image\/","url":"https:\/\/al-nanteserdre.org\/alm-wp\/wp-content\/uploads\/2023\/04\/Logo-UFOLEP.png","contentUrl":"https:\/\/al-nanteserdre.org\/alm-wp\/wp-content\/uploads\/2023\/04\/Logo-UFOLEP.png","width":320,"height":244,"caption":"Amicale Laique des Marsauderies"},"image":{"@id":"https:\/\/al-nanteserdre.org\/alm-wp\/#\/schema\/logo\/image\/"}}]}},"_links":{"self":[{"href":"https:\/\/al-nanteserdre.org\/alm-wp\/index.php\/wp-json\/wp\/v2\/pages\/51","targetHints":{"allow":["GET"]}}],"collection":[{"href":"https:\/\/al-nanteserdre.org\/alm-wp\/index.php\/wp-json\/wp\/v2\/pages"}],"about":[{"href":"https:\/\/al-nanteserdre.org\/alm-wp\/index.php\/wp-json\/wp\/v2\/types\/page"}],"author":[{"embeddable":true,"href":"https:\/\/al-nanteserdre.org\/alm-wp\/index.php\/wp-json\/wp\/v2\/users\/1"}],"replies":[{"embeddable":true,"href":"https:\/\/al-nanteserdre.org\/alm-wp\/index.php\/wp-json\/wp\/v2\/comments?post=51"}],"version-history":[{"count":9,"href":"https:\/\/al-nanteserdre.org\/alm-wp\/index.php\/wp-json\/wp\/v2\/pages\/51\/revisions"}],"predecessor-version":[{"id":2870,"href":"https:\/\/al-nanteserdre.org\/alm-wp\/index.php\/wp-json\/wp\/v2\/pages\/51\/revisions\/2870"}],"wp:attachment":[{"href":"https:\/\/al-nanteserdre.org\/alm-wp\/index.php\/wp-json\/wp\/v2\/media?parent=51"}],"curies":[{"name":"wp","href":"https:\/\/api.w.org\/{rel}","templated":true}]}}