{"id":44,"date":"2021-05-13T14:36:14","date_gmt":"2021-05-13T12:36:14","guid":{"rendered":"https:\/\/al-nanteserdre.org\/alm-wp\/?page_id=44"},"modified":"2021-05-15T19:18:26","modified_gmt":"2021-05-15T17:18:26","slug":"mentions","status":"publish","type":"page","link":"https:\/\/al-nanteserdre.org\/alm-wp\/index.php\/mentions\/","title":{"rendered":"Mentions l\u00e9gales"},"content":{"rendered":"\n<p>Conform\u00e9ment aux dispositions de la loi n\u00b0 2004-575 du 21 juin 2004 pour la confiance en l\u2019\u00e9conomie num\u00e9rique, il est pr\u00e9cis\u00e9 aux utilisateurs du site <a href=\"file:\/\/\/D:\/Projets\/ALM\/site\/mentions.html#\">al-nanteserdre.org<\/a> l\u2019identit\u00e9 des diff\u00e9rents intervenants dans le cadre de sa r\u00e9alisation et de son suivi.<\/p>\n\n\n\n<h2 class=\"wp-block-heading\">Edition du site<\/h2>\n\n\n\n<p>Le site <a href=\"file:\/\/\/D:\/Projets\/ALM\/site\/mentions.html#\">al-nanteserdre.org<\/a> est \u00e9dit\u00e9 par l&rsquo;Amicale la\u00efque des Marsauderies, dont le si\u00e8ge social est situ\u00e9 3 rue de Koufra, 44300 Nantes, t\u00e9l\u00e9phone : 02 40 50 08 10.<\/p>\n\n\n\n<h2 class=\"wp-block-heading\">Responsables de publication<\/h2>\n\n\n\n<p>Yves Pouzain, directeur, et Nicole Janan, directrice de publication, co-pr\u00e9sidents de l&rsquo;Amicale la\u00efque des Marsauderies.<\/p>\n\n\n\n<h2 class=\"wp-block-heading\">H\u00e9bergeur<\/h2>\n\n\n\n<p>Le site <a href=\"file:\/\/\/D:\/Projets\/ALM\/site\/mentions.html#\">al-nanteserdre.org<\/a> est h\u00e9berg\u00e9 par 1&amp;1 Internet SARL, dont le si\u00e8ge social est : 7 place de la gare &#8211; BP 70109 &#8211; 57200 SARREGUEMINES Cedex.<\/p>\n\n\n\n<h2 class=\"wp-block-heading\">Nous contacter<\/h2>\n\n\n\n<p>Vous pouvez nous \u00e9crire \u00e0 l&rsquo;adresse <a href=\"mailto:amicale.laique@marsauderies.fr\" target=\"_blank\" rel=\"noreferrer noopener\">amicale.laique@marsauderies.fr<\/a><\/p>\n\n\n\n<h2 class=\"wp-block-heading\">Donn\u00e9es personnelles<\/h2>\n\n\n\n<p><strong>Identit\u00e9 du responsable du fichier<\/strong> : Philippe DAZAS.<br><strong>Finalit\u00e9 du traitement et modalit\u00e9s d\u2019utilisation<\/strong> : informer sur la publication d&rsquo;un nouveau contenu sur le site internet <a href=\"file:\/\/\/D:\/Projets\/ALM\/site\/mentions.html#\">al-nanteserdre.org<\/a>.<br>Les utilisateurs\u00b7trices, ayant consenti \u00e0 la collecte de leurs donn\u00e9es personnelles, ont un droit d\u2019acc\u00e8s, de rectification et de retrait de leurs donn\u00e9es personnelles.<\/p>\n\n\n\n<h2 class=\"wp-block-heading\">Cr\u00e9dits d&rsquo;image<\/h2>\n\n\n\n<p>Le site de l&rsquo;Amicale la\u00efque des Marsauderies utilise ses propres photos ou des photos libres de droit :<\/p>\n\n\n\n<div class=\"wp-block-group\"><div class=\"wp-block-group__inner-container is-layout-flow wp-block-group-is-layout-flow\">\n<figure class=\"wp-block-table\"><table><tbody><tr><td><em><span style=\"text-decoration: underline;\">Photos propri\u00e9taires<\/span><br>Photo P\u00f4le Associatif by ALM<br>Photo Danse by ALM<br>Photo Tir \u00e0 l&rsquo;arc by ALM<\/em><br><br><br><br><br><br><br><br><br><br><br><br><\/td><td><em><span style=\"text-decoration: underline;\">Photos libres de droit<\/span><br>Photo gymnase by <a rel=\"noreferrer noopener\" href=\"https:\/\/pixabay.com\/users\/hpgruesen-2204343\/?utm_source=link-attribution&amp;utm_medium=referral&amp;utm_campaign=image&amp;utm_content=1948912\" target=\"_blank\">Erich Westendarp<\/a> from <a rel=\"noreferrer noopener\" href=\"https:\/\/pixabay.com\/?utm_source=link-attribution&amp;utm_medium=referral&amp;utm_campaign=image&amp;utm_content=1948912\" target=\"_blank\">Pixabay<\/a><br>Photo adultes yoga by <a rel=\"noreferrer noopener\" href=\"https:\/\/www.pexels.com\/fr-fr\/@marcus-aurelius?utm_content=attributionCopyText&amp;utm_medium=referral&amp;utm_source=pexels\" target=\"_blank\">Marcus Aurelius<\/a> from <a rel=\"noreferrer noopener\" href=\"https:\/\/www.pexels.com\/fr-fr\/photo\/sain-homme-couple-amour-6787440\/?utm_content=attributionCopyText&amp;utm_medium=referral&amp;utm_source=pexels\" target=\"_blank\">Pexels<\/a><br>Photo sport enfants by <a rel=\"noreferrer noopener\" href=\"https:\/\/www.pexels.com\/fr-fr\/@goumbik?utm_content=attributionCopyText&amp;utm_medium=referral&amp;utm_source=pexels\" target=\"_blank\">Lukas<\/a> from <a rel=\"noreferrer noopener\" href=\"https:\/\/www.pexels.com\/fr-fr\/photo\/team-building-pour-les-enfants-sur-la-prairie-verte-296301\/?utm_content=attributionCopyText&amp;utm_medium=referral&amp;utm_source=pexels\" target=\"_blank\">Pexels<\/a><br>Photos homme qui dessine, culture enfants, tennis by <a rel=\"noreferrer noopener\" href=\"https:\/\/www.pexels.com\/fr-fr\/@cottonbro?utm_content=attributionCopyText&amp;utm_medium=referral&amp;utm_source=pexels\" target=\"_blank\">Cottonbro<\/a> from <a rel=\"noreferrer noopener\" href=\"https:\/\/www.pexels.com\/fr-fr\/photo\/dessinateur-tient-un-carton-blanc-3778848\/?utm_content=attributionCopyText&amp;utm_medium=referral&amp;utm_source=pexels\" target=\"_blank\">Pexels<\/a><br>Photo citoyennet\u00e9 by <a rel=\"noreferrer noopener\" href=\"https:\/\/www.pexels.com\/fr-fr\/@diohasbi?utm_content=attributionCopyText&amp;utm_medium=referral&amp;utm_source=pexels\" target=\"_blank\">Dio Hasbi Saniskoro<\/a> from <a rel=\"noreferrer noopener\" href=\"https:\/\/www.pexels.com\/fr-fr\/photo\/les-gens-qui-font-de-la-main-de-groupe-3280130\/?utm_content=attributionCopyText&amp;utm_medium=referral&amp;utm_source=pexels\" target=\"_blank\">Pexels<\/a><br>Photo anglais by <a rel=\"noreferrer noopener\" href=\"https:\/\/pixabay.com\/users\/biljast-2868488\/?utm_source=link-attribution&amp;utm_medium=referral&amp;utm_campaign=image&amp;utm_content=2724442\" target=\"_blank\">Biljana Jovanovic<\/a> from <a rel=\"noreferrer noopener\" href=\"https:\/\/pixabay.com\/?utm_source=link-attribution&amp;utm_medium=referral&amp;utm_campaign=image&amp;utm_content=2724442\" target=\"_blank\">Pixabay<\/a><br>Photo badminton by <a rel=\"noreferrer noopener\" href=\"https:\/\/www.pexels.com\/fr-fr\/@diohasbi?utm_content=attributionCopyText&amp;utm_medium=referral&amp;utm_source=pexels\" target=\"_blank\">Dio Hasbi Saniskoro<\/a> from <a rel=\"noreferrer noopener\" href=\"https:\/\/www.pexels.com\/fr-fr\/photo\/les-gens-qui-font-de-la-main-de-groupe-3280130\/?utm_content=attributionCopyText&amp;utm_medium=referral&amp;utm_source=pexels\" target=\"_blank\">Pexels<\/a><br>Photo bd by <a rel=\"noreferrer noopener\" href=\"https:\/\/www.pexels.com\/fr-fr\/@niezam?utm_content=attributionCopyText&amp;utm_medium=referral&amp;utm_source=pexels\" target=\"_blank\">khairul nizam<\/a> from <a rel=\"noreferrer noopener\" href=\"https:\/\/www.pexels.com\/fr-fr\/photo\/dessin-extraterrestre-gris-et-noir-16516\/?utm_content=attributionCopyText&amp;utm_medium=referral&amp;utm_source=pexels\" target=\"_blank\">Pexels<\/a><br>Photo breton by <a rel=\"noreferrer noopener\" href=\"https:\/\/pixabay.com\/users\/nicolasdebraypointcom-6771705\/?utm_source=link-attribution&amp;utm_medium=referral&amp;utm_campaign=image&amp;utm_content=4975773\" target=\"_blank\">Nicolas DEBRAY<\/a> from <a rel=\"noreferrer noopener\" href=\"https:\/\/pixabay.com\/?utm_source=link-attribution&amp;utm_medium=referral&amp;utm_campaign=image&amp;utm_content=4975773\" target=\"_blank\">Pixabay<\/a><br>Photo couture by <a rel=\"noreferrer noopener\" href=\"https:\/\/www.pexels.com\/fr-fr\/@olly?utm_content=attributionCopyText&amp;utm_medium=referral&amp;utm_source=pexels\" target=\"_blank\">Andrea Piacquadio<\/a> from <a rel=\"noreferrer noopener\" href=\"https:\/\/www.pexels.com\/fr-fr\/photo\/article-de-vetement-couture-couturiere-sur-machine-a-coudre-3771080\/?utm_content=attributionCopyText&amp;utm_medium=referral&amp;utm_source=pexels\" target=\"_blank\">Pexels<\/a><br>Photo guitare by <a rel=\"noreferrer noopener\" href=\"https:\/\/unsplash.com\/@lechonkirb?utm_source=unsplash&amp;utm_medium=referral&amp;utm_content=creditCopyText\" target=\"_blank\">Lechon Kirb<\/a> from <a rel=\"noreferrer noopener\" href=\"https:\/\/unsplash.com\/?utm_source=unsplash&amp;utm_medium=referral&amp;utm_content=creditCopyText\" target=\"_blank\">Unsplash<\/a><br>Photo ju-jitsu by <a rel=\"noreferrer noopener\" href=\"https:\/\/www.pexels.com\/fr-fr\/@rodnae-prod?utm_content=attributionCopyText&amp;utm_medium=referral&amp;utm_source=pexels\" target=\"_blank\">RODNAE Productions<\/a> from <a rel=\"noreferrer noopener\" href=\"https:\/\/www.pexels.com\/fr-fr\/photo\/homme-amour-gens-femme-7045599\/?utm_content=attributionCopyText&amp;utm_medium=referral&amp;utm_source=pexels\" target=\"_blank\">Pexels<\/a><br>Photo natation by <a rel=\"noreferrer noopener\" href=\"https:\/\/www.pexels.com\/fr-fr\/@jim-de-ramos-395808?utm_content=attributionCopyText&amp;utm_medium=referral&amp;utm_source=pexels\" target=\"_blank\">Jim De Ramos<\/a> from <a rel=\"noreferrer noopener\" href=\"https:\/\/www.pexels.com\/fr-fr\/photo\/les-gens-qui-font-la-course-de-natation-1263349\/?utm_content=attributionCopyText&amp;utm_medium=referral&amp;utm_source=pexels\" target=\"_blank\">Pexels<\/a><br>Photo volleyball by <a rel=\"noreferrer noopener\" href=\"https:\/\/www.pexels.com\/fr-fr\/@pavel-danilyuk?utm_content=attributionCopyText&amp;utm_medium=referral&amp;utm_source=pexels\" target=\"_blank\">Pavel Danilyuk<\/a> from <a rel=\"noreferrer noopener\" href=\"https:\/\/www.pexels.com\/fr-fr\/photo\/homme-gens-femme-eau-6203521\/?utm_content=attributionCopyText&amp;utm_medium=referral&amp;utm_source=pexels\" target=\"_blank\">Pexels<\/a><br>Photo yoga by <a rel=\"noreferrer noopener\" href=\"https:\/\/www.pexels.com\/fr-fr\/@shvetsa?utm_content=attributionCopyText&amp;utm_medium=referral&amp;utm_source=pexels\" target=\"_blank\">Anna Shvets<\/a> from <a rel=\"noreferrer noopener\" href=\"https:\/\/www.pexels.com\/fr-fr\/photo\/sain-homme-brouiller-sport-5067944\/?utm_content=attributionCopyText&amp;utm_medium=referral&amp;utm_source=pexels\" target=\"_blank\">Pexels<\/a><\/em><\/td><\/tr><\/tbody><\/table><\/figure>\n<\/div><\/div>\n","protected":false},"excerpt":{"rendered":"<p>Conform\u00e9ment aux dispositions de la loi n\u00b0 2004-575 du 21 juin 2004 pour la confiance en l\u2019\u00e9conomie num\u00e9rique, il est pr\u00e9cis\u00e9 aux utilisateurs du site al-nanteserdre.org l\u2019identit\u00e9 des diff\u00e9rents intervenants dans le cadre de sa r\u00e9alisation et de son suivi. Edition du site Le site al-nanteserdre.org est \u00e9dit\u00e9 par l&rsquo;Amicale la\u00efque des Marsauderies, dont le [&hellip;]<\/p>\n","protected":false},"author":1,"featured_media":0,"parent":0,"menu_order":0,"comment_status":"closed","ping_status":"closed","template":"","meta":{"footnotes":""},"class_list":["post-44","page","type-page","status-publish","hentry"],"yoast_head":"<!-- This site is optimized with the Yoast SEO plugin v27.4 - https:\/\/yoast.com\/product\/yoast-seo-wordpress\/ -->\n<title>Mentions l\u00e9gales - Amicale La\u00efque des Marsauderies<\/title>\n<meta name=\"robots\" content=\"index, follow, max-snippet:-1, max-image-preview:large, max-video-preview:-1\" \/>\n<link rel=\"canonical\" href=\"https:\/\/al-nanteserdre.org\/alm-wp\/index.php\/mentions\/\" \/>\n<meta property=\"og:locale\" content=\"fr_FR\" \/>\n<meta property=\"og:type\" content=\"article\" \/>\n<meta property=\"og:title\" content=\"Mentions l\u00e9gales - Amicale La\u00efque des Marsauderies\" \/>\n<meta property=\"og:description\" content=\"Conform\u00e9ment aux dispositions de la loi n\u00b0 2004-575 du 21 juin 2004 pour la confiance en l\u2019\u00e9conomie num\u00e9rique, il est pr\u00e9cis\u00e9 aux utilisateurs du site al-nanteserdre.org l\u2019identit\u00e9 des diff\u00e9rents intervenants dans le cadre de sa r\u00e9alisation et de son suivi. Edition du site Le site al-nanteserdre.org est \u00e9dit\u00e9 par l&rsquo;Amicale la\u00efque des Marsauderies, dont le [&hellip;]\" \/>\n<meta property=\"og:url\" content=\"https:\/\/al-nanteserdre.org\/alm-wp\/index.php\/mentions\/\" \/>\n<meta property=\"og:site_name\" content=\"Amicale La\u00efque des Marsauderies\" \/>\n<meta property=\"article:modified_time\" content=\"2021-05-15T17:18:26+00:00\" \/>\n<meta name=\"twitter:card\" content=\"summary_large_image\" \/>\n<meta name=\"twitter:label1\" content=\"Dur\u00e9e de lecture estim\u00e9e\" \/>\n\t<meta name=\"twitter:data1\" content=\"2 minutes\" \/>\n<script type=\"application\/ld+json\" class=\"yoast-schema-graph\">{\"@context\":\"https:\\\/\\\/schema.org\",\"@graph\":[{\"@type\":\"WebPage\",\"@id\":\"https:\\\/\\\/al-nanteserdre.org\\\/alm-wp\\\/index.php\\\/mentions\\\/\",\"url\":\"https:\\\/\\\/al-nanteserdre.org\\\/alm-wp\\\/index.php\\\/mentions\\\/\",\"name\":\"Mentions l\u00e9gales - Amicale La\u00efque des Marsauderies\",\"isPartOf\":{\"@id\":\"https:\\\/\\\/al-nanteserdre.org\\\/alm-wp\\\/#website\"},\"datePublished\":\"2021-05-13T12:36:14+00:00\",\"dateModified\":\"2021-05-15T17:18:26+00:00\",\"breadcrumb\":{\"@id\":\"https:\\\/\\\/al-nanteserdre.org\\\/alm-wp\\\/index.php\\\/mentions\\\/#breadcrumb\"},\"inLanguage\":\"fr-FR\",\"potentialAction\":[{\"@type\":\"ReadAction\",\"target\":[\"https:\\\/\\\/al-nanteserdre.org\\\/alm-wp\\\/index.php\\\/mentions\\\/\"]}]},{\"@type\":\"BreadcrumbList\",\"@id\":\"https:\\\/\\\/al-nanteserdre.org\\\/alm-wp\\\/index.php\\\/mentions\\\/#breadcrumb\",\"itemListElement\":[{\"@type\":\"ListItem\",\"position\":1,\"name\":\"Accueil\",\"item\":\"https:\\\/\\\/al-nanteserdre.org\\\/alm-wp\\\/\"},{\"@type\":\"ListItem\",\"position\":2,\"name\":\"Mentions l\u00e9gales\"}]},{\"@type\":\"WebSite\",\"@id\":\"https:\\\/\\\/al-nanteserdre.org\\\/alm-wp\\\/#website\",\"url\":\"https:\\\/\\\/al-nanteserdre.org\\\/alm-wp\\\/\",\"name\":\"Amicale La\u00efque des Marsauderies\",\"description\":\"Sport pour tous et \u00e9ducation populaire\",\"publisher\":{\"@id\":\"https:\\\/\\\/al-nanteserdre.org\\\/alm-wp\\\/#organization\"},\"potentialAction\":[{\"@type\":\"SearchAction\",\"target\":{\"@type\":\"EntryPoint\",\"urlTemplate\":\"https:\\\/\\\/al-nanteserdre.org\\\/alm-wp\\\/?s={search_term_string}\"},\"query-input\":{\"@type\":\"PropertyValueSpecification\",\"valueRequired\":true,\"valueName\":\"search_term_string\"}}],\"inLanguage\":\"fr-FR\"},{\"@type\":\"Organization\",\"@id\":\"https:\\\/\\\/al-nanteserdre.org\\\/alm-wp\\\/#organization\",\"name\":\"Amicale Laique des Marsauderies\",\"url\":\"https:\\\/\\\/al-nanteserdre.org\\\/alm-wp\\\/\",\"logo\":{\"@type\":\"ImageObject\",\"inLanguage\":\"fr-FR\",\"@id\":\"https:\\\/\\\/al-nanteserdre.org\\\/alm-wp\\\/#\\\/schema\\\/logo\\\/image\\\/\",\"url\":\"https:\\\/\\\/al-nanteserdre.org\\\/alm-wp\\\/wp-content\\\/uploads\\\/2023\\\/04\\\/Logo-UFOLEP.png\",\"contentUrl\":\"https:\\\/\\\/al-nanteserdre.org\\\/alm-wp\\\/wp-content\\\/uploads\\\/2023\\\/04\\\/Logo-UFOLEP.png\",\"width\":320,\"height\":244,\"caption\":\"Amicale Laique des Marsauderies\"},\"image\":{\"@id\":\"https:\\\/\\\/al-nanteserdre.org\\\/alm-wp\\\/#\\\/schema\\\/logo\\\/image\\\/\"}}]}<\/script>\n<!-- \/ Yoast SEO plugin. -->","yoast_head_json":{"title":"Mentions l\u00e9gales - Amicale La\u00efque des Marsauderies","robots":{"index":"index","follow":"follow","max-snippet":"max-snippet:-1","max-image-preview":"max-image-preview:large","max-video-preview":"max-video-preview:-1"},"canonical":"https:\/\/al-nanteserdre.org\/alm-wp\/index.php\/mentions\/","og_locale":"fr_FR","og_type":"article","og_title":"Mentions l\u00e9gales - Amicale La\u00efque des Marsauderies","og_description":"Conform\u00e9ment aux dispositions de la loi n\u00b0 2004-575 du 21 juin 2004 pour la confiance en l\u2019\u00e9conomie num\u00e9rique, il est pr\u00e9cis\u00e9 aux utilisateurs du site al-nanteserdre.org l\u2019identit\u00e9 des diff\u00e9rents intervenants dans le cadre de sa r\u00e9alisation et de son suivi. Edition du site Le site al-nanteserdre.org est \u00e9dit\u00e9 par l&rsquo;Amicale la\u00efque des Marsauderies, dont le [&hellip;]","og_url":"https:\/\/al-nanteserdre.org\/alm-wp\/index.php\/mentions\/","og_site_name":"Amicale La\u00efque des Marsauderies","article_modified_time":"2021-05-15T17:18:26+00:00","twitter_card":"summary_large_image","twitter_misc":{"Dur\u00e9e de lecture estim\u00e9e":"2 minutes"},"schema":{"@context":"https:\/\/schema.org","@graph":[{"@type":"WebPage","@id":"https:\/\/al-nanteserdre.org\/alm-wp\/index.php\/mentions\/","url":"https:\/\/al-nanteserdre.org\/alm-wp\/index.php\/mentions\/","name":"Mentions l\u00e9gales - Amicale La\u00efque des Marsauderies","isPartOf":{"@id":"https:\/\/al-nanteserdre.org\/alm-wp\/#website"},"datePublished":"2021-05-13T12:36:14+00:00","dateModified":"2021-05-15T17:18:26+00:00","breadcrumb":{"@id":"https:\/\/al-nanteserdre.org\/alm-wp\/index.php\/mentions\/#breadcrumb"},"inLanguage":"fr-FR","potentialAction":[{"@type":"ReadAction","target":["https:\/\/al-nanteserdre.org\/alm-wp\/index.php\/mentions\/"]}]},{"@type":"BreadcrumbList","@id":"https:\/\/al-nanteserdre.org\/alm-wp\/index.php\/mentions\/#breadcrumb","itemListElement":[{"@type":"ListItem","position":1,"name":"Accueil","item":"https:\/\/al-nanteserdre.org\/alm-wp\/"},{"@type":"ListItem","position":2,"name":"Mentions l\u00e9gales"}]},{"@type":"WebSite","@id":"https:\/\/al-nanteserdre.org\/alm-wp\/#website","url":"https:\/\/al-nanteserdre.org\/alm-wp\/","name":"Amicale La\u00efque des Marsauderies","description":"Sport pour tous et \u00e9ducation populaire","publisher":{"@id":"https:\/\/al-nanteserdre.org\/alm-wp\/#organization"},"potentialAction":[{"@type":"SearchAction","target":{"@type":"EntryPoint","urlTemplate":"https:\/\/al-nanteserdre.org\/alm-wp\/?s={search_term_string}"},"query-input":{"@type":"PropertyValueSpecification","valueRequired":true,"valueName":"search_term_string"}}],"inLanguage":"fr-FR"},{"@type":"Organization","@id":"https:\/\/al-nanteserdre.org\/alm-wp\/#organization","name":"Amicale Laique des Marsauderies","url":"https:\/\/al-nanteserdre.org\/alm-wp\/","logo":{"@type":"ImageObject","inLanguage":"fr-FR","@id":"https:\/\/al-nanteserdre.org\/alm-wp\/#\/schema\/logo\/image\/","url":"https:\/\/al-nanteserdre.org\/alm-wp\/wp-content\/uploads\/2023\/04\/Logo-UFOLEP.png","contentUrl":"https:\/\/al-nanteserdre.org\/alm-wp\/wp-content\/uploads\/2023\/04\/Logo-UFOLEP.png","width":320,"height":244,"caption":"Amicale Laique des Marsauderies"},"image":{"@id":"https:\/\/al-nanteserdre.org\/alm-wp\/#\/schema\/logo\/image\/"}}]}},"_links":{"self":[{"href":"https:\/\/al-nanteserdre.org\/alm-wp\/index.php\/wp-json\/wp\/v2\/pages\/44","targetHints":{"allow":["GET"]}}],"collection":[{"href":"https:\/\/al-nanteserdre.org\/alm-wp\/index.php\/wp-json\/wp\/v2\/pages"}],"about":[{"href":"https:\/\/al-nanteserdre.org\/alm-wp\/index.php\/wp-json\/wp\/v2\/types\/page"}],"author":[{"embeddable":true,"href":"https:\/\/al-nanteserdre.org\/alm-wp\/index.php\/wp-json\/wp\/v2\/users\/1"}],"replies":[{"embeddable":true,"href":"https:\/\/al-nanteserdre.org\/alm-wp\/index.php\/wp-json\/wp\/v2\/comments?post=44"}],"version-history":[{"count":3,"href":"https:\/\/al-nanteserdre.org\/alm-wp\/index.php\/wp-json\/wp\/v2\/pages\/44\/revisions"}],"predecessor-version":[{"id":73,"href":"https:\/\/al-nanteserdre.org\/alm-wp\/index.php\/wp-json\/wp\/v2\/pages\/44\/revisions\/73"}],"wp:attachment":[{"href":"https:\/\/al-nanteserdre.org\/alm-wp\/index.php\/wp-json\/wp\/v2\/media?parent=44"}],"curies":[{"name":"wp","href":"https:\/\/api.w.org\/{rel}","templated":true}]}}