{"id":2957,"date":"2024-09-23T19:19:07","date_gmt":"2024-09-23T17:19:07","guid":{"rendered":"https:\/\/al-nanteserdre.org\/alm-wp\/?page_id=2957"},"modified":"2025-10-02T20:16:56","modified_gmt":"2025-10-02T18:16:56","slug":"activites-2024-2025","status":"publish","type":"page","link":"https:\/\/al-nanteserdre.org\/alm-wp\/index.php\/activites-2024-2025\/","title":{"rendered":"Inscriptions 2025-2026"},"content":{"rendered":"\n<p>Des d\u2019activit\u00e9s affichent complet pour certains de leurs cr\u00e9neaux, mais des places sont encore disponibles pour les enfants, adolescents et adultes dans les activit\u00e9s d\u00e9crites \u00e0 la suite. Ne pas h\u00e9siter \u00e0 <a href=\"https:\/\/al-nanteserdre.org\/alm-wp\/index.php\/nous-contacter\/\">nous contacter<\/a> rapidement.<\/p>\n\n\n\n<p><em><u>Ch\u00e8que d\u2019activit\u00e9 de 15 \u20ac ouvrant droit \u00e0 une r\u00e9duction sur la premi\u00e8re activit\u00e9 pour tous les enfants des \u00e9coles des Marsauderies<\/u><\/em><\/p>\n\n\n\n<p><strong>Activit\u00e9s o\u00f9 il reste une ou quelques places d\u00e9but octobre 2025<\/strong> :<\/p>\n\n\n\n<hr class=\"wp-block-separator has-alpha-channel-opacity\"\/>\n\n\n\n<p><strong><u>Activit\u00e9s enfants<\/u><\/strong><\/p>\n\n\n\n<p><strong>BD le mercredi 13h45 \u00e0 15h, et 16h15 \u00e0 17h30<\/strong>&nbsp;&nbsp;<\/p>\n\n\n\n<p>Anim\u00e9 par une professionnelle qui accompagne les enfants et les ados dans toutes les \u00e9tapes de cr\u00e9ation d\u2019une bande dessin\u00e9e qui leur est propre.<\/p>\n\n\n\n<p>Tarif : 215 \u20ac \/an<\/p>\n\n\n\n<p><strong>Danse 7\/10 ans le mercredi de 13h30 \u00e0 14h30 et 10\/12 ans mercredi de 14h30 \u00e0 15h45<\/strong><\/p>\n\n\n\n<p>Cours de danse contemporaine sous la conduite d\u2019une professeure dipl\u00f4m\u00e9e.&nbsp;<\/p>\n\n\n\n<p>Tarif pour un cours de 1h : 171 \u20ac \/ an et pour un&nbsp; cours de 1h15 : 201 \u20ac\/an.<\/p>\n\n\n\n<p><strong>Multisport&nbsp; 8\/9 ans le mercredi de 13h30 \u00e0 14h30<\/strong>&nbsp;<\/p>\n\n\n\n<p>Pratique de plusieurs sports \u2013 deux sports par trimestre gymnastique, Athl\u00e9tisme, Jeux d\u2019opposition, Roller, sports collectifs (Handball, florball, baseball, ultimate\u2026).<\/p>\n\n\n\n<p>Tarif : 133 \u20ac\/an<\/p>\n\n\n\n<p><strong>Natation le mercredi de 16h \u00e0 16h55 et le vendredi de 17h \u00e0 17h55<\/strong><\/p>\n\n\n\n<p>Perfectionnement (pour les enfants sachant nager dans le grand bassin) \u00e0 la&nbsp; piscine Jules Verne.<\/p>\n\n\n\n<p>Tarif : 157 \u20ac \/ an<\/p>\n\n\n\n<hr class=\"wp-block-separator has-alpha-channel-opacity\"\/>\n\n\n\n<p><strong><u>Activit\u00e9s ados<\/u><\/strong><\/p>\n\n\n\n<p><strong>Multisport<\/strong> 12-13 ans le mercredi de 17h30 \u00e0 18h30 et&nbsp; 14-17ans le mercredi de 18h30 \u00e0 19h30. <\/p>\n\n\n\n<p>Pratique d&rsquo;un ou deux sports diff\u00e9rents par trimestre dans un esprit convivial et sans les contraintes des entra\u00eenements techniques et de la comp\u00e9tition. Les sports pratiqu\u00e9s : sports de raquette (badminton, speedminton), tir \u00e0 l\u2019arc, roller, sports collectifs (baseball, ultimate, Tchouckball, kinball, floorball), et hockey.<\/p>\n\n\n\n<p>Tarif : 133 \u20ac\/an<\/p>\n\n\n\n<p><strong>Danse<\/strong> 12-16ans&nbsp; le mercredi de 16h30 \u00e0 18h&nbsp;<\/p>\n\n\n\n<p>Cours de danse contemporaine sous la conduite d\u2019une professeure dipl\u00f4m\u00e9e. D\u00e9couverte, par un travail corporel d\u2019assouplissement et de coordination au travers d\u2019un enseignement contemporain s\u2019appuyant sur des bases classiques.&nbsp;Participation \u00e0 un gala en fin d\u2019ann\u00e9e.<\/p>\n\n\n\n<p>Tarif : 234 \u20ac\/an<\/p>\n\n\n\n<hr class=\"wp-block-separator has-alpha-channel-opacity\"\/>\n\n\n\n<p><strong><u>Activit\u00e9s Adultes<\/u><\/strong><\/p>\n\n\n\n<p><strong>Multisport adultes <\/strong>le mercredi de 17h30 \u00e0 19h30. <\/p>\n\n\n\n<p>Tarif : 180 \u20ac\/an<\/p>\n\n\n\n<p><strong>Activit\u00e9s gymniques&nbsp;<\/strong><\/p>\n\n\n\n<p>Gym entretien le lundi de 21h05 \u00e0 22h05, Stretching le mercredi de 19h30 \u00e0 20h30 et le vendredi de 9h15 \u00e0 10h15, Gym multi-fitness le vendredi de 18h30 \u00e0 20h&nbsp;<\/p>\n\n\n\n<p>Tarif : 122 \u20ac \/ an pour le cours d\u20191 h et 160 \u20ac \/ an pour le cours d\u20191h30<\/p>\n\n\n\n<p><strong>Ta\u00efchi&nbsp;<\/strong><\/p>\n\n\n\n<p>D\u00e9butant le mardi de 12h \u00e0 13h, Interm\u00e9diaire le jeudi de 11h30 \u00e0 12h30<\/p>\n\n\n\n<p>Tarif : 181 \u20ac \/ an<\/p>\n\n\n\n<p><strong>Yoga&nbsp;&nbsp;<\/strong><\/p>\n\n\n\n<p>Le lundi de 20h \u00e0 21h15, le mercredi de 7h30 \u00e0 8h30 et le samedi matin de 9h \u00e0 10h15&nbsp;<\/p>\n\n\n\n<p>Tarif 168\u20ac\/an&nbsp; le cours d\u20191h et 198\u20ac\/an le cours d\u20191h15&nbsp;<\/p>\n\n\n\n<p><strong>Perfectionnement Anglais<\/strong>&nbsp;<\/p>\n\n\n\n<p>Groupe 2 Mardi de 20h30 \u00e0 21h45, Groupe 3 Mardi de 19h \u00e0 20h15 et Groupe 4 Lundi de 19h \u00e0 20h15&nbsp;<\/p>\n\n\n\n<p>Tarif 195 \u20ac\/an<\/p>\n\n\n\n<p><\/p>\n","protected":false},"excerpt":{"rendered":"<p>Des d\u2019activit\u00e9s affichent complet pour certains de leurs cr\u00e9neaux, mais des places sont encore disponibles pour les enfants, adolescents et adultes dans les activit\u00e9s d\u00e9crites \u00e0 la suite. Ne pas h\u00e9siter \u00e0 nous contacter rapidement. Ch\u00e8que d\u2019activit\u00e9 de 15 \u20ac ouvrant droit \u00e0 une r\u00e9duction sur la premi\u00e8re activit\u00e9 pour tous les enfants des \u00e9coles [&hellip;]<\/p>\n","protected":false},"author":3,"featured_media":0,"parent":0,"menu_order":0,"comment_status":"closed","ping_status":"closed","template":"","meta":{"footnotes":""},"class_list":["post-2957","page","type-page","status-publish","hentry"],"yoast_head":"<!-- This site is optimized with the Yoast SEO plugin v27.4 - https:\/\/yoast.com\/product\/yoast-seo-wordpress\/ -->\n<title>Inscriptions 2025-2026 - Amicale La\u00efque des Marsauderies<\/title>\n<meta name=\"robots\" content=\"index, follow, max-snippet:-1, max-image-preview:large, max-video-preview:-1\" \/>\n<link rel=\"canonical\" href=\"https:\/\/al-nanteserdre.org\/alm-wp\/index.php\/activites-2024-2025\/\" \/>\n<meta property=\"og:locale\" content=\"fr_FR\" \/>\n<meta property=\"og:type\" content=\"article\" \/>\n<meta property=\"og:title\" content=\"Inscriptions 2025-2026 - Amicale La\u00efque des Marsauderies\" \/>\n<meta property=\"og:description\" content=\"Des d\u2019activit\u00e9s affichent complet pour certains de leurs cr\u00e9neaux, mais des places sont encore disponibles pour les enfants, adolescents et adultes dans les activit\u00e9s d\u00e9crites \u00e0 la suite. Ne pas h\u00e9siter \u00e0 nous contacter rapidement. Ch\u00e8que d\u2019activit\u00e9 de 15 \u20ac ouvrant droit \u00e0 une r\u00e9duction sur la premi\u00e8re activit\u00e9 pour tous les enfants des \u00e9coles [&hellip;]\" \/>\n<meta property=\"og:url\" content=\"https:\/\/al-nanteserdre.org\/alm-wp\/index.php\/activites-2024-2025\/\" \/>\n<meta property=\"og:site_name\" content=\"Amicale La\u00efque des Marsauderies\" \/>\n<meta property=\"article:modified_time\" content=\"2025-10-02T18:16:56+00:00\" \/>\n<meta name=\"twitter:card\" content=\"summary_large_image\" \/>\n<meta name=\"twitter:label1\" content=\"Dur\u00e9e de lecture estim\u00e9e\" \/>\n\t<meta name=\"twitter:data1\" content=\"3 minutes\" \/>\n<script type=\"application\/ld+json\" class=\"yoast-schema-graph\">{\"@context\":\"https:\\\/\\\/schema.org\",\"@graph\":[{\"@type\":\"WebPage\",\"@id\":\"https:\\\/\\\/al-nanteserdre.org\\\/alm-wp\\\/index.php\\\/activites-2024-2025\\\/\",\"url\":\"https:\\\/\\\/al-nanteserdre.org\\\/alm-wp\\\/index.php\\\/activites-2024-2025\\\/\",\"name\":\"Inscriptions 2025-2026 - Amicale La\u00efque des Marsauderies\",\"isPartOf\":{\"@id\":\"https:\\\/\\\/al-nanteserdre.org\\\/alm-wp\\\/#website\"},\"datePublished\":\"2024-09-23T17:19:07+00:00\",\"dateModified\":\"2025-10-02T18:16:56+00:00\",\"breadcrumb\":{\"@id\":\"https:\\\/\\\/al-nanteserdre.org\\\/alm-wp\\\/index.php\\\/activites-2024-2025\\\/#breadcrumb\"},\"inLanguage\":\"fr-FR\",\"potentialAction\":[{\"@type\":\"ReadAction\",\"target\":[\"https:\\\/\\\/al-nanteserdre.org\\\/alm-wp\\\/index.php\\\/activites-2024-2025\\\/\"]}]},{\"@type\":\"BreadcrumbList\",\"@id\":\"https:\\\/\\\/al-nanteserdre.org\\\/alm-wp\\\/index.php\\\/activites-2024-2025\\\/#breadcrumb\",\"itemListElement\":[{\"@type\":\"ListItem\",\"position\":1,\"name\":\"Accueil\",\"item\":\"https:\\\/\\\/al-nanteserdre.org\\\/alm-wp\\\/\"},{\"@type\":\"ListItem\",\"position\":2,\"name\":\"Inscriptions 2025-2026\"}]},{\"@type\":\"WebSite\",\"@id\":\"https:\\\/\\\/al-nanteserdre.org\\\/alm-wp\\\/#website\",\"url\":\"https:\\\/\\\/al-nanteserdre.org\\\/alm-wp\\\/\",\"name\":\"Amicale La\u00efque des Marsauderies\",\"description\":\"Sport pour tous et \u00e9ducation populaire\",\"publisher\":{\"@id\":\"https:\\\/\\\/al-nanteserdre.org\\\/alm-wp\\\/#organization\"},\"potentialAction\":[{\"@type\":\"SearchAction\",\"target\":{\"@type\":\"EntryPoint\",\"urlTemplate\":\"https:\\\/\\\/al-nanteserdre.org\\\/alm-wp\\\/?s={search_term_string}\"},\"query-input\":{\"@type\":\"PropertyValueSpecification\",\"valueRequired\":true,\"valueName\":\"search_term_string\"}}],\"inLanguage\":\"fr-FR\"},{\"@type\":\"Organization\",\"@id\":\"https:\\\/\\\/al-nanteserdre.org\\\/alm-wp\\\/#organization\",\"name\":\"Amicale Laique des Marsauderies\",\"url\":\"https:\\\/\\\/al-nanteserdre.org\\\/alm-wp\\\/\",\"logo\":{\"@type\":\"ImageObject\",\"inLanguage\":\"fr-FR\",\"@id\":\"https:\\\/\\\/al-nanteserdre.org\\\/alm-wp\\\/#\\\/schema\\\/logo\\\/image\\\/\",\"url\":\"https:\\\/\\\/al-nanteserdre.org\\\/alm-wp\\\/wp-content\\\/uploads\\\/2023\\\/04\\\/Logo-UFOLEP.png\",\"contentUrl\":\"https:\\\/\\\/al-nanteserdre.org\\\/alm-wp\\\/wp-content\\\/uploads\\\/2023\\\/04\\\/Logo-UFOLEP.png\",\"width\":320,\"height\":244,\"caption\":\"Amicale Laique des Marsauderies\"},\"image\":{\"@id\":\"https:\\\/\\\/al-nanteserdre.org\\\/alm-wp\\\/#\\\/schema\\\/logo\\\/image\\\/\"}}]}<\/script>\n<!-- \/ Yoast SEO plugin. -->","yoast_head_json":{"title":"Inscriptions 2025-2026 - Amicale La\u00efque des Marsauderies","robots":{"index":"index","follow":"follow","max-snippet":"max-snippet:-1","max-image-preview":"max-image-preview:large","max-video-preview":"max-video-preview:-1"},"canonical":"https:\/\/al-nanteserdre.org\/alm-wp\/index.php\/activites-2024-2025\/","og_locale":"fr_FR","og_type":"article","og_title":"Inscriptions 2025-2026 - Amicale La\u00efque des Marsauderies","og_description":"Des d\u2019activit\u00e9s affichent complet pour certains de leurs cr\u00e9neaux, mais des places sont encore disponibles pour les enfants, adolescents et adultes dans les activit\u00e9s d\u00e9crites \u00e0 la suite. Ne pas h\u00e9siter \u00e0 nous contacter rapidement. Ch\u00e8que d\u2019activit\u00e9 de 15 \u20ac ouvrant droit \u00e0 une r\u00e9duction sur la premi\u00e8re activit\u00e9 pour tous les enfants des \u00e9coles [&hellip;]","og_url":"https:\/\/al-nanteserdre.org\/alm-wp\/index.php\/activites-2024-2025\/","og_site_name":"Amicale La\u00efque des Marsauderies","article_modified_time":"2025-10-02T18:16:56+00:00","twitter_card":"summary_large_image","twitter_misc":{"Dur\u00e9e de lecture estim\u00e9e":"3 minutes"},"schema":{"@context":"https:\/\/schema.org","@graph":[{"@type":"WebPage","@id":"https:\/\/al-nanteserdre.org\/alm-wp\/index.php\/activites-2024-2025\/","url":"https:\/\/al-nanteserdre.org\/alm-wp\/index.php\/activites-2024-2025\/","name":"Inscriptions 2025-2026 - Amicale La\u00efque des Marsauderies","isPartOf":{"@id":"https:\/\/al-nanteserdre.org\/alm-wp\/#website"},"datePublished":"2024-09-23T17:19:07+00:00","dateModified":"2025-10-02T18:16:56+00:00","breadcrumb":{"@id":"https:\/\/al-nanteserdre.org\/alm-wp\/index.php\/activites-2024-2025\/#breadcrumb"},"inLanguage":"fr-FR","potentialAction":[{"@type":"ReadAction","target":["https:\/\/al-nanteserdre.org\/alm-wp\/index.php\/activites-2024-2025\/"]}]},{"@type":"BreadcrumbList","@id":"https:\/\/al-nanteserdre.org\/alm-wp\/index.php\/activites-2024-2025\/#breadcrumb","itemListElement":[{"@type":"ListItem","position":1,"name":"Accueil","item":"https:\/\/al-nanteserdre.org\/alm-wp\/"},{"@type":"ListItem","position":2,"name":"Inscriptions 2025-2026"}]},{"@type":"WebSite","@id":"https:\/\/al-nanteserdre.org\/alm-wp\/#website","url":"https:\/\/al-nanteserdre.org\/alm-wp\/","name":"Amicale La\u00efque des Marsauderies","description":"Sport pour tous et \u00e9ducation populaire","publisher":{"@id":"https:\/\/al-nanteserdre.org\/alm-wp\/#organization"},"potentialAction":[{"@type":"SearchAction","target":{"@type":"EntryPoint","urlTemplate":"https:\/\/al-nanteserdre.org\/alm-wp\/?s={search_term_string}"},"query-input":{"@type":"PropertyValueSpecification","valueRequired":true,"valueName":"search_term_string"}}],"inLanguage":"fr-FR"},{"@type":"Organization","@id":"https:\/\/al-nanteserdre.org\/alm-wp\/#organization","name":"Amicale Laique des Marsauderies","url":"https:\/\/al-nanteserdre.org\/alm-wp\/","logo":{"@type":"ImageObject","inLanguage":"fr-FR","@id":"https:\/\/al-nanteserdre.org\/alm-wp\/#\/schema\/logo\/image\/","url":"https:\/\/al-nanteserdre.org\/alm-wp\/wp-content\/uploads\/2023\/04\/Logo-UFOLEP.png","contentUrl":"https:\/\/al-nanteserdre.org\/alm-wp\/wp-content\/uploads\/2023\/04\/Logo-UFOLEP.png","width":320,"height":244,"caption":"Amicale Laique des Marsauderies"},"image":{"@id":"https:\/\/al-nanteserdre.org\/alm-wp\/#\/schema\/logo\/image\/"}}]}},"_links":{"self":[{"href":"https:\/\/al-nanteserdre.org\/alm-wp\/index.php\/wp-json\/wp\/v2\/pages\/2957","targetHints":{"allow":["GET"]}}],"collection":[{"href":"https:\/\/al-nanteserdre.org\/alm-wp\/index.php\/wp-json\/wp\/v2\/pages"}],"about":[{"href":"https:\/\/al-nanteserdre.org\/alm-wp\/index.php\/wp-json\/wp\/v2\/types\/page"}],"author":[{"embeddable":true,"href":"https:\/\/al-nanteserdre.org\/alm-wp\/index.php\/wp-json\/wp\/v2\/users\/3"}],"replies":[{"embeddable":true,"href":"https:\/\/al-nanteserdre.org\/alm-wp\/index.php\/wp-json\/wp\/v2\/comments?post=2957"}],"version-history":[{"count":12,"href":"https:\/\/al-nanteserdre.org\/alm-wp\/index.php\/wp-json\/wp\/v2\/pages\/2957\/revisions"}],"predecessor-version":[{"id":3281,"href":"https:\/\/al-nanteserdre.org\/alm-wp\/index.php\/wp-json\/wp\/v2\/pages\/2957\/revisions\/3281"}],"wp:attachment":[{"href":"https:\/\/al-nanteserdre.org\/alm-wp\/index.php\/wp-json\/wp\/v2\/media?parent=2957"}],"curies":[{"name":"wp","href":"https:\/\/api.w.org\/{rel}","templated":true}]}}