{"id":2844,"date":"2023-08-29T15:09:38","date_gmt":"2023-08-29T13:09:38","guid":{"rendered":"https:\/\/al-nanteserdre.org\/alm-wp\/?page_id=2844"},"modified":"2025-05-19T18:01:42","modified_gmt":"2025-05-19T16:01:42","slug":"le-jardin-des-marsauderies","status":"publish","type":"page","link":"https:\/\/al-nanteserdre.org\/alm-wp\/index.php\/le-jardin-des-marsauderies\/","title":{"rendered":"Le Jardin des Marsauderies"},"content":{"rendered":"\n<br\/>\n<div class=\"row\">\n\t<div class=\"card-image\" id=\"img_title\">\n        <img decoding=\"async\" src=\"https:\/\/al-nanteserdre.org\/alm-wp\/wp-content\/uploads\/2023\/08\/Jardin_Marsauderies.jpg\" alt=\"photo jardins\">\n    <\/div>\n<\/div>\n\n\n\n\n<div class=\"row z-depth-2\">\n\t<div class=\"card-content grey lighten-5\">\n\t\t<p>Cr\u00e9er un jardin partag\u00e9 et cr\u00e9er du lien social autour de l&rsquo;activit\u00e9.<\/p>\n  <\/div>\n<\/div>\n\n\n\n\n<h2 class=\"wp-block-heading\">Organisation<\/h2>\n\n\n\n<p>Le r\u00e9chauffement climatique a fait prendre conscience \u00e0 nous toutes et \u00e0 nous tous de la n\u00e9cessit\u00e9 de faire \u00e9voluer notre mod\u00e8le de fonctionnement.<\/p>\n\n\n\n<p>C&rsquo;est pour cela qu&rsquo;un groupe de parents et d&rsquo;amicalistes a souhait\u00e9 lancer le projet \u00ab\u00a0le jardin des Marsauderies\u00a0\u00bb qui va permettre aussi de cr\u00e9er du lien social autour de l&rsquo;\u00e9cole et du quartier..<\/p>\n\n\n\n<h2 class=\"wp-block-heading\">Horaires<\/h2>\n\n\n\n<p><strong>Saison 2025 \/ 2026<\/strong><\/p>\r\n\r\n<p>&nbsp;<\/p>\r\n\r\n<p>Fonction des activit&eacute;s du jardin<\/p>\r\n\r\n<p>&nbsp;<\/p>\n\n\n\n<h2 class=\"wp-block-heading\">Cotisation annuelle<\/h2>\n\n\n\n<p><strong>Saison 2025 \/ 2026<\/strong><\/p>\r\n\r\n<p>Adultes 50 &euro;<\/p>\n\n\n\n<h2 class=\"wp-block-heading\">Lieux de pratique<\/h2>\n\n\n\n\t<p><\/p>\r\n\t<div id=\"osm-map\" style=\"width: 100%; height: 400px;\">&nbsp;<\/div>\r\n\t<script src=\"https:\/\/unpkg.com\/leaflet@1.6.0\/dist\/leaflet.js\"><\/script>\r\n\t<link href=\"https:\/\/unpkg.com\/leaflet@1.6.0\/dist\/leaflet.css\" rel=\"stylesheet\"\/>\r\n\t<script type=\"text\/javascript\">\r\n\t\tvar villes = {\"Marsauderies - P&ocirc;le Associatif\":{\"lat\":\"47.242905\",\"lon\":\"-1.528555\"}};\r\n\t\tvar lat = 47.242905;\r\n        var lon = -1.528555;\r\n\t\t\r\n\t\tvar element = document.getElementById('osm-map');\r\n\t\t\/\/ Create Leaflet map on map element.\r\n\t\tvar map = L.map(element);\r\n\r\n\t\tL.tileLayer('http:\/\/{s}.tile.osm.org\/{z}\/{x}\/{y}.png', {\r\n\t\t\tattribution: '&copy; <a href=\"http:\/\/osm.org\/copyright\">OpenStreetMap<\/a> contributors'\r\n\t\t}).addTo(map);\r\n\t\t\r\n\t\tfor (ville in villes) {\r\n\t\t\tvar target = L.latLng([villes[ville].lat, villes[ville].lon]);\r\n\t\t\tL.marker(target).addTo(map);\r\n\t\t} \t\t\r\n\t\t\/\/ Target's GPS coordinates.\r\n\t\tvar target = L.latLng(lat, lon);\r\n\r\n\t\t\/\/ Set map's center to target with zoom 14.\r\n\t\tmap.setView(target, 15);\r\n\t<\/script>\r\n\t\n","protected":false},"excerpt":{"rendered":"<p>Organisation Le r\u00e9chauffement climatique a fait prendre conscience \u00e0 nous toutes et \u00e0 nous tous de la n\u00e9cessit\u00e9 de faire \u00e9voluer notre mod\u00e8le de fonctionnement. C&rsquo;est pour cela qu&rsquo;un groupe de parents et d&rsquo;amicalistes a souhait\u00e9 lancer le projet \u00ab\u00a0le jardin des Marsauderies\u00a0\u00bb qui va permettre aussi de cr\u00e9er du lien social autour de l&rsquo;\u00e9cole [&hellip;]<\/p>\n","protected":false},"author":1,"featured_media":0,"parent":0,"menu_order":0,"comment_status":"closed","ping_status":"closed","template":"","meta":{"footnotes":""},"class_list":["post-2844","page","type-page","status-publish","hentry"],"yoast_head":"<!-- This site is optimized with the Yoast SEO plugin v27.4 - https:\/\/yoast.com\/product\/yoast-seo-wordpress\/ -->\n<title>Le Jardin des Marsauderies - Amicale La\u00efque des Marsauderies<\/title>\n<meta name=\"robots\" content=\"index, follow, max-snippet:-1, max-image-preview:large, max-video-preview:-1\" \/>\n<link rel=\"canonical\" href=\"https:\/\/al-nanteserdre.org\/alm-wp\/index.php\/le-jardin-des-marsauderies\/\" \/>\n<meta property=\"og:locale\" content=\"fr_FR\" \/>\n<meta property=\"og:type\" content=\"article\" \/>\n<meta property=\"og:title\" content=\"Le Jardin des Marsauderies - Amicale La\u00efque des Marsauderies\" \/>\n<meta property=\"og:description\" content=\"Organisation Le r\u00e9chauffement climatique a fait prendre conscience \u00e0 nous toutes et \u00e0 nous tous de la n\u00e9cessit\u00e9 de faire \u00e9voluer notre mod\u00e8le de fonctionnement. C&rsquo;est pour cela qu&rsquo;un groupe de parents et d&rsquo;amicalistes a souhait\u00e9 lancer le projet \u00ab\u00a0le jardin des Marsauderies\u00a0\u00bb qui va permettre aussi de cr\u00e9er du lien social autour de l&rsquo;\u00e9cole [&hellip;]\" \/>\n<meta property=\"og:url\" content=\"https:\/\/al-nanteserdre.org\/alm-wp\/index.php\/le-jardin-des-marsauderies\/\" \/>\n<meta property=\"og:site_name\" content=\"Amicale La\u00efque des Marsauderies\" \/>\n<meta property=\"article:modified_time\" content=\"2025-05-19T16:01:42+00:00\" \/>\n<meta name=\"twitter:card\" content=\"summary_large_image\" \/>\n<meta name=\"twitter:label1\" content=\"Dur\u00e9e de lecture estim\u00e9e\" \/>\n\t<meta name=\"twitter:data1\" content=\"1 minute\" \/>\n<script type=\"application\/ld+json\" class=\"yoast-schema-graph\">{\"@context\":\"https:\\\/\\\/schema.org\",\"@graph\":[{\"@type\":\"WebPage\",\"@id\":\"https:\\\/\\\/al-nanteserdre.org\\\/alm-wp\\\/index.php\\\/le-jardin-des-marsauderies\\\/\",\"url\":\"https:\\\/\\\/al-nanteserdre.org\\\/alm-wp\\\/index.php\\\/le-jardin-des-marsauderies\\\/\",\"name\":\"Le Jardin des Marsauderies - Amicale La\u00efque des Marsauderies\",\"isPartOf\":{\"@id\":\"https:\\\/\\\/al-nanteserdre.org\\\/alm-wp\\\/#website\"},\"datePublished\":\"2023-08-29T13:09:38+00:00\",\"dateModified\":\"2025-05-19T16:01:42+00:00\",\"breadcrumb\":{\"@id\":\"https:\\\/\\\/al-nanteserdre.org\\\/alm-wp\\\/index.php\\\/le-jardin-des-marsauderies\\\/#breadcrumb\"},\"inLanguage\":\"fr-FR\",\"potentialAction\":[{\"@type\":\"ReadAction\",\"target\":[\"https:\\\/\\\/al-nanteserdre.org\\\/alm-wp\\\/index.php\\\/le-jardin-des-marsauderies\\\/\"]}]},{\"@type\":\"BreadcrumbList\",\"@id\":\"https:\\\/\\\/al-nanteserdre.org\\\/alm-wp\\\/index.php\\\/le-jardin-des-marsauderies\\\/#breadcrumb\",\"itemListElement\":[{\"@type\":\"ListItem\",\"position\":1,\"name\":\"Accueil\",\"item\":\"https:\\\/\\\/al-nanteserdre.org\\\/alm-wp\\\/\"},{\"@type\":\"ListItem\",\"position\":2,\"name\":\"Le Jardin des Marsauderies\"}]},{\"@type\":\"WebSite\",\"@id\":\"https:\\\/\\\/al-nanteserdre.org\\\/alm-wp\\\/#website\",\"url\":\"https:\\\/\\\/al-nanteserdre.org\\\/alm-wp\\\/\",\"name\":\"Amicale La\u00efque des Marsauderies\",\"description\":\"Sport pour tous et \u00e9ducation populaire\",\"publisher\":{\"@id\":\"https:\\\/\\\/al-nanteserdre.org\\\/alm-wp\\\/#organization\"},\"potentialAction\":[{\"@type\":\"SearchAction\",\"target\":{\"@type\":\"EntryPoint\",\"urlTemplate\":\"https:\\\/\\\/al-nanteserdre.org\\\/alm-wp\\\/?s={search_term_string}\"},\"query-input\":{\"@type\":\"PropertyValueSpecification\",\"valueRequired\":true,\"valueName\":\"search_term_string\"}}],\"inLanguage\":\"fr-FR\"},{\"@type\":\"Organization\",\"@id\":\"https:\\\/\\\/al-nanteserdre.org\\\/alm-wp\\\/#organization\",\"name\":\"Amicale Laique des Marsauderies\",\"url\":\"https:\\\/\\\/al-nanteserdre.org\\\/alm-wp\\\/\",\"logo\":{\"@type\":\"ImageObject\",\"inLanguage\":\"fr-FR\",\"@id\":\"https:\\\/\\\/al-nanteserdre.org\\\/alm-wp\\\/#\\\/schema\\\/logo\\\/image\\\/\",\"url\":\"https:\\\/\\\/al-nanteserdre.org\\\/alm-wp\\\/wp-content\\\/uploads\\\/2023\\\/04\\\/Logo-UFOLEP.png\",\"contentUrl\":\"https:\\\/\\\/al-nanteserdre.org\\\/alm-wp\\\/wp-content\\\/uploads\\\/2023\\\/04\\\/Logo-UFOLEP.png\",\"width\":320,\"height\":244,\"caption\":\"Amicale Laique des Marsauderies\"},\"image\":{\"@id\":\"https:\\\/\\\/al-nanteserdre.org\\\/alm-wp\\\/#\\\/schema\\\/logo\\\/image\\\/\"}}]}<\/script>\n<!-- \/ Yoast SEO plugin. -->","yoast_head_json":{"title":"Le Jardin des Marsauderies - Amicale La\u00efque des Marsauderies","robots":{"index":"index","follow":"follow","max-snippet":"max-snippet:-1","max-image-preview":"max-image-preview:large","max-video-preview":"max-video-preview:-1"},"canonical":"https:\/\/al-nanteserdre.org\/alm-wp\/index.php\/le-jardin-des-marsauderies\/","og_locale":"fr_FR","og_type":"article","og_title":"Le Jardin des Marsauderies - Amicale La\u00efque des Marsauderies","og_description":"Organisation Le r\u00e9chauffement climatique a fait prendre conscience \u00e0 nous toutes et \u00e0 nous tous de la n\u00e9cessit\u00e9 de faire \u00e9voluer notre mod\u00e8le de fonctionnement. C&rsquo;est pour cela qu&rsquo;un groupe de parents et d&rsquo;amicalistes a souhait\u00e9 lancer le projet \u00ab\u00a0le jardin des Marsauderies\u00a0\u00bb qui va permettre aussi de cr\u00e9er du lien social autour de l&rsquo;\u00e9cole [&hellip;]","og_url":"https:\/\/al-nanteserdre.org\/alm-wp\/index.php\/le-jardin-des-marsauderies\/","og_site_name":"Amicale La\u00efque des Marsauderies","article_modified_time":"2025-05-19T16:01:42+00:00","twitter_card":"summary_large_image","twitter_misc":{"Dur\u00e9e de lecture estim\u00e9e":"1 minute"},"schema":{"@context":"https:\/\/schema.org","@graph":[{"@type":"WebPage","@id":"https:\/\/al-nanteserdre.org\/alm-wp\/index.php\/le-jardin-des-marsauderies\/","url":"https:\/\/al-nanteserdre.org\/alm-wp\/index.php\/le-jardin-des-marsauderies\/","name":"Le Jardin des Marsauderies - Amicale La\u00efque des Marsauderies","isPartOf":{"@id":"https:\/\/al-nanteserdre.org\/alm-wp\/#website"},"datePublished":"2023-08-29T13:09:38+00:00","dateModified":"2025-05-19T16:01:42+00:00","breadcrumb":{"@id":"https:\/\/al-nanteserdre.org\/alm-wp\/index.php\/le-jardin-des-marsauderies\/#breadcrumb"},"inLanguage":"fr-FR","potentialAction":[{"@type":"ReadAction","target":["https:\/\/al-nanteserdre.org\/alm-wp\/index.php\/le-jardin-des-marsauderies\/"]}]},{"@type":"BreadcrumbList","@id":"https:\/\/al-nanteserdre.org\/alm-wp\/index.php\/le-jardin-des-marsauderies\/#breadcrumb","itemListElement":[{"@type":"ListItem","position":1,"name":"Accueil","item":"https:\/\/al-nanteserdre.org\/alm-wp\/"},{"@type":"ListItem","position":2,"name":"Le Jardin des Marsauderies"}]},{"@type":"WebSite","@id":"https:\/\/al-nanteserdre.org\/alm-wp\/#website","url":"https:\/\/al-nanteserdre.org\/alm-wp\/","name":"Amicale La\u00efque des Marsauderies","description":"Sport pour tous et \u00e9ducation populaire","publisher":{"@id":"https:\/\/al-nanteserdre.org\/alm-wp\/#organization"},"potentialAction":[{"@type":"SearchAction","target":{"@type":"EntryPoint","urlTemplate":"https:\/\/al-nanteserdre.org\/alm-wp\/?s={search_term_string}"},"query-input":{"@type":"PropertyValueSpecification","valueRequired":true,"valueName":"search_term_string"}}],"inLanguage":"fr-FR"},{"@type":"Organization","@id":"https:\/\/al-nanteserdre.org\/alm-wp\/#organization","name":"Amicale Laique des Marsauderies","url":"https:\/\/al-nanteserdre.org\/alm-wp\/","logo":{"@type":"ImageObject","inLanguage":"fr-FR","@id":"https:\/\/al-nanteserdre.org\/alm-wp\/#\/schema\/logo\/image\/","url":"https:\/\/al-nanteserdre.org\/alm-wp\/wp-content\/uploads\/2023\/04\/Logo-UFOLEP.png","contentUrl":"https:\/\/al-nanteserdre.org\/alm-wp\/wp-content\/uploads\/2023\/04\/Logo-UFOLEP.png","width":320,"height":244,"caption":"Amicale Laique des Marsauderies"},"image":{"@id":"https:\/\/al-nanteserdre.org\/alm-wp\/#\/schema\/logo\/image\/"}}]}},"_links":{"self":[{"href":"https:\/\/al-nanteserdre.org\/alm-wp\/index.php\/wp-json\/wp\/v2\/pages\/2844","targetHints":{"allow":["GET"]}}],"collection":[{"href":"https:\/\/al-nanteserdre.org\/alm-wp\/index.php\/wp-json\/wp\/v2\/pages"}],"about":[{"href":"https:\/\/al-nanteserdre.org\/alm-wp\/index.php\/wp-json\/wp\/v2\/types\/page"}],"author":[{"embeddable":true,"href":"https:\/\/al-nanteserdre.org\/alm-wp\/index.php\/wp-json\/wp\/v2\/users\/1"}],"replies":[{"embeddable":true,"href":"https:\/\/al-nanteserdre.org\/alm-wp\/index.php\/wp-json\/wp\/v2\/comments?post=2844"}],"version-history":[{"count":5,"href":"https:\/\/al-nanteserdre.org\/alm-wp\/index.php\/wp-json\/wp\/v2\/pages\/2844\/revisions"}],"predecessor-version":[{"id":3229,"href":"https:\/\/al-nanteserdre.org\/alm-wp\/index.php\/wp-json\/wp\/v2\/pages\/2844\/revisions\/3229"}],"wp:attachment":[{"href":"https:\/\/al-nanteserdre.org\/alm-wp\/index.php\/wp-json\/wp\/v2\/media?parent=2844"}],"curies":[{"name":"wp","href":"https:\/\/api.w.org\/{rel}","templated":true}]}}