{"id":2447,"date":"2021-07-05T22:40:26","date_gmt":"2021-07-05T20:40:26","guid":{"rendered":"https:\/\/al-nanteserdre.org\/alm-wp\/?page_id=2447"},"modified":"2021-07-05T22:40:26","modified_gmt":"2021-07-05T20:40:26","slug":"randonnees-vtc","status":"publish","type":"page","link":"https:\/\/al-nanteserdre.org\/alm-wp\/index.php\/randonnees-vtc\/","title":{"rendered":"Randonn\u00e9es VTC"},"content":{"rendered":"\n<br\/>\n<div class=\"row\">\n\t<div class=\"card-image\" id=\"img_title\">\n        <img decoding=\"async\" src=\"https:\/\/al-nanteserdre.org\/alm-wp\/wp-content\/uploads\/2021\/07\/Cyclo_New.jpg\" alt=\"Cyclo\">\n    <\/div>\n<\/div>\n\n\n\n\n<div class=\"row z-depth-2\">\n\t<div class=\"card-content grey lighten-5\">\n\t\t<p><strong><strong>D\u00e9couvrez le plaisir de rouler en VTC (V\u00e9lo Tout Chemin), en petit groupe sur des routes \u00e0 faible trafic et des chemins carrossables.<\/strong><\/strong><\/p>\n  <\/div>\n<\/div>\n\n\n\n\n<h2 class=\"wp-block-heading\">Organisation<\/h2>\n\n\n\n<p>Les randonn\u00e9es en VTC (V\u00e9lo Tout Chemin, ou v\u00e9lo de type \u00e9quivalent) sont des randonn\u00e9es \u00e0 v\u00e9lo sans assistance \u00e9lectrique, r\u00e9alis\u00e9es sur des routes \u00e0 faible trafic, des pistes cyclables, des voies vertes et des chemins carrossables. Elles s\u2019adressent \u00e0 des adultes majeurs souhaitant pratiquer une activit\u00e9 v\u00e9lo loisirs \u00e0 une vitesse moyenne de 15 \u00e0 20 km\/h, sans esprit de performance ou de comp\u00e9tition.<\/p>\n\n\n\n<p>Les randonn\u00e9es VTC sont organis\u00e9es le dimanche matin \u00e0 la demi-journ\u00e9e sur un parcours de l\u2019ordre de 30 \u00e0 40 km. A la belle saison, certaines peuvent \u00eatre pr\u00e9vues \u00e0 la journ\u00e9e avec pique-nique, sur un parcours de l\u2019ordre de 70 \u00e0 80 km.<\/p>\n\n\n\n<p>Les randonn\u00e9es sont pr\u00e9par\u00e9es et encadr\u00e9es par des b\u00e9n\u00e9voles.<\/p>\n\n\n\n<p><strong>Un certificat m\u00e9dical de non contre-indication \u00e0 la pratique de la randonn\u00e9e v\u00e9lo sera demand\u00e9 \u00e0 la premi\u00e8re inscription.<\/strong><\/p>\n\n\n\n<h2 class=\"wp-block-heading\">Horaires<\/h2>\n\n\n\n<p><strong>Saison 2025 \/ 2026<\/strong><br \/>\r\nLe dimanche matin (ou &eacute;ventuellement &agrave; la journ&eacute;e &agrave; la belle saison), avec une fr&eacute;quence mensuelle.<\/p>\r\n\r\n<p>D&eacute;part &agrave; 9h depuis le parking de l&rsquo;Intermarch&eacute; de l&rsquo;Eraudi&egrave;re, route de Saint-Joseph.<\/p>\r\n\r\n<p>&nbsp;<\/p>\n\n\n\n<h2 class=\"wp-block-heading\">Cotisation annuelle<\/h2>\n\n\n\n<p><strong>Saison 2025 \/ 2026<\/strong><\/p>\r\n\r\n<table border=\"1\" cellpadding=\"1\" cellspacing=\"1\" style=\"height:30px; width:219px\">\r\n\t<tbody>\r\n\t\t<tr>\r\n\t\t\t<td>Adultes<\/td>\r\n\t\t\t<td><strong>71 &euro;<\/strong><\/td>\r\n\t\t<\/tr>\r\n\t<\/tbody>\r\n<\/table>\n\n\n\n<h2 class=\"wp-block-heading\">Lieux de pratique<\/h2>\n\n\n\n\t<p><\/p>\r\n\t<div id=\"osm-map\" style=\"width: 100%; height: 400px;\">&nbsp;<\/div>\r\n\t<script src=\"https:\/\/unpkg.com\/leaflet@1.6.0\/dist\/leaflet.js\"><\/script>\r\n\t<link href=\"https:\/\/unpkg.com\/leaflet@1.6.0\/dist\/leaflet.css\" rel=\"stylesheet\"\/>\r\n\t<script type=\"text\/javascript\">\r\n\t\tvar villes = {\"Marsauderies - P&ocirc;le Associatif\":{\"lat\":\"47.242905\",\"lon\":\"-1.528555\"}};\r\n\t\tvar lat = 47.242905;\r\n        var lon = -1.528555;\r\n\t\t\r\n\t\tvar element = document.getElementById('osm-map');\r\n\t\t\/\/ Create Leaflet map on map element.\r\n\t\tvar map = L.map(element);\r\n\r\n\t\tL.tileLayer('http:\/\/{s}.tile.osm.org\/{z}\/{x}\/{y}.png', {\r\n\t\t\tattribution: '&copy; <a href=\"http:\/\/osm.org\/copyright\">OpenStreetMap<\/a> contributors'\r\n\t\t}).addTo(map);\r\n\t\t\r\n\t\tfor (ville in villes) {\r\n\t\t\tvar target = L.latLng([villes[ville].lat, villes[ville].lon]);\r\n\t\t\tL.marker(target).addTo(map);\r\n\t\t} \t\t\r\n\t\t\/\/ Target's GPS coordinates.\r\n\t\tvar target = L.latLng(lat, lon);\r\n\r\n\t\t\/\/ Set map's center to target with zoom 14.\r\n\t\tmap.setView(target, 15);\r\n\t<\/script>\r\n\t\n","protected":false},"excerpt":{"rendered":"<p>Organisation Les randonn\u00e9es en VTC (V\u00e9lo Tout Chemin, ou v\u00e9lo de type \u00e9quivalent) sont des randonn\u00e9es \u00e0 v\u00e9lo sans assistance \u00e9lectrique, r\u00e9alis\u00e9es sur des routes \u00e0 faible trafic, des pistes cyclables, des voies vertes et des chemins carrossables. Elles s\u2019adressent \u00e0 des adultes majeurs souhaitant pratiquer une activit\u00e9 v\u00e9lo loisirs \u00e0 une vitesse moyenne de [&hellip;]<\/p>\n","protected":false},"author":1,"featured_media":0,"parent":0,"menu_order":0,"comment_status":"closed","ping_status":"closed","template":"","meta":{"footnotes":""},"class_list":["post-2447","page","type-page","status-publish","hentry"],"yoast_head":"<!-- This site is optimized with the Yoast SEO plugin v27.4 - https:\/\/yoast.com\/product\/yoast-seo-wordpress\/ -->\n<title>Randonn\u00e9es VTC - Amicale La\u00efque des Marsauderies<\/title>\n<meta name=\"robots\" content=\"index, follow, max-snippet:-1, max-image-preview:large, max-video-preview:-1\" \/>\n<link rel=\"canonical\" href=\"https:\/\/al-nanteserdre.org\/alm-wp\/index.php\/randonnees-vtc\/\" \/>\n<meta property=\"og:locale\" content=\"fr_FR\" \/>\n<meta property=\"og:type\" content=\"article\" \/>\n<meta property=\"og:title\" content=\"Randonn\u00e9es VTC - Amicale La\u00efque des Marsauderies\" \/>\n<meta property=\"og:description\" content=\"Organisation Les randonn\u00e9es en VTC (V\u00e9lo Tout Chemin, ou v\u00e9lo de type \u00e9quivalent) sont des randonn\u00e9es \u00e0 v\u00e9lo sans assistance \u00e9lectrique, r\u00e9alis\u00e9es sur des routes \u00e0 faible trafic, des pistes cyclables, des voies vertes et des chemins carrossables. Elles s\u2019adressent \u00e0 des adultes majeurs souhaitant pratiquer une activit\u00e9 v\u00e9lo loisirs \u00e0 une vitesse moyenne de [&hellip;]\" \/>\n<meta property=\"og:url\" content=\"https:\/\/al-nanteserdre.org\/alm-wp\/index.php\/randonnees-vtc\/\" \/>\n<meta property=\"og:site_name\" content=\"Amicale La\u00efque des Marsauderies\" \/>\n<meta name=\"twitter:card\" content=\"summary_large_image\" \/>\n<meta name=\"twitter:label1\" content=\"Dur\u00e9e de lecture estim\u00e9e\" \/>\n\t<meta name=\"twitter:data1\" content=\"1 minute\" \/>\n<script type=\"application\/ld+json\" class=\"yoast-schema-graph\">{\"@context\":\"https:\\\/\\\/schema.org\",\"@graph\":[{\"@type\":\"WebPage\",\"@id\":\"https:\\\/\\\/al-nanteserdre.org\\\/alm-wp\\\/index.php\\\/randonnees-vtc\\\/\",\"url\":\"https:\\\/\\\/al-nanteserdre.org\\\/alm-wp\\\/index.php\\\/randonnees-vtc\\\/\",\"name\":\"Randonn\u00e9es VTC - Amicale La\u00efque des Marsauderies\",\"isPartOf\":{\"@id\":\"https:\\\/\\\/al-nanteserdre.org\\\/alm-wp\\\/#website\"},\"datePublished\":\"2021-07-05T20:40:26+00:00\",\"breadcrumb\":{\"@id\":\"https:\\\/\\\/al-nanteserdre.org\\\/alm-wp\\\/index.php\\\/randonnees-vtc\\\/#breadcrumb\"},\"inLanguage\":\"fr-FR\",\"potentialAction\":[{\"@type\":\"ReadAction\",\"target\":[\"https:\\\/\\\/al-nanteserdre.org\\\/alm-wp\\\/index.php\\\/randonnees-vtc\\\/\"]}]},{\"@type\":\"BreadcrumbList\",\"@id\":\"https:\\\/\\\/al-nanteserdre.org\\\/alm-wp\\\/index.php\\\/randonnees-vtc\\\/#breadcrumb\",\"itemListElement\":[{\"@type\":\"ListItem\",\"position\":1,\"name\":\"Accueil\",\"item\":\"https:\\\/\\\/al-nanteserdre.org\\\/alm-wp\\\/\"},{\"@type\":\"ListItem\",\"position\":2,\"name\":\"Randonn\u00e9es VTC\"}]},{\"@type\":\"WebSite\",\"@id\":\"https:\\\/\\\/al-nanteserdre.org\\\/alm-wp\\\/#website\",\"url\":\"https:\\\/\\\/al-nanteserdre.org\\\/alm-wp\\\/\",\"name\":\"Amicale La\u00efque des Marsauderies\",\"description\":\"Sport pour tous et \u00e9ducation populaire\",\"publisher\":{\"@id\":\"https:\\\/\\\/al-nanteserdre.org\\\/alm-wp\\\/#organization\"},\"potentialAction\":[{\"@type\":\"SearchAction\",\"target\":{\"@type\":\"EntryPoint\",\"urlTemplate\":\"https:\\\/\\\/al-nanteserdre.org\\\/alm-wp\\\/?s={search_term_string}\"},\"query-input\":{\"@type\":\"PropertyValueSpecification\",\"valueRequired\":true,\"valueName\":\"search_term_string\"}}],\"inLanguage\":\"fr-FR\"},{\"@type\":\"Organization\",\"@id\":\"https:\\\/\\\/al-nanteserdre.org\\\/alm-wp\\\/#organization\",\"name\":\"Amicale Laique des Marsauderies\",\"url\":\"https:\\\/\\\/al-nanteserdre.org\\\/alm-wp\\\/\",\"logo\":{\"@type\":\"ImageObject\",\"inLanguage\":\"fr-FR\",\"@id\":\"https:\\\/\\\/al-nanteserdre.org\\\/alm-wp\\\/#\\\/schema\\\/logo\\\/image\\\/\",\"url\":\"https:\\\/\\\/al-nanteserdre.org\\\/alm-wp\\\/wp-content\\\/uploads\\\/2023\\\/04\\\/Logo-UFOLEP.png\",\"contentUrl\":\"https:\\\/\\\/al-nanteserdre.org\\\/alm-wp\\\/wp-content\\\/uploads\\\/2023\\\/04\\\/Logo-UFOLEP.png\",\"width\":320,\"height\":244,\"caption\":\"Amicale Laique des Marsauderies\"},\"image\":{\"@id\":\"https:\\\/\\\/al-nanteserdre.org\\\/alm-wp\\\/#\\\/schema\\\/logo\\\/image\\\/\"}}]}<\/script>\n<!-- \/ Yoast SEO plugin. -->","yoast_head_json":{"title":"Randonn\u00e9es VTC - Amicale La\u00efque des Marsauderies","robots":{"index":"index","follow":"follow","max-snippet":"max-snippet:-1","max-image-preview":"max-image-preview:large","max-video-preview":"max-video-preview:-1"},"canonical":"https:\/\/al-nanteserdre.org\/alm-wp\/index.php\/randonnees-vtc\/","og_locale":"fr_FR","og_type":"article","og_title":"Randonn\u00e9es VTC - Amicale La\u00efque des Marsauderies","og_description":"Organisation Les randonn\u00e9es en VTC (V\u00e9lo Tout Chemin, ou v\u00e9lo de type \u00e9quivalent) sont des randonn\u00e9es \u00e0 v\u00e9lo sans assistance \u00e9lectrique, r\u00e9alis\u00e9es sur des routes \u00e0 faible trafic, des pistes cyclables, des voies vertes et des chemins carrossables. Elles s\u2019adressent \u00e0 des adultes majeurs souhaitant pratiquer une activit\u00e9 v\u00e9lo loisirs \u00e0 une vitesse moyenne de [&hellip;]","og_url":"https:\/\/al-nanteserdre.org\/alm-wp\/index.php\/randonnees-vtc\/","og_site_name":"Amicale La\u00efque des Marsauderies","twitter_card":"summary_large_image","twitter_misc":{"Dur\u00e9e de lecture estim\u00e9e":"1 minute"},"schema":{"@context":"https:\/\/schema.org","@graph":[{"@type":"WebPage","@id":"https:\/\/al-nanteserdre.org\/alm-wp\/index.php\/randonnees-vtc\/","url":"https:\/\/al-nanteserdre.org\/alm-wp\/index.php\/randonnees-vtc\/","name":"Randonn\u00e9es VTC - Amicale La\u00efque des Marsauderies","isPartOf":{"@id":"https:\/\/al-nanteserdre.org\/alm-wp\/#website"},"datePublished":"2021-07-05T20:40:26+00:00","breadcrumb":{"@id":"https:\/\/al-nanteserdre.org\/alm-wp\/index.php\/randonnees-vtc\/#breadcrumb"},"inLanguage":"fr-FR","potentialAction":[{"@type":"ReadAction","target":["https:\/\/al-nanteserdre.org\/alm-wp\/index.php\/randonnees-vtc\/"]}]},{"@type":"BreadcrumbList","@id":"https:\/\/al-nanteserdre.org\/alm-wp\/index.php\/randonnees-vtc\/#breadcrumb","itemListElement":[{"@type":"ListItem","position":1,"name":"Accueil","item":"https:\/\/al-nanteserdre.org\/alm-wp\/"},{"@type":"ListItem","position":2,"name":"Randonn\u00e9es VTC"}]},{"@type":"WebSite","@id":"https:\/\/al-nanteserdre.org\/alm-wp\/#website","url":"https:\/\/al-nanteserdre.org\/alm-wp\/","name":"Amicale La\u00efque des Marsauderies","description":"Sport pour tous et \u00e9ducation populaire","publisher":{"@id":"https:\/\/al-nanteserdre.org\/alm-wp\/#organization"},"potentialAction":[{"@type":"SearchAction","target":{"@type":"EntryPoint","urlTemplate":"https:\/\/al-nanteserdre.org\/alm-wp\/?s={search_term_string}"},"query-input":{"@type":"PropertyValueSpecification","valueRequired":true,"valueName":"search_term_string"}}],"inLanguage":"fr-FR"},{"@type":"Organization","@id":"https:\/\/al-nanteserdre.org\/alm-wp\/#organization","name":"Amicale Laique des Marsauderies","url":"https:\/\/al-nanteserdre.org\/alm-wp\/","logo":{"@type":"ImageObject","inLanguage":"fr-FR","@id":"https:\/\/al-nanteserdre.org\/alm-wp\/#\/schema\/logo\/image\/","url":"https:\/\/al-nanteserdre.org\/alm-wp\/wp-content\/uploads\/2023\/04\/Logo-UFOLEP.png","contentUrl":"https:\/\/al-nanteserdre.org\/alm-wp\/wp-content\/uploads\/2023\/04\/Logo-UFOLEP.png","width":320,"height":244,"caption":"Amicale Laique des Marsauderies"},"image":{"@id":"https:\/\/al-nanteserdre.org\/alm-wp\/#\/schema\/logo\/image\/"}}]}},"_links":{"self":[{"href":"https:\/\/al-nanteserdre.org\/alm-wp\/index.php\/wp-json\/wp\/v2\/pages\/2447","targetHints":{"allow":["GET"]}}],"collection":[{"href":"https:\/\/al-nanteserdre.org\/alm-wp\/index.php\/wp-json\/wp\/v2\/pages"}],"about":[{"href":"https:\/\/al-nanteserdre.org\/alm-wp\/index.php\/wp-json\/wp\/v2\/types\/page"}],"author":[{"embeddable":true,"href":"https:\/\/al-nanteserdre.org\/alm-wp\/index.php\/wp-json\/wp\/v2\/users\/1"}],"replies":[{"embeddable":true,"href":"https:\/\/al-nanteserdre.org\/alm-wp\/index.php\/wp-json\/wp\/v2\/comments?post=2447"}],"version-history":[{"count":7,"href":"https:\/\/al-nanteserdre.org\/alm-wp\/index.php\/wp-json\/wp\/v2\/pages\/2447\/revisions"}],"predecessor-version":[{"id":2458,"href":"https:\/\/al-nanteserdre.org\/alm-wp\/index.php\/wp-json\/wp\/v2\/pages\/2447\/revisions\/2458"}],"wp:attachment":[{"href":"https:\/\/al-nanteserdre.org\/alm-wp\/index.php\/wp-json\/wp\/v2\/media?parent=2447"}],"curies":[{"name":"wp","href":"https:\/\/api.w.org\/{rel}","templated":true}]}}