{"id":181,"date":"2021-05-23T22:47:40","date_gmt":"2021-05-23T20:47:40","guid":{"rendered":"https:\/\/al-nanteserdre.org\/alm-wp\/?page_id=181"},"modified":"2024-05-24T16:51:38","modified_gmt":"2024-05-24T14:51:38","slug":"tir-a-larc","status":"publish","type":"page","link":"https:\/\/al-nanteserdre.org\/alm-wp\/index.php\/tir-a-larc\/","title":{"rendered":"Tir \u00e0 l&rsquo;Arc"},"content":{"rendered":"\n<br\/>\n<div class=\"row\">\n\t<div class=\"card-image\" id=\"img_title\">\n        <img decoding=\"async\" src=\"https:\/\/al-nanteserdre.org\/alm-wp\/wp-content\/uploads\/2021\/05\/tir_arc.jpg\" alt=\"photo cours d'anglais\">\n    <\/div>\n<\/div>\n\n\n\n\n<div class=\"row z-depth-2\">\n\t<div class=\"card-content grey lighten-5\">\n\t\t<p>Pour le plaisir et pour d\u00e9velopper ma\u00eetrise et concentration dans un groupe convivial. Initiation, perfectionnement et comp\u00e9tition UFOLEP, pour adultes et enfants (\u00e0 partir de 10 ans).<\/p>\n  <\/div>\n<\/div>\n\n\n\n\n<h2 class=\"wp-block-heading\">Organisation<\/h2>\n\n\n\n<p>Les jeunes et les adultes d\u00e9butants sont encadr\u00e9s par des animateurs dipl\u00f4m\u00e9 d&rsquo;Etat. .<\/p>\n\n\n\n<p>Des temps conviviaux sont r\u00e9guli\u00e8rement organis\u00e9s pour cr\u00e9er une coh\u00e9sion dans les groupes d\u00e9butants et perfectionnement. Des comp\u00e9titions bon enfant sont organis\u00e9es en interne (tir du roi, d\u00e9butants, &#8230;) <\/p>\n\n\n\n<p>Vous pouvez \u00e9galement participer au championnat D\u00e9partemental (Environ 10 rencontres par an)<\/p>\n\n\n\n<p>A la belle saison, il est possible de tirer en ext\u00e9rieur (30 et 40m) au pas de tir Jean Jacques Audubon.<\/p>\n\n\n\n<p>Les d\u00e9butants ont la possibilit\u00e9 de louer un arc pour la saison.<\/p>\n\n\n\n<h2 class=\"wp-block-heading\">Horaires<\/h2>\n\n\n\n<p><strong>Saison 2025 \/ 2026<\/strong><\/p>\r\n\r\n<table border=\"1\" cellpadding=\"1\" cellspacing=\"1\" style=\"height:293px; width:467px\">\r\n\t<tbody>\r\n\t\t<tr>\r\n\t\t\t<td><strong><span style=\"color:#231f20\">Lundi<\/span><\/strong><\/td>\r\n\t\t\t<td>&nbsp;<\/td>\r\n\t\t\t<td>&nbsp;<\/td>\r\n\t\t<\/tr>\r\n\t\t<tr>\r\n\t\t\t<td><span style=\"color:#231f20\">10\/12 ans<\/span><\/td>\r\n\t\t\t<td><span style=\"color:#231f20\">D&eacute;butants et perfectionnement<\/span><\/td>\r\n\t\t\t<td><span style=\"color:#231f20\">17h00 \/ 18h00<\/span><\/td>\r\n\t\t<\/tr>\r\n\t\t<tr>\r\n\t\t\t<td><span style=\"color:#231f20\">13\/15 ans<\/span><\/td>\r\n\t\t\t<td><span style=\"color:#231f20\">D&eacute;butants et perfectionnement<\/span><\/td>\r\n\t\t\t<td><span style=\"color:#231f20\">18h00 \/ 19h00<\/span><\/td>\r\n\t\t<\/tr>\r\n\t\t<tr>\r\n\t\t\t<td><span style=\"color:#231f20\">16\/17 ans<\/span><\/td>\r\n\t\t\t<td><span style=\"color:#231f20\">D&eacute;butants et perfectionnemen<\/span><\/td>\r\n\t\t\t<td><span style=\"color:#231f20\">19h00 \/ 20h00<\/span><\/td>\r\n\t\t<\/tr>\r\n\t\t<tr>\r\n\t\t\t<td><span style=\"color:#231f20\">Adultes <\/span><\/td>\r\n\t\t\t<td>D<span style=\"color:#231f20\">&eacute;butants et perfectionnement<\/span><\/td>\r\n\t\t\t<td><span style=\"color:#231f20\">20h00 \/ 21h30<\/span><\/td>\r\n\t\t<\/tr>\r\n\t\t<tr>\r\n\t\t\t<td><strong><span style=\"color:#231f20\">Jeudi<\/span><\/strong><\/td>\r\n\t\t\t<td>&nbsp;<\/td>\r\n\t\t\t<td>&nbsp;<\/td>\r\n\t\t<\/tr>\r\n\t\t<tr>\r\n\t\t\t<td><span style=\"color:#231f20\">Adultes <\/span><\/td>\r\n\t\t\t<td>P<span style=\"color:#231f20\">erfectionnement<\/span><\/td>\r\n\t\t\t<td><span style=\"color:#231f20\">19h00 \/ 20h30<\/span><\/td>\r\n\t\t<\/tr>\r\n\t\t<tr>\r\n\t\t\t<td><strong><span style=\"color:#231f20\">Samedi<\/span><\/strong><\/td>\r\n\t\t\t<td>&nbsp;<\/td>\r\n\t\t\t<td>&nbsp;<\/td>\r\n\t\t<\/tr>\r\n\t\t<tr>\r\n\t\t\t<td><span style=\"color:#231f20\">Adultes <\/span><\/td>\r\n\t\t\t<td>P<span style=\"color:#231f20\">erfectionnement<\/span><\/td>\r\n\t\t\t<td><span style=\"color:#231f20\">16h00\/18h00<\/span><\/td>\r\n\t\t<\/tr>\r\n\t\t<tr>\r\n\t\t\t<td><strong><span style=\"color:#231f20\">Dimanche<\/span><\/strong><\/td>\r\n\t\t\t<td>&nbsp;<\/td>\r\n\t\t\t<td>&nbsp;<\/td>\r\n\t\t<\/tr>\r\n\t\t<tr>\r\n\t\t\t<td><span style=\"color:#231f20\">Adultes <\/span><\/td>\r\n\t\t\t<td>P<span style=\"color:#231f20\">erfectionnement<\/span><\/td>\r\n\t\t\t<td><span style=\"color:#231f20\">10h00 \/ 12h00(*)<\/span><\/td>\r\n\t\t<\/tr>\r\n\t<\/tbody>\r\n<\/table>\r\n\r\n<p style=\"margin-left:9px\"><span style=\"color:#231f20\">(*) Selon disponibilit&eacute; du gymnase des Marsauderies<\/span><\/p>\r\n\r\n<p style=\"margin-left:9px\">&nbsp;<\/p>\n\n\n\n<h2 class=\"wp-block-heading\">Cotisation annuelle<\/h2>\n\n\n\n<p><strong>Saison 2025 \/ 2026<\/strong><br \/>\r\n<span style=\"color:#000000\">S&eacute;ance hebdomadaire pendant les p&eacute;riodes scolaires<\/span><\/p>\r\n\r\n<table border=\"1\" cellpadding=\"1\" cellspacing=\"1\" style=\"height:82px; width:337px\">\r\n\t<tbody>\r\n\t\t<tr>\r\n\t\t\t<td>S&eacute;ance de<\/td>\r\n\t\t\t<td>1h<\/td>\r\n\t\t\t<td>Jeune<\/td>\r\n\t\t\t<td><strong>129 &euro;<\/strong><\/td>\r\n\t\t<\/tr>\r\n\t\t<tr>\r\n\t\t\t<td>S&eacute;ance de<\/td>\r\n\t\t\t<td>1h30<\/td>\r\n\t\t\t<td><span style=\"color:#231f20\">Adultes Tir libre<\/span><\/td>\r\n\t\t\t<td><strong>100 &euro;<\/strong><\/td>\r\n\t\t<\/tr>\r\n\t\t<tr>\r\n\t\t\t<td>S&eacute;ance de<\/td>\r\n\t\t\t<td>1h30<\/td>\r\n\t\t\t<td><span style=\"color:#231f20\">Adultes d&eacute;butants<\/span><\/td>\r\n\t\t\t<td><span style=\"color:#231f20\"><strong>173 &euro;<\/strong><\/span><\/td>\r\n\t\t<\/tr>\r\n\t<\/tbody>\r\n<\/table>\r\n\r\n<p style=\"margin-right:134px\"><span style=\"color:#231f20\">Pr&eacute;voir si besoin la location d&rsquo;un arc pour la saison (30 &euro;) et, pour les d&eacute;butants, l&#39;achat du petit mat&eacute;riel (environ 40 &euro;). Achats group&eacute;s par la section Tir &agrave; l&rsquo;Arc.<\/span><\/p>\r\n\r\n<p style=\"margin-right:134px\">&nbsp;<\/p>\r\n\r\n<p style=\"margin-left:12px; margin-right:21px\">&nbsp;<\/p>\n\n\n\n<h2 class=\"wp-block-heading\">Lieux de pratique<\/h2>\n\n\n\n\t<p><\/p>\r\n\t<div id=\"osm-map\" style=\"width: 100%; height: 400px;\">&nbsp;<\/div>\r\n\t<script src=\"https:\/\/unpkg.com\/leaflet@1.6.0\/dist\/leaflet.js\"><\/script>\r\n\t<link href=\"https:\/\/unpkg.com\/leaflet@1.6.0\/dist\/leaflet.css\" rel=\"stylesheet\"\/>\r\n\t<script type=\"text\/javascript\">\r\n\t\tvar villes = {\"Gymnase des Marsauderies\":{\"lat\":\"47.242905\",\"lon\":\"-1.528555\"}};\r\n\t\tvar lat = 47.242905;\r\n        var lon = -1.528555;\r\n\t\t\r\n\t\tvar element = document.getElementById('osm-map');\r\n\t\t\/\/ Create Leaflet map on map element.\r\n\t\tvar map = L.map(element);\r\n\r\n\t\tL.tileLayer('http:\/\/{s}.tile.osm.org\/{z}\/{x}\/{y}.png', {\r\n\t\t\tattribution: '&copy; <a href=\"http:\/\/osm.org\/copyright\">OpenStreetMap<\/a> contributors'\r\n\t\t}).addTo(map);\r\n\t\t\r\n\t\tfor (ville in villes) {\r\n\t\t\tvar target = L.latLng([villes[ville].lat, villes[ville].lon]);\r\n\t\t\tL.marker(target).addTo(map);\r\n\t\t} \t\t\r\n\t\t\/\/ Target's GPS coordinates.\r\n\t\tvar target = L.latLng(lat, lon);\r\n\r\n\t\t\/\/ Set map's center to target with zoom 14.\r\n\t\tmap.setView(target, 15);\r\n\t<\/script>\r\n\t\n","protected":false},"excerpt":{"rendered":"<p>Organisation Les jeunes et les adultes d\u00e9butants sont encadr\u00e9s par des animateurs dipl\u00f4m\u00e9 d&rsquo;Etat. . Des temps conviviaux sont r\u00e9guli\u00e8rement organis\u00e9s pour cr\u00e9er une coh\u00e9sion dans les groupes d\u00e9butants et perfectionnement. Des comp\u00e9titions bon enfant sont organis\u00e9es en interne (tir du roi, d\u00e9butants, &#8230;) Vous pouvez \u00e9galement participer au championnat D\u00e9partemental (Environ 10 rencontres par [&hellip;]<\/p>\n","protected":false},"author":1,"featured_media":0,"parent":0,"menu_order":0,"comment_status":"closed","ping_status":"closed","template":"","meta":{"footnotes":""},"class_list":["post-181","page","type-page","status-publish","hentry"],"yoast_head":"<!-- This site is optimized with the Yoast SEO plugin v27.4 - https:\/\/yoast.com\/product\/yoast-seo-wordpress\/ -->\n<title>Tir \u00e0 l&#039;Arc - Amicale La\u00efque des Marsauderies<\/title>\n<meta name=\"robots\" content=\"index, follow, max-snippet:-1, max-image-preview:large, max-video-preview:-1\" \/>\n<link rel=\"canonical\" href=\"https:\/\/al-nanteserdre.org\/alm-wp\/index.php\/tir-a-larc\/\" \/>\n<meta property=\"og:locale\" content=\"fr_FR\" \/>\n<meta property=\"og:type\" content=\"article\" \/>\n<meta property=\"og:title\" content=\"Tir \u00e0 l&#039;Arc - Amicale La\u00efque des Marsauderies\" \/>\n<meta property=\"og:description\" content=\"Organisation Les jeunes et les adultes d\u00e9butants sont encadr\u00e9s par des animateurs dipl\u00f4m\u00e9 d&rsquo;Etat. . Des temps conviviaux sont r\u00e9guli\u00e8rement organis\u00e9s pour cr\u00e9er une coh\u00e9sion dans les groupes d\u00e9butants et perfectionnement. Des comp\u00e9titions bon enfant sont organis\u00e9es en interne (tir du roi, d\u00e9butants, &#8230;) Vous pouvez \u00e9galement participer au championnat D\u00e9partemental (Environ 10 rencontres par [&hellip;]\" \/>\n<meta property=\"og:url\" content=\"https:\/\/al-nanteserdre.org\/alm-wp\/index.php\/tir-a-larc\/\" \/>\n<meta property=\"og:site_name\" content=\"Amicale La\u00efque des Marsauderies\" \/>\n<meta property=\"article:modified_time\" content=\"2024-05-24T14:51:38+00:00\" \/>\n<meta name=\"twitter:card\" content=\"summary_large_image\" \/>\n<meta name=\"twitter:label1\" content=\"Dur\u00e9e de lecture estim\u00e9e\" \/>\n\t<meta name=\"twitter:data1\" content=\"1 minute\" \/>\n<script type=\"application\/ld+json\" class=\"yoast-schema-graph\">{\"@context\":\"https:\\\/\\\/schema.org\",\"@graph\":[{\"@type\":\"WebPage\",\"@id\":\"https:\\\/\\\/al-nanteserdre.org\\\/alm-wp\\\/index.php\\\/tir-a-larc\\\/\",\"url\":\"https:\\\/\\\/al-nanteserdre.org\\\/alm-wp\\\/index.php\\\/tir-a-larc\\\/\",\"name\":\"Tir \u00e0 l'Arc - Amicale La\u00efque des Marsauderies\",\"isPartOf\":{\"@id\":\"https:\\\/\\\/al-nanteserdre.org\\\/alm-wp\\\/#website\"},\"datePublished\":\"2021-05-23T20:47:40+00:00\",\"dateModified\":\"2024-05-24T14:51:38+00:00\",\"breadcrumb\":{\"@id\":\"https:\\\/\\\/al-nanteserdre.org\\\/alm-wp\\\/index.php\\\/tir-a-larc\\\/#breadcrumb\"},\"inLanguage\":\"fr-FR\",\"potentialAction\":[{\"@type\":\"ReadAction\",\"target\":[\"https:\\\/\\\/al-nanteserdre.org\\\/alm-wp\\\/index.php\\\/tir-a-larc\\\/\"]}]},{\"@type\":\"BreadcrumbList\",\"@id\":\"https:\\\/\\\/al-nanteserdre.org\\\/alm-wp\\\/index.php\\\/tir-a-larc\\\/#breadcrumb\",\"itemListElement\":[{\"@type\":\"ListItem\",\"position\":1,\"name\":\"Accueil\",\"item\":\"https:\\\/\\\/al-nanteserdre.org\\\/alm-wp\\\/\"},{\"@type\":\"ListItem\",\"position\":2,\"name\":\"Tir \u00e0 l&rsquo;Arc\"}]},{\"@type\":\"WebSite\",\"@id\":\"https:\\\/\\\/al-nanteserdre.org\\\/alm-wp\\\/#website\",\"url\":\"https:\\\/\\\/al-nanteserdre.org\\\/alm-wp\\\/\",\"name\":\"Amicale La\u00efque des Marsauderies\",\"description\":\"Sport pour tous et \u00e9ducation populaire\",\"publisher\":{\"@id\":\"https:\\\/\\\/al-nanteserdre.org\\\/alm-wp\\\/#organization\"},\"potentialAction\":[{\"@type\":\"SearchAction\",\"target\":{\"@type\":\"EntryPoint\",\"urlTemplate\":\"https:\\\/\\\/al-nanteserdre.org\\\/alm-wp\\\/?s={search_term_string}\"},\"query-input\":{\"@type\":\"PropertyValueSpecification\",\"valueRequired\":true,\"valueName\":\"search_term_string\"}}],\"inLanguage\":\"fr-FR\"},{\"@type\":\"Organization\",\"@id\":\"https:\\\/\\\/al-nanteserdre.org\\\/alm-wp\\\/#organization\",\"name\":\"Amicale Laique des Marsauderies\",\"url\":\"https:\\\/\\\/al-nanteserdre.org\\\/alm-wp\\\/\",\"logo\":{\"@type\":\"ImageObject\",\"inLanguage\":\"fr-FR\",\"@id\":\"https:\\\/\\\/al-nanteserdre.org\\\/alm-wp\\\/#\\\/schema\\\/logo\\\/image\\\/\",\"url\":\"https:\\\/\\\/al-nanteserdre.org\\\/alm-wp\\\/wp-content\\\/uploads\\\/2023\\\/04\\\/Logo-UFOLEP.png\",\"contentUrl\":\"https:\\\/\\\/al-nanteserdre.org\\\/alm-wp\\\/wp-content\\\/uploads\\\/2023\\\/04\\\/Logo-UFOLEP.png\",\"width\":320,\"height\":244,\"caption\":\"Amicale Laique des Marsauderies\"},\"image\":{\"@id\":\"https:\\\/\\\/al-nanteserdre.org\\\/alm-wp\\\/#\\\/schema\\\/logo\\\/image\\\/\"}}]}<\/script>\n<!-- \/ Yoast SEO plugin. -->","yoast_head_json":{"title":"Tir \u00e0 l'Arc - Amicale La\u00efque des Marsauderies","robots":{"index":"index","follow":"follow","max-snippet":"max-snippet:-1","max-image-preview":"max-image-preview:large","max-video-preview":"max-video-preview:-1"},"canonical":"https:\/\/al-nanteserdre.org\/alm-wp\/index.php\/tir-a-larc\/","og_locale":"fr_FR","og_type":"article","og_title":"Tir \u00e0 l'Arc - Amicale La\u00efque des Marsauderies","og_description":"Organisation Les jeunes et les adultes d\u00e9butants sont encadr\u00e9s par des animateurs dipl\u00f4m\u00e9 d&rsquo;Etat. . Des temps conviviaux sont r\u00e9guli\u00e8rement organis\u00e9s pour cr\u00e9er une coh\u00e9sion dans les groupes d\u00e9butants et perfectionnement. Des comp\u00e9titions bon enfant sont organis\u00e9es en interne (tir du roi, d\u00e9butants, &#8230;) Vous pouvez \u00e9galement participer au championnat D\u00e9partemental (Environ 10 rencontres par [&hellip;]","og_url":"https:\/\/al-nanteserdre.org\/alm-wp\/index.php\/tir-a-larc\/","og_site_name":"Amicale La\u00efque des Marsauderies","article_modified_time":"2024-05-24T14:51:38+00:00","twitter_card":"summary_large_image","twitter_misc":{"Dur\u00e9e de lecture estim\u00e9e":"1 minute"},"schema":{"@context":"https:\/\/schema.org","@graph":[{"@type":"WebPage","@id":"https:\/\/al-nanteserdre.org\/alm-wp\/index.php\/tir-a-larc\/","url":"https:\/\/al-nanteserdre.org\/alm-wp\/index.php\/tir-a-larc\/","name":"Tir \u00e0 l'Arc - Amicale La\u00efque des Marsauderies","isPartOf":{"@id":"https:\/\/al-nanteserdre.org\/alm-wp\/#website"},"datePublished":"2021-05-23T20:47:40+00:00","dateModified":"2024-05-24T14:51:38+00:00","breadcrumb":{"@id":"https:\/\/al-nanteserdre.org\/alm-wp\/index.php\/tir-a-larc\/#breadcrumb"},"inLanguage":"fr-FR","potentialAction":[{"@type":"ReadAction","target":["https:\/\/al-nanteserdre.org\/alm-wp\/index.php\/tir-a-larc\/"]}]},{"@type":"BreadcrumbList","@id":"https:\/\/al-nanteserdre.org\/alm-wp\/index.php\/tir-a-larc\/#breadcrumb","itemListElement":[{"@type":"ListItem","position":1,"name":"Accueil","item":"https:\/\/al-nanteserdre.org\/alm-wp\/"},{"@type":"ListItem","position":2,"name":"Tir \u00e0 l&rsquo;Arc"}]},{"@type":"WebSite","@id":"https:\/\/al-nanteserdre.org\/alm-wp\/#website","url":"https:\/\/al-nanteserdre.org\/alm-wp\/","name":"Amicale La\u00efque des Marsauderies","description":"Sport pour tous et \u00e9ducation populaire","publisher":{"@id":"https:\/\/al-nanteserdre.org\/alm-wp\/#organization"},"potentialAction":[{"@type":"SearchAction","target":{"@type":"EntryPoint","urlTemplate":"https:\/\/al-nanteserdre.org\/alm-wp\/?s={search_term_string}"},"query-input":{"@type":"PropertyValueSpecification","valueRequired":true,"valueName":"search_term_string"}}],"inLanguage":"fr-FR"},{"@type":"Organization","@id":"https:\/\/al-nanteserdre.org\/alm-wp\/#organization","name":"Amicale Laique des Marsauderies","url":"https:\/\/al-nanteserdre.org\/alm-wp\/","logo":{"@type":"ImageObject","inLanguage":"fr-FR","@id":"https:\/\/al-nanteserdre.org\/alm-wp\/#\/schema\/logo\/image\/","url":"https:\/\/al-nanteserdre.org\/alm-wp\/wp-content\/uploads\/2023\/04\/Logo-UFOLEP.png","contentUrl":"https:\/\/al-nanteserdre.org\/alm-wp\/wp-content\/uploads\/2023\/04\/Logo-UFOLEP.png","width":320,"height":244,"caption":"Amicale Laique des Marsauderies"},"image":{"@id":"https:\/\/al-nanteserdre.org\/alm-wp\/#\/schema\/logo\/image\/"}}]}},"_links":{"self":[{"href":"https:\/\/al-nanteserdre.org\/alm-wp\/index.php\/wp-json\/wp\/v2\/pages\/181","targetHints":{"allow":["GET"]}}],"collection":[{"href":"https:\/\/al-nanteserdre.org\/alm-wp\/index.php\/wp-json\/wp\/v2\/pages"}],"about":[{"href":"https:\/\/al-nanteserdre.org\/alm-wp\/index.php\/wp-json\/wp\/v2\/types\/page"}],"author":[{"embeddable":true,"href":"https:\/\/al-nanteserdre.org\/alm-wp\/index.php\/wp-json\/wp\/v2\/users\/1"}],"replies":[{"embeddable":true,"href":"https:\/\/al-nanteserdre.org\/alm-wp\/index.php\/wp-json\/wp\/v2\/comments?post=181"}],"version-history":[{"count":4,"href":"https:\/\/al-nanteserdre.org\/alm-wp\/index.php\/wp-json\/wp\/v2\/pages\/181\/revisions"}],"predecessor-version":[{"id":2903,"href":"https:\/\/al-nanteserdre.org\/alm-wp\/index.php\/wp-json\/wp\/v2\/pages\/181\/revisions\/2903"}],"wp:attachment":[{"href":"https:\/\/al-nanteserdre.org\/alm-wp\/index.php\/wp-json\/wp\/v2\/media?parent=181"}],"curies":[{"name":"wp","href":"https:\/\/api.w.org\/{rel}","templated":true}]}}