{"id":154,"date":"2021-05-23T21:46:35","date_gmt":"2021-05-23T19:46:35","guid":{"rendered":"https:\/\/al-nanteserdre.org\/alm-wp\/?page_id=154"},"modified":"2021-05-27T10:58:04","modified_gmt":"2021-05-27T08:58:04","slug":"ecole-de-sport-multi-activites","status":"publish","type":"page","link":"https:\/\/al-nanteserdre.org\/alm-wp\/index.php\/ecole-de-sport-multi-activites\/","title":{"rendered":"Ecole de Sport &#8211; Multi-Activit\u00e9s"},"content":{"rendered":"\n<br\/>\n<div class=\"row\">\n\t<div class=\"card-image\" id=\"img_title\">\n        <img decoding=\"async\" src=\"https:\/\/al-nanteserdre.org\/alm-wp\/wp-content\/uploads\/2021\/05\/ecoledesport.jpg\" alt=\"photo cours badminton\">\n    <\/div>\n<\/div>\n\n\n\n\n<div class=\"row z-depth-2\">\n\t<div class=\"card-content grey lighten-5\">\n\t\t<p>L&rsquo;\u00e9cole de sport a pour objectif de donner une meilleur approche sportive au travers de nombreuses activit\u00e9s, sans sp\u00e9cialisation pr\u00e9coce, dans le respect des r\u00e8gles du sport et du fairplay<\/p>\n  <\/div>\n<\/div>\n\n\n\n\n<h2 class=\"wp-block-heading\">Organisation<\/h2>\n\n\n\n<p>L&rsquo;activit\u00e9 est organis\u00e9e sous la forme de 3 cycles d&rsquo;une dur\u00e9e d&rsquo;un trimestre chacun.<\/p>\n\n\n\n<p><strong>1er cycle :<\/strong> Psychomotricit\u00e9: Parcours&nbsp; gymniques, athl\u00e9tiques, adresse et coordination<\/p>\n\n\n\n<p><strong>2\u00e8me cycle :<\/strong> Socio motricit\u00e9: Jeux d&rsquo;expression et rythme, opposition, sports collectifs<\/p>\n\n\n\n<p><strong>3\u00e8me cycle : <\/strong>Plein air (patins, jeux d&rsquo;ext\u00e9rieur, v\u00e9lo.) et jeux d&rsquo;orientation.<\/p>\n\n\n\n<p><strong>Multi-Activit\u00e9s<\/strong><\/p>\n\n\n\n<p><strong>Pour les 9 \u00e0 13 ans <\/strong>: Un \u00e0 deux sports diff\u00e9rents par trimestre, qui permettent de d\u00e9velopper des aptitudes compl\u00e9mentaires et de d\u00e9couvrir des disciplines innovantes.<\/p>\n\n\n\n<p><strong>Pour les 14 \/17 ans <\/strong>: Sur le m\u00eame principe un \u00e0 deux sports diff\u00e9rents par trimestre, avec pour ce groupe une d\u00e9marche plus approfondie sur les fondamentaux de chaque discipline.<\/p>\n\n\n\n<p>Dans l\u2019ann\u00e9e, deux regroupements sont organis\u00e9s avec les autres \u00e9coles de sport de l\u2019agglom\u00e9ration nantaise affili\u00e9es \u00e0 L\u2019UFOLEP (le samedi apr\u00e8s-midi en g\u00e9n\u00e9ral).<\/p>\n\n\n\n<p><strong>Certificat m\u00e9dical obligatoire \u00e0 la premi\u00e8re inscription, puis tous les 3 ans. Aucune inscription ne sera valid\u00e9e sans un certificat m\u00e9dical.<\/strong><\/p>\n\n\n\n<h2 class=\"wp-block-heading\">Horaires<\/h2>\n\n\n\n<p><strong>Saison 2025 \/ 2026<\/strong><\/p>\r\n\r\n<table border=\"1\" cellpadding=\"1\" cellspacing=\"1\" style=\"height:135px; width:433px\">\r\n\t<tbody>\r\n\t\t<tr>\r\n\t\t\t<td><strong><span style=\"color:#000000\">Mercredi&nbsp; <\/span><\/strong><span style=\"color:#000000\">&nbsp;&nbsp;&nbsp; <\/span><\/td>\r\n\t\t\t<td><span style=\"color:#000000\">Multi-activit&eacute;s<\/span><\/td>\r\n\t\t\t<td><span style=\"color:#000000\">8 \/ 9 ans<\/span><\/td>\r\n\t\t\t<td><span style=\"color:#000000\">13h30 \/ 14h30<\/span><\/td>\r\n\t\t<\/tr>\r\n\t\t<tr>\r\n\t\t\t<td>&nbsp;<\/td>\r\n\t\t\t<td><span style=\"color:#000000\">Ecole de sport <\/span><\/td>\r\n\t\t\t<td><span style=\"color:#000000\">6 \/ 7 ans<\/span><\/td>\r\n\t\t\t<td><span style=\"color:#000000\">14h30 \/ 15h30<\/span><\/td>\r\n\t\t<\/tr>\r\n\t\t<tr>\r\n\t\t\t<td>&nbsp;<\/td>\r\n\t\t\t<td><span style=\"color:#000000\">Ecole de sport <\/span><\/td>\r\n\t\t\t<td><span style=\"color:#000000\">5 \/ 6 ans<\/span><\/td>\r\n\t\t\t<td><span style=\"color:#000000\">15h30 \/ 16h30<\/span><\/td>\r\n\t\t<\/tr>\r\n\t\t<tr>\r\n\t\t\t<td>&nbsp;<\/td>\r\n\t\t\t<td><span style=\"color:#000000\">Multi-activit&eacute;s<\/span><\/td>\r\n\t\t\t<td><span style=\"color:#000000\">10 \/ 11 ans<\/span><\/td>\r\n\t\t\t<td><span style=\"color:#000000\">16h30 \/ 17h30<\/span><\/td>\r\n\t\t<\/tr>\r\n\t\t<tr>\r\n\t\t\t<td>&nbsp;<\/td>\r\n\t\t\t<td><span style=\"color:#000000\">Multi-activit&eacute;s<\/span><\/td>\r\n\t\t\t<td><span style=\"color:#000000\">12 \/ 13 ans<\/span><\/td>\r\n\t\t\t<td><span style=\"color:#000000\">17h30 \/ 18h30<\/span><\/td>\r\n\t\t<\/tr>\r\n\t\t<tr>\r\n\t\t\t<td>&nbsp;<\/td>\r\n\t\t\t<td><span style=\"color:#000000\">Multi-activit&eacute;s<\/span><\/td>\r\n\t\t\t<td><span style=\"color:#000000\">14 \/ 17 ans<\/span><\/td>\r\n\t\t\t<td><span style=\"color:#000000\">18h30 \/ 19h30<\/span><\/td>\r\n\t\t<\/tr>\r\n\t<\/tbody>\r\n<\/table>\r\n\r\n<p>&nbsp;<\/p>\n\n\n\n<h2 class=\"wp-block-heading\">Cotisation annuelle<\/h2>\n\n\n\n<p><strong>Saison 2025 \/ 2026<\/strong><br \/>\r\n<span style=\"color:#000000\">S&eacute;ance hebdomadaire pendant les p&eacute;riodes scolaires<\/span><\/p>\r\n\r\n<table border=\"1\" cellpadding=\"1\" cellspacing=\"1\" style=\"height:56px; width:294px\">\r\n\t<tbody>\r\n\t\t<tr>\r\n\t\t\t<td>S&eacute;ance de<\/td>\r\n\t\t\t<td>1h<\/td>\r\n\t\t\t<td><span style=\"color:#000000\"><strong>133 &euro;<\/strong><\/span><\/td>\r\n\t\t<\/tr>\r\n\t<\/tbody>\r\n<\/table>\r\n\r\n<p>&nbsp;<\/p>\n\n\n\n<h2 class=\"wp-block-heading\">Lieux de pratique<\/h2>\n\n\n\n\t<p><\/p>\r\n\t<div id=\"osm-map\" style=\"width: 100%; height: 400px;\">&nbsp;<\/div>\r\n\t<script src=\"https:\/\/unpkg.com\/leaflet@1.6.0\/dist\/leaflet.js\"><\/script>\r\n\t<link href=\"https:\/\/unpkg.com\/leaflet@1.6.0\/dist\/leaflet.css\" rel=\"stylesheet\"\/>\r\n\t<script type=\"text\/javascript\">\r\n\t\tvar villes = {\"Gymnase des Marsauderies\":{\"lat\":\"47.242905\",\"lon\":\"-1.528555\"}};\r\n\t\tvar lat = 47.242905;\r\n        var lon = -1.528555;\r\n\t\t\r\n\t\tvar element = document.getElementById('osm-map');\r\n\t\t\/\/ Create Leaflet map on map element.\r\n\t\tvar map = L.map(element);\r\n\r\n\t\tL.tileLayer('http:\/\/{s}.tile.osm.org\/{z}\/{x}\/{y}.png', {\r\n\t\t\tattribution: '&copy; <a href=\"http:\/\/osm.org\/copyright\">OpenStreetMap<\/a> contributors'\r\n\t\t}).addTo(map);\r\n\t\t\r\n\t\tfor (ville in villes) {\r\n\t\t\tvar target = L.latLng([villes[ville].lat, villes[ville].lon]);\r\n\t\t\tL.marker(target).addTo(map);\r\n\t\t} \t\t\r\n\t\t\/\/ Target's GPS coordinates.\r\n\t\tvar target = L.latLng(lat, lon);\r\n\r\n\t\t\/\/ Set map's center to target with zoom 14.\r\n\t\tmap.setView(target, 15);\r\n\t<\/script>\r\n\t\n","protected":false},"excerpt":{"rendered":"<p>Organisation L&rsquo;activit\u00e9 est organis\u00e9e sous la forme de 3 cycles d&rsquo;une dur\u00e9e d&rsquo;un trimestre chacun. 1er cycle : Psychomotricit\u00e9: Parcours&nbsp; gymniques, athl\u00e9tiques, adresse et coordination 2\u00e8me cycle : Socio motricit\u00e9: Jeux d&rsquo;expression et rythme, opposition, sports collectifs 3\u00e8me cycle : Plein air (patins, jeux d&rsquo;ext\u00e9rieur, v\u00e9lo.) et jeux d&rsquo;orientation. Multi-Activit\u00e9s Pour les 9 \u00e0 13 [&hellip;]<\/p>\n","protected":false},"author":1,"featured_media":0,"parent":0,"menu_order":0,"comment_status":"closed","ping_status":"closed","template":"","meta":{"footnotes":""},"class_list":["post-154","page","type-page","status-publish","hentry"],"yoast_head":"<!-- This site is optimized with the Yoast SEO plugin v27.4 - https:\/\/yoast.com\/product\/yoast-seo-wordpress\/ -->\n<title>Ecole de Sport - Multi-Activit\u00e9s - Amicale La\u00efque des Marsauderies<\/title>\n<meta name=\"robots\" content=\"index, follow, max-snippet:-1, max-image-preview:large, max-video-preview:-1\" \/>\n<link rel=\"canonical\" href=\"https:\/\/al-nanteserdre.org\/alm-wp\/index.php\/ecole-de-sport-multi-activites\/\" \/>\n<meta property=\"og:locale\" content=\"fr_FR\" \/>\n<meta property=\"og:type\" content=\"article\" \/>\n<meta property=\"og:title\" content=\"Ecole de Sport - Multi-Activit\u00e9s - Amicale La\u00efque des Marsauderies\" \/>\n<meta property=\"og:description\" content=\"Organisation L&rsquo;activit\u00e9 est organis\u00e9e sous la forme de 3 cycles d&rsquo;une dur\u00e9e d&rsquo;un trimestre chacun. 1er cycle : Psychomotricit\u00e9: Parcours&nbsp; gymniques, athl\u00e9tiques, adresse et coordination 2\u00e8me cycle : Socio motricit\u00e9: Jeux d&rsquo;expression et rythme, opposition, sports collectifs 3\u00e8me cycle : Plein air (patins, jeux d&rsquo;ext\u00e9rieur, v\u00e9lo.) et jeux d&rsquo;orientation. Multi-Activit\u00e9s Pour les 9 \u00e0 13 [&hellip;]\" \/>\n<meta property=\"og:url\" content=\"https:\/\/al-nanteserdre.org\/alm-wp\/index.php\/ecole-de-sport-multi-activites\/\" \/>\n<meta property=\"og:site_name\" content=\"Amicale La\u00efque des Marsauderies\" \/>\n<meta property=\"article:modified_time\" content=\"2021-05-27T08:58:04+00:00\" \/>\n<meta name=\"twitter:card\" content=\"summary_large_image\" \/>\n<meta name=\"twitter:label1\" content=\"Dur\u00e9e de lecture estim\u00e9e\" \/>\n\t<meta name=\"twitter:data1\" content=\"1 minute\" \/>\n<script type=\"application\/ld+json\" class=\"yoast-schema-graph\">{\"@context\":\"https:\\\/\\\/schema.org\",\"@graph\":[{\"@type\":\"WebPage\",\"@id\":\"https:\\\/\\\/al-nanteserdre.org\\\/alm-wp\\\/index.php\\\/ecole-de-sport-multi-activites\\\/\",\"url\":\"https:\\\/\\\/al-nanteserdre.org\\\/alm-wp\\\/index.php\\\/ecole-de-sport-multi-activites\\\/\",\"name\":\"Ecole de Sport - Multi-Activit\u00e9s - Amicale La\u00efque des Marsauderies\",\"isPartOf\":{\"@id\":\"https:\\\/\\\/al-nanteserdre.org\\\/alm-wp\\\/#website\"},\"datePublished\":\"2021-05-23T19:46:35+00:00\",\"dateModified\":\"2021-05-27T08:58:04+00:00\",\"breadcrumb\":{\"@id\":\"https:\\\/\\\/al-nanteserdre.org\\\/alm-wp\\\/index.php\\\/ecole-de-sport-multi-activites\\\/#breadcrumb\"},\"inLanguage\":\"fr-FR\",\"potentialAction\":[{\"@type\":\"ReadAction\",\"target\":[\"https:\\\/\\\/al-nanteserdre.org\\\/alm-wp\\\/index.php\\\/ecole-de-sport-multi-activites\\\/\"]}]},{\"@type\":\"BreadcrumbList\",\"@id\":\"https:\\\/\\\/al-nanteserdre.org\\\/alm-wp\\\/index.php\\\/ecole-de-sport-multi-activites\\\/#breadcrumb\",\"itemListElement\":[{\"@type\":\"ListItem\",\"position\":1,\"name\":\"Accueil\",\"item\":\"https:\\\/\\\/al-nanteserdre.org\\\/alm-wp\\\/\"},{\"@type\":\"ListItem\",\"position\":2,\"name\":\"Ecole de Sport &#8211; Multi-Activit\u00e9s\"}]},{\"@type\":\"WebSite\",\"@id\":\"https:\\\/\\\/al-nanteserdre.org\\\/alm-wp\\\/#website\",\"url\":\"https:\\\/\\\/al-nanteserdre.org\\\/alm-wp\\\/\",\"name\":\"Amicale La\u00efque des Marsauderies\",\"description\":\"Sport pour tous et \u00e9ducation populaire\",\"publisher\":{\"@id\":\"https:\\\/\\\/al-nanteserdre.org\\\/alm-wp\\\/#organization\"},\"potentialAction\":[{\"@type\":\"SearchAction\",\"target\":{\"@type\":\"EntryPoint\",\"urlTemplate\":\"https:\\\/\\\/al-nanteserdre.org\\\/alm-wp\\\/?s={search_term_string}\"},\"query-input\":{\"@type\":\"PropertyValueSpecification\",\"valueRequired\":true,\"valueName\":\"search_term_string\"}}],\"inLanguage\":\"fr-FR\"},{\"@type\":\"Organization\",\"@id\":\"https:\\\/\\\/al-nanteserdre.org\\\/alm-wp\\\/#organization\",\"name\":\"Amicale Laique des Marsauderies\",\"url\":\"https:\\\/\\\/al-nanteserdre.org\\\/alm-wp\\\/\",\"logo\":{\"@type\":\"ImageObject\",\"inLanguage\":\"fr-FR\",\"@id\":\"https:\\\/\\\/al-nanteserdre.org\\\/alm-wp\\\/#\\\/schema\\\/logo\\\/image\\\/\",\"url\":\"https:\\\/\\\/al-nanteserdre.org\\\/alm-wp\\\/wp-content\\\/uploads\\\/2023\\\/04\\\/Logo-UFOLEP.png\",\"contentUrl\":\"https:\\\/\\\/al-nanteserdre.org\\\/alm-wp\\\/wp-content\\\/uploads\\\/2023\\\/04\\\/Logo-UFOLEP.png\",\"width\":320,\"height\":244,\"caption\":\"Amicale Laique des Marsauderies\"},\"image\":{\"@id\":\"https:\\\/\\\/al-nanteserdre.org\\\/alm-wp\\\/#\\\/schema\\\/logo\\\/image\\\/\"}}]}<\/script>\n<!-- \/ Yoast SEO plugin. -->","yoast_head_json":{"title":"Ecole de Sport - Multi-Activit\u00e9s - Amicale La\u00efque des Marsauderies","robots":{"index":"index","follow":"follow","max-snippet":"max-snippet:-1","max-image-preview":"max-image-preview:large","max-video-preview":"max-video-preview:-1"},"canonical":"https:\/\/al-nanteserdre.org\/alm-wp\/index.php\/ecole-de-sport-multi-activites\/","og_locale":"fr_FR","og_type":"article","og_title":"Ecole de Sport - Multi-Activit\u00e9s - Amicale La\u00efque des Marsauderies","og_description":"Organisation L&rsquo;activit\u00e9 est organis\u00e9e sous la forme de 3 cycles d&rsquo;une dur\u00e9e d&rsquo;un trimestre chacun. 1er cycle : Psychomotricit\u00e9: Parcours&nbsp; gymniques, athl\u00e9tiques, adresse et coordination 2\u00e8me cycle : Socio motricit\u00e9: Jeux d&rsquo;expression et rythme, opposition, sports collectifs 3\u00e8me cycle : Plein air (patins, jeux d&rsquo;ext\u00e9rieur, v\u00e9lo.) et jeux d&rsquo;orientation. Multi-Activit\u00e9s Pour les 9 \u00e0 13 [&hellip;]","og_url":"https:\/\/al-nanteserdre.org\/alm-wp\/index.php\/ecole-de-sport-multi-activites\/","og_site_name":"Amicale La\u00efque des Marsauderies","article_modified_time":"2021-05-27T08:58:04+00:00","twitter_card":"summary_large_image","twitter_misc":{"Dur\u00e9e de lecture estim\u00e9e":"1 minute"},"schema":{"@context":"https:\/\/schema.org","@graph":[{"@type":"WebPage","@id":"https:\/\/al-nanteserdre.org\/alm-wp\/index.php\/ecole-de-sport-multi-activites\/","url":"https:\/\/al-nanteserdre.org\/alm-wp\/index.php\/ecole-de-sport-multi-activites\/","name":"Ecole de Sport - Multi-Activit\u00e9s - Amicale La\u00efque des Marsauderies","isPartOf":{"@id":"https:\/\/al-nanteserdre.org\/alm-wp\/#website"},"datePublished":"2021-05-23T19:46:35+00:00","dateModified":"2021-05-27T08:58:04+00:00","breadcrumb":{"@id":"https:\/\/al-nanteserdre.org\/alm-wp\/index.php\/ecole-de-sport-multi-activites\/#breadcrumb"},"inLanguage":"fr-FR","potentialAction":[{"@type":"ReadAction","target":["https:\/\/al-nanteserdre.org\/alm-wp\/index.php\/ecole-de-sport-multi-activites\/"]}]},{"@type":"BreadcrumbList","@id":"https:\/\/al-nanteserdre.org\/alm-wp\/index.php\/ecole-de-sport-multi-activites\/#breadcrumb","itemListElement":[{"@type":"ListItem","position":1,"name":"Accueil","item":"https:\/\/al-nanteserdre.org\/alm-wp\/"},{"@type":"ListItem","position":2,"name":"Ecole de Sport &#8211; Multi-Activit\u00e9s"}]},{"@type":"WebSite","@id":"https:\/\/al-nanteserdre.org\/alm-wp\/#website","url":"https:\/\/al-nanteserdre.org\/alm-wp\/","name":"Amicale La\u00efque des Marsauderies","description":"Sport pour tous et \u00e9ducation populaire","publisher":{"@id":"https:\/\/al-nanteserdre.org\/alm-wp\/#organization"},"potentialAction":[{"@type":"SearchAction","target":{"@type":"EntryPoint","urlTemplate":"https:\/\/al-nanteserdre.org\/alm-wp\/?s={search_term_string}"},"query-input":{"@type":"PropertyValueSpecification","valueRequired":true,"valueName":"search_term_string"}}],"inLanguage":"fr-FR"},{"@type":"Organization","@id":"https:\/\/al-nanteserdre.org\/alm-wp\/#organization","name":"Amicale Laique des Marsauderies","url":"https:\/\/al-nanteserdre.org\/alm-wp\/","logo":{"@type":"ImageObject","inLanguage":"fr-FR","@id":"https:\/\/al-nanteserdre.org\/alm-wp\/#\/schema\/logo\/image\/","url":"https:\/\/al-nanteserdre.org\/alm-wp\/wp-content\/uploads\/2023\/04\/Logo-UFOLEP.png","contentUrl":"https:\/\/al-nanteserdre.org\/alm-wp\/wp-content\/uploads\/2023\/04\/Logo-UFOLEP.png","width":320,"height":244,"caption":"Amicale Laique des Marsauderies"},"image":{"@id":"https:\/\/al-nanteserdre.org\/alm-wp\/#\/schema\/logo\/image\/"}}]}},"_links":{"self":[{"href":"https:\/\/al-nanteserdre.org\/alm-wp\/index.php\/wp-json\/wp\/v2\/pages\/154","targetHints":{"allow":["GET"]}}],"collection":[{"href":"https:\/\/al-nanteserdre.org\/alm-wp\/index.php\/wp-json\/wp\/v2\/pages"}],"about":[{"href":"https:\/\/al-nanteserdre.org\/alm-wp\/index.php\/wp-json\/wp\/v2\/types\/page"}],"author":[{"embeddable":true,"href":"https:\/\/al-nanteserdre.org\/alm-wp\/index.php\/wp-json\/wp\/v2\/users\/1"}],"replies":[{"embeddable":true,"href":"https:\/\/al-nanteserdre.org\/alm-wp\/index.php\/wp-json\/wp\/v2\/comments?post=154"}],"version-history":[{"count":6,"href":"https:\/\/al-nanteserdre.org\/alm-wp\/index.php\/wp-json\/wp\/v2\/pages\/154\/revisions"}],"predecessor-version":[{"id":2330,"href":"https:\/\/al-nanteserdre.org\/alm-wp\/index.php\/wp-json\/wp\/v2\/pages\/154\/revisions\/2330"}],"wp:attachment":[{"href":"https:\/\/al-nanteserdre.org\/alm-wp\/index.php\/wp-json\/wp\/v2\/media?parent=154"}],"curies":[{"name":"wp","href":"https:\/\/api.w.org\/{rel}","templated":true}]}}