{"id":145,"date":"2021-05-23T21:27:05","date_gmt":"2021-05-23T19:27:05","guid":{"rendered":"https:\/\/al-nanteserdre.org\/alm-wp\/?page_id=145"},"modified":"2021-05-30T21:52:28","modified_gmt":"2021-05-30T19:52:28","slug":"dynamomes-2","status":"publish","type":"page","link":"https:\/\/al-nanteserdre.org\/alm-wp\/index.php\/dynamomes-2\/","title":{"rendered":"DynaM\u00f4mes"},"content":{"rendered":"\n<br\/>\n<div class=\"row\">\n\t<div class=\"card-image\" id=\"img_title\">\n        <img decoding=\"async\" src=\"https:\/\/al-nanteserdre.org\/alm-wp\/wp-content\/uploads\/2021\/05\/dynamomes.jpg\" alt=\"photo cours d'anglais\">\n    <\/div>\n<\/div>\n\n\n\n\n<div class=\"row z-depth-2\">\n\t<div class=\"card-content grey lighten-5\">\n\t\t<p>Dispositif d&rsquo;<strong>accompagnement scolaire <\/strong>pour les enfants de l&rsquo;\u00e9cole \u00e9l\u00e9mentaire (du CP au CM2) ayant besoin d&rsquo;un coup de pouce pour faire face \u00e0 leur travail scolaire.<\/p>\n\n\n\n<p><strong>Important <\/strong>: \u00ab\u00a0Dispositif propos\u00e9 aux parents par les enseignants.<\/p>\n\n\n\n<p><strong>Appel \u00e0 b\u00e9n\u00e9voles pour l&rsquo;accompagnement scolaire<\/strong>.<\/p>\n  <\/div>\n<\/div>\n\n\n\n\n<h2 class=\"wp-block-heading\">Organisation<\/h2>\n\n\n\n<p>Il s&rsquo;agit d&rsquo;aider, par exemple, \u00e0 apprendre une le\u00e7on, \u00e0 faire des exercices de fran\u00e7ais ou de math\u00e9matiques (apprendre les tables de multiplications\u2026) \u00e0 entra\u00eener les plus jeunes \u00e0 la lecture, \u2026 c&rsquo;est-\u00e0-dire de faire ce que nous faisons ou avons fait en tant que parents en suivant le travail scolaire de nos propres enfants.<\/p>\n\n\n\n<p>Au-del\u00e0 de l&rsquo;aide aux devoirs, nous proposons des jeux \u00e9ducatifs aux enfants. Nous encourageons le go\u00fbt de la culture la plus diversifi\u00e9e, l&rsquo;envie d&rsquo;apprendre et le plaisir de d\u00e9couvrir.<\/p>\n\n\n\n<p>Cette activit\u00e9 est accessible \u00e0 toute personne se sentant capable d&rsquo;\u00eatre \u00e0 l&rsquo;\u00e9coute des enfants.<\/p>\n\n\n\n<p>En septembre et octobre, nous proposerons quelques rencontres et formations afin de construire ensemble et sur les m\u00eames bases les s\u00e9ances d&rsquo;accompagnement qui commenceront apr\u00e8s les vacances de Toussaint en novembre.<\/p>\n\n\n\n<h2 class=\"wp-block-heading\">Horaires<\/h2>\n\n\n\n<p><strong>Saison 2025 \/ 2026<\/strong><br \/>\r\n<strong><span style=\"color:#231f20\">Lundi, mardi, jeudi, vendredi<\/span><\/strong><span style=\"color:#000000\"> de <\/span> 16h&nbsp;&agrave; 18h<\/p>\r\n\r\n<p>&nbsp;<\/p>\n\n\n\n<h2 class=\"wp-block-heading\">Cotisation annuelle<\/h2>\n\n\n\n<p><strong>Saison 2025 \/ 2026<\/strong><br \/>\r\nAucune cotisation. Activit&eacute; gratuite propos&eacute;e par les enseignants.<\/p>\r\n\r\n<p>&nbsp;<\/p>\n\n\n\n<h2 class=\"wp-block-heading\">Lieux de pratique<\/h2>\n\n\n\n\t<p><\/p>\r\n\t<div id=\"osm-map\" style=\"width: 100%; height: 400px;\">&nbsp;<\/div>\r\n\t<script src=\"https:\/\/unpkg.com\/leaflet@1.6.0\/dist\/leaflet.js\"><\/script>\r\n\t<link href=\"https:\/\/unpkg.com\/leaflet@1.6.0\/dist\/leaflet.css\" rel=\"stylesheet\"\/>\r\n\t<script type=\"text\/javascript\">\r\n\t\tvar villes = {\"Ecole El&eacute;mentaire des  Marsauderies\":{\"lat\":\"47.243594\",\"lon\":\"-1.529367\"}};\r\n\t\tvar lat = 47.243594;\r\n        var lon = -1.529367;\r\n\t\t\r\n\t\tvar element = document.getElementById('osm-map');\r\n\t\t\/\/ Create Leaflet map on map element.\r\n\t\tvar map = L.map(element);\r\n\r\n\t\tL.tileLayer('http:\/\/{s}.tile.osm.org\/{z}\/{x}\/{y}.png', {\r\n\t\t\tattribution: '&copy; <a href=\"http:\/\/osm.org\/copyright\">OpenStreetMap<\/a> contributors'\r\n\t\t}).addTo(map);\r\n\t\t\r\n\t\tfor (ville in villes) {\r\n\t\t\tvar target = L.latLng([villes[ville].lat, villes[ville].lon]);\r\n\t\t\tL.marker(target).addTo(map);\r\n\t\t} \t\t\r\n\t\t\/\/ Target's GPS coordinates.\r\n\t\tvar target = L.latLng(lat, lon);\r\n\r\n\t\t\/\/ Set map's center to target with zoom 14.\r\n\t\tmap.setView(target, 15);\r\n\t<\/script>\r\n\t\n","protected":false},"excerpt":{"rendered":"<p>Organisation Il s&rsquo;agit d&rsquo;aider, par exemple, \u00e0 apprendre une le\u00e7on, \u00e0 faire des exercices de fran\u00e7ais ou de math\u00e9matiques (apprendre les tables de multiplications\u2026) \u00e0 entra\u00eener les plus jeunes \u00e0 la lecture, \u2026 c&rsquo;est-\u00e0-dire de faire ce que nous faisons ou avons fait en tant que parents en suivant le travail scolaire de nos propres [&hellip;]<\/p>\n","protected":false},"author":1,"featured_media":0,"parent":0,"menu_order":0,"comment_status":"closed","ping_status":"closed","template":"","meta":{"footnotes":""},"class_list":["post-145","page","type-page","status-publish","hentry"],"yoast_head":"<!-- This site is optimized with the Yoast SEO plugin v27.4 - https:\/\/yoast.com\/product\/yoast-seo-wordpress\/ -->\n<title>DynaM\u00f4mes - Amicale La\u00efque des Marsauderies<\/title>\n<meta name=\"robots\" content=\"index, follow, max-snippet:-1, max-image-preview:large, max-video-preview:-1\" \/>\n<link rel=\"canonical\" href=\"https:\/\/al-nanteserdre.org\/alm-wp\/index.php\/dynamomes-2\/\" \/>\n<meta property=\"og:locale\" content=\"fr_FR\" \/>\n<meta property=\"og:type\" content=\"article\" \/>\n<meta property=\"og:title\" content=\"DynaM\u00f4mes - Amicale La\u00efque des Marsauderies\" \/>\n<meta property=\"og:description\" content=\"Organisation Il s&rsquo;agit d&rsquo;aider, par exemple, \u00e0 apprendre une le\u00e7on, \u00e0 faire des exercices de fran\u00e7ais ou de math\u00e9matiques (apprendre les tables de multiplications\u2026) \u00e0 entra\u00eener les plus jeunes \u00e0 la lecture, \u2026 c&rsquo;est-\u00e0-dire de faire ce que nous faisons ou avons fait en tant que parents en suivant le travail scolaire de nos propres [&hellip;]\" \/>\n<meta property=\"og:url\" content=\"https:\/\/al-nanteserdre.org\/alm-wp\/index.php\/dynamomes-2\/\" \/>\n<meta property=\"og:site_name\" content=\"Amicale La\u00efque des Marsauderies\" \/>\n<meta property=\"article:modified_time\" content=\"2021-05-30T19:52:28+00:00\" \/>\n<meta name=\"twitter:card\" content=\"summary_large_image\" \/>\n<meta name=\"twitter:label1\" content=\"Dur\u00e9e de lecture estim\u00e9e\" \/>\n\t<meta name=\"twitter:data1\" content=\"1 minute\" \/>\n<script type=\"application\/ld+json\" class=\"yoast-schema-graph\">{\"@context\":\"https:\\\/\\\/schema.org\",\"@graph\":[{\"@type\":\"WebPage\",\"@id\":\"https:\\\/\\\/al-nanteserdre.org\\\/alm-wp\\\/index.php\\\/dynamomes-2\\\/\",\"url\":\"https:\\\/\\\/al-nanteserdre.org\\\/alm-wp\\\/index.php\\\/dynamomes-2\\\/\",\"name\":\"DynaM\u00f4mes - Amicale La\u00efque des Marsauderies\",\"isPartOf\":{\"@id\":\"https:\\\/\\\/al-nanteserdre.org\\\/alm-wp\\\/#website\"},\"datePublished\":\"2021-05-23T19:27:05+00:00\",\"dateModified\":\"2021-05-30T19:52:28+00:00\",\"breadcrumb\":{\"@id\":\"https:\\\/\\\/al-nanteserdre.org\\\/alm-wp\\\/index.php\\\/dynamomes-2\\\/#breadcrumb\"},\"inLanguage\":\"fr-FR\",\"potentialAction\":[{\"@type\":\"ReadAction\",\"target\":[\"https:\\\/\\\/al-nanteserdre.org\\\/alm-wp\\\/index.php\\\/dynamomes-2\\\/\"]}]},{\"@type\":\"BreadcrumbList\",\"@id\":\"https:\\\/\\\/al-nanteserdre.org\\\/alm-wp\\\/index.php\\\/dynamomes-2\\\/#breadcrumb\",\"itemListElement\":[{\"@type\":\"ListItem\",\"position\":1,\"name\":\"Accueil\",\"item\":\"https:\\\/\\\/al-nanteserdre.org\\\/alm-wp\\\/\"},{\"@type\":\"ListItem\",\"position\":2,\"name\":\"DynaM\u00f4mes\"}]},{\"@type\":\"WebSite\",\"@id\":\"https:\\\/\\\/al-nanteserdre.org\\\/alm-wp\\\/#website\",\"url\":\"https:\\\/\\\/al-nanteserdre.org\\\/alm-wp\\\/\",\"name\":\"Amicale La\u00efque des Marsauderies\",\"description\":\"Sport pour tous et \u00e9ducation populaire\",\"publisher\":{\"@id\":\"https:\\\/\\\/al-nanteserdre.org\\\/alm-wp\\\/#organization\"},\"potentialAction\":[{\"@type\":\"SearchAction\",\"target\":{\"@type\":\"EntryPoint\",\"urlTemplate\":\"https:\\\/\\\/al-nanteserdre.org\\\/alm-wp\\\/?s={search_term_string}\"},\"query-input\":{\"@type\":\"PropertyValueSpecification\",\"valueRequired\":true,\"valueName\":\"search_term_string\"}}],\"inLanguage\":\"fr-FR\"},{\"@type\":\"Organization\",\"@id\":\"https:\\\/\\\/al-nanteserdre.org\\\/alm-wp\\\/#organization\",\"name\":\"Amicale Laique des Marsauderies\",\"url\":\"https:\\\/\\\/al-nanteserdre.org\\\/alm-wp\\\/\",\"logo\":{\"@type\":\"ImageObject\",\"inLanguage\":\"fr-FR\",\"@id\":\"https:\\\/\\\/al-nanteserdre.org\\\/alm-wp\\\/#\\\/schema\\\/logo\\\/image\\\/\",\"url\":\"https:\\\/\\\/al-nanteserdre.org\\\/alm-wp\\\/wp-content\\\/uploads\\\/2023\\\/04\\\/Logo-UFOLEP.png\",\"contentUrl\":\"https:\\\/\\\/al-nanteserdre.org\\\/alm-wp\\\/wp-content\\\/uploads\\\/2023\\\/04\\\/Logo-UFOLEP.png\",\"width\":320,\"height\":244,\"caption\":\"Amicale Laique des Marsauderies\"},\"image\":{\"@id\":\"https:\\\/\\\/al-nanteserdre.org\\\/alm-wp\\\/#\\\/schema\\\/logo\\\/image\\\/\"}}]}<\/script>\n<!-- \/ Yoast SEO plugin. -->","yoast_head_json":{"title":"DynaM\u00f4mes - Amicale La\u00efque des Marsauderies","robots":{"index":"index","follow":"follow","max-snippet":"max-snippet:-1","max-image-preview":"max-image-preview:large","max-video-preview":"max-video-preview:-1"},"canonical":"https:\/\/al-nanteserdre.org\/alm-wp\/index.php\/dynamomes-2\/","og_locale":"fr_FR","og_type":"article","og_title":"DynaM\u00f4mes - Amicale La\u00efque des Marsauderies","og_description":"Organisation Il s&rsquo;agit d&rsquo;aider, par exemple, \u00e0 apprendre une le\u00e7on, \u00e0 faire des exercices de fran\u00e7ais ou de math\u00e9matiques (apprendre les tables de multiplications\u2026) \u00e0 entra\u00eener les plus jeunes \u00e0 la lecture, \u2026 c&rsquo;est-\u00e0-dire de faire ce que nous faisons ou avons fait en tant que parents en suivant le travail scolaire de nos propres [&hellip;]","og_url":"https:\/\/al-nanteserdre.org\/alm-wp\/index.php\/dynamomes-2\/","og_site_name":"Amicale La\u00efque des Marsauderies","article_modified_time":"2021-05-30T19:52:28+00:00","twitter_card":"summary_large_image","twitter_misc":{"Dur\u00e9e de lecture estim\u00e9e":"1 minute"},"schema":{"@context":"https:\/\/schema.org","@graph":[{"@type":"WebPage","@id":"https:\/\/al-nanteserdre.org\/alm-wp\/index.php\/dynamomes-2\/","url":"https:\/\/al-nanteserdre.org\/alm-wp\/index.php\/dynamomes-2\/","name":"DynaM\u00f4mes - Amicale La\u00efque des Marsauderies","isPartOf":{"@id":"https:\/\/al-nanteserdre.org\/alm-wp\/#website"},"datePublished":"2021-05-23T19:27:05+00:00","dateModified":"2021-05-30T19:52:28+00:00","breadcrumb":{"@id":"https:\/\/al-nanteserdre.org\/alm-wp\/index.php\/dynamomes-2\/#breadcrumb"},"inLanguage":"fr-FR","potentialAction":[{"@type":"ReadAction","target":["https:\/\/al-nanteserdre.org\/alm-wp\/index.php\/dynamomes-2\/"]}]},{"@type":"BreadcrumbList","@id":"https:\/\/al-nanteserdre.org\/alm-wp\/index.php\/dynamomes-2\/#breadcrumb","itemListElement":[{"@type":"ListItem","position":1,"name":"Accueil","item":"https:\/\/al-nanteserdre.org\/alm-wp\/"},{"@type":"ListItem","position":2,"name":"DynaM\u00f4mes"}]},{"@type":"WebSite","@id":"https:\/\/al-nanteserdre.org\/alm-wp\/#website","url":"https:\/\/al-nanteserdre.org\/alm-wp\/","name":"Amicale La\u00efque des Marsauderies","description":"Sport pour tous et \u00e9ducation populaire","publisher":{"@id":"https:\/\/al-nanteserdre.org\/alm-wp\/#organization"},"potentialAction":[{"@type":"SearchAction","target":{"@type":"EntryPoint","urlTemplate":"https:\/\/al-nanteserdre.org\/alm-wp\/?s={search_term_string}"},"query-input":{"@type":"PropertyValueSpecification","valueRequired":true,"valueName":"search_term_string"}}],"inLanguage":"fr-FR"},{"@type":"Organization","@id":"https:\/\/al-nanteserdre.org\/alm-wp\/#organization","name":"Amicale Laique des Marsauderies","url":"https:\/\/al-nanteserdre.org\/alm-wp\/","logo":{"@type":"ImageObject","inLanguage":"fr-FR","@id":"https:\/\/al-nanteserdre.org\/alm-wp\/#\/schema\/logo\/image\/","url":"https:\/\/al-nanteserdre.org\/alm-wp\/wp-content\/uploads\/2023\/04\/Logo-UFOLEP.png","contentUrl":"https:\/\/al-nanteserdre.org\/alm-wp\/wp-content\/uploads\/2023\/04\/Logo-UFOLEP.png","width":320,"height":244,"caption":"Amicale Laique des Marsauderies"},"image":{"@id":"https:\/\/al-nanteserdre.org\/alm-wp\/#\/schema\/logo\/image\/"}}]}},"_links":{"self":[{"href":"https:\/\/al-nanteserdre.org\/alm-wp\/index.php\/wp-json\/wp\/v2\/pages\/145","targetHints":{"allow":["GET"]}}],"collection":[{"href":"https:\/\/al-nanteserdre.org\/alm-wp\/index.php\/wp-json\/wp\/v2\/pages"}],"about":[{"href":"https:\/\/al-nanteserdre.org\/alm-wp\/index.php\/wp-json\/wp\/v2\/types\/page"}],"author":[{"embeddable":true,"href":"https:\/\/al-nanteserdre.org\/alm-wp\/index.php\/wp-json\/wp\/v2\/users\/1"}],"replies":[{"embeddable":true,"href":"https:\/\/al-nanteserdre.org\/alm-wp\/index.php\/wp-json\/wp\/v2\/comments?post=145"}],"version-history":[{"count":6,"href":"https:\/\/al-nanteserdre.org\/alm-wp\/index.php\/wp-json\/wp\/v2\/pages\/145\/revisions"}],"predecessor-version":[{"id":2371,"href":"https:\/\/al-nanteserdre.org\/alm-wp\/index.php\/wp-json\/wp\/v2\/pages\/145\/revisions\/2371"}],"wp:attachment":[{"href":"https:\/\/al-nanteserdre.org\/alm-wp\/index.php\/wp-json\/wp\/v2\/media?parent=145"}],"curies":[{"name":"wp","href":"https:\/\/api.w.org\/{rel}","templated":true}]}}