{"id":118,"date":"2021-05-23T20:29:15","date_gmt":"2021-05-23T18:29:15","guid":{"rendered":"https:\/\/al-nanteserdre.org\/alm-wp\/?page_id=118"},"modified":"2024-09-02T23:58:04","modified_gmt":"2024-09-02T21:58:04","slug":"cinetik","status":"publish","type":"page","link":"https:\/\/al-nanteserdre.org\/alm-wp\/index.php\/cinetik\/","title":{"rendered":"Cinetik"},"content":{"rendered":"\n<br\/>\n<div class=\"row\">\n\t<div class=\"card-image\" id=\"img_title\">\n        <img decoding=\"async\" src=\"https:\/\/al-nanteserdre.org\/alm-wp\/wp-content\/uploads\/2021\/05\/cinetik.jpg\" alt=\"photo Cinetik\">\n    <\/div>\n<\/div>\n\n\n\n\n<div class=\"row z-depth-2\">\n\t<div class=\"card-content grey lighten-5\">\n\t\t<p>Avec le soutien de la F\u00e9d\u00e9ration des Amicales La\u00efques, l&rsquo;Amicale La\u00efque des Marsauderies propose 4 s\u00e9ances de cin\u00e9ma suivies d&rsquo;un d\u00e9bat sur des sujets de soci\u00e9t\u00e9 et d&rsquo;actualit\u00e9 en lien avec le film.<\/p>\n  <\/div>\n<\/div>\n\n\n\n\n<h2 class=\"wp-block-heading\">Organisation<\/h2>\n\n\n\n<p>Cette ann\u00e9e 2024-2025, l&rsquo;\u00e9quipe Cin\u00e9tik vous propose le programme suivant :<\/p>\n\n\n\n<br\/>\n<div class=\"row\">\n\t<div class=\"card-image\" id=\"img_title\">\n        <img decoding=\"async\" src=\"https:\/\/al-nanteserdre.org\/alm-wp\/wp-content\/uploads\/2024\/09\/Cinetik-24-25.jpg\" alt=\"\">\n    <\/div>\n<\/div>\n\n\n\n\n<p class=\"has-text-align-center has-large-font-size\"><strong>A vos agendas !<\/strong><\/p>\n\n\n\n<div class=\"wp-block-media-text alignwide is-stacked-on-mobile is-vertically-aligned-center\" style=\"grid-template-columns:15% auto\"><figure class=\"wp-block-media-text__media\"><a href=\"https:\/\/al-nanteserdre.org\/alm-wp\/wp-content\/uploads\/2023\/09\/affiche-annee-23-24.pdf\" target=\"_blank\" rel=\"noopener\"><img loading=\"lazy\" decoding=\"async\" width=\"607\" height=\"864\" src=\"https:\/\/al-nanteserdre.org\/alm-wp\/wp-content\/uploads\/2024\/09\/Cinetik-24-25.jpg\" alt=\"\" class=\"wp-image-2932 size-full\" srcset=\"https:\/\/al-nanteserdre.org\/alm-wp\/wp-content\/uploads\/2024\/09\/Cinetik-24-25.jpg 607w, https:\/\/al-nanteserdre.org\/alm-wp\/wp-content\/uploads\/2024\/09\/Cinetik-24-25-211x300.jpg 211w\" sizes=\"auto, (max-width: 607px) 100vw, 607px\" \/><\/a><\/figure><div class=\"wp-block-media-text__content\">\n<p class=\"has-normal-font-size\">Pour \u00eatre s\u00fbr de ne ne louper aucun film cette ann\u00e9e :<br>&#8211; cliquez sur l&rsquo;image ci-contre pour t\u00e9l\u00e9charger l&rsquo;<a href=\"https:\/\/al-nanteserdre.org\/alm-wp\/wp-content\/uploads\/2024\/09\/Cinetik-24-25.pdf\" target=\"_blank\" rel=\"noreferrer noopener\">Affiche Cinetik 2024_2025<\/a> (format pdf),<br>&#8211; imprimez-l\u00e0,<br>&#8211; collez-l\u00e0 sur votre frigo !<\/p>\n<\/div><\/div>\n\n\n\n<p><strong>Si vous \u00eates volontaires pour participer \u00e0 l&rsquo;organisation de cette activit\u00e9, n\u2019h\u00e9sitez pas \u00e0 prendre contact avec le bureau de l\u2019Amicale<\/strong><\/p>\n\n\n\n<p><\/p>\n\n\n\n<h2 class=\"wp-block-heading\">Horaires<\/h2>\n\n\n\n<p><strong>Saison 2025 \/ 2026<\/strong><br \/>\r\n<span style=\"color:#231f20\">D&eacute;but des s&eacute;ances &agrave; 19h45<\/span><\/p>\r\n\r\n<p>&nbsp;<\/p>\n\n\n\n<h2 class=\"wp-block-heading\">Cotisation annuelle<\/h2>\n\n\n\n<p><strong>Saison 2025 \/ 2026<\/strong><br \/>\r\nLa s&eacute;ance 2 &euro;<\/p>\r\n\r\n<p>&nbsp;<\/p>\n\n\n\n<h2 class=\"wp-block-heading\">Lieux de pratique<\/h2>\n\n\n\n\t<p><\/p>\r\n\t<div id=\"osm-map\" style=\"width: 100%; height: 400px;\">&nbsp;<\/div>\r\n\t<script src=\"https:\/\/unpkg.com\/leaflet@1.6.0\/dist\/leaflet.js\"><\/script>\r\n\t<link href=\"https:\/\/unpkg.com\/leaflet@1.6.0\/dist\/leaflet.css\" rel=\"stylesheet\"\/>\r\n\t<script type=\"text\/javascript\">\r\n\t\tvar villes = {\"Salle Georges Bonnaire\":{\"lat\":\"47.24259\",\"lon\":\"-1.528462\"}};\r\n\t\tvar lat = 47.24259;\r\n        var lon = -1.528462;\r\n\t\t\r\n\t\tvar element = document.getElementById('osm-map');\r\n\t\t\/\/ Create Leaflet map on map element.\r\n\t\tvar map = L.map(element);\r\n\r\n\t\tL.tileLayer('http:\/\/{s}.tile.osm.org\/{z}\/{x}\/{y}.png', {\r\n\t\t\tattribution: '&copy; <a href=\"http:\/\/osm.org\/copyright\">OpenStreetMap<\/a> contributors'\r\n\t\t}).addTo(map);\r\n\t\t\r\n\t\tfor (ville in villes) {\r\n\t\t\tvar target = L.latLng([villes[ville].lat, villes[ville].lon]);\r\n\t\t\tL.marker(target).addTo(map);\r\n\t\t} \t\t\r\n\t\t\/\/ Target's GPS coordinates.\r\n\t\tvar target = L.latLng(lat, lon);\r\n\r\n\t\t\/\/ Set map's center to target with zoom 14.\r\n\t\tmap.setView(target, 15);\r\n\t<\/script>\r\n\t\n","protected":false},"excerpt":{"rendered":"<p>Organisation Cette ann\u00e9e 2024-2025, l&rsquo;\u00e9quipe Cin\u00e9tik vous propose le programme suivant : A vos agendas ! Pour \u00eatre s\u00fbr de ne ne louper aucun film cette ann\u00e9e :&#8211; cliquez sur l&rsquo;image ci-contre pour t\u00e9l\u00e9charger l&rsquo;Affiche Cinetik 2024_2025 (format pdf),&#8211; imprimez-l\u00e0,&#8211; collez-l\u00e0 sur votre frigo ! Si vous \u00eates volontaires pour participer \u00e0 l&rsquo;organisation de cette [&hellip;]<\/p>\n","protected":false},"author":1,"featured_media":0,"parent":0,"menu_order":0,"comment_status":"closed","ping_status":"closed","template":"","meta":{"footnotes":""},"class_list":["post-118","page","type-page","status-publish","hentry"],"yoast_head":"<!-- This site is optimized with the Yoast SEO plugin v27.4 - https:\/\/yoast.com\/product\/yoast-seo-wordpress\/ -->\n<title>Cinetik - Amicale La\u00efque des Marsauderies<\/title>\n<meta name=\"robots\" content=\"index, follow, max-snippet:-1, max-image-preview:large, max-video-preview:-1\" \/>\n<link rel=\"canonical\" href=\"https:\/\/al-nanteserdre.org\/alm-wp\/index.php\/cinetik\/\" \/>\n<meta property=\"og:locale\" content=\"fr_FR\" \/>\n<meta property=\"og:type\" content=\"article\" \/>\n<meta property=\"og:title\" content=\"Cinetik - Amicale La\u00efque des Marsauderies\" \/>\n<meta property=\"og:description\" content=\"Organisation Cette ann\u00e9e 2024-2025, l&rsquo;\u00e9quipe Cin\u00e9tik vous propose le programme suivant : A vos agendas ! Pour \u00eatre s\u00fbr de ne ne louper aucun film cette ann\u00e9e :&#8211; cliquez sur l&rsquo;image ci-contre pour t\u00e9l\u00e9charger l&rsquo;Affiche Cinetik 2024_2025 (format pdf),&#8211; imprimez-l\u00e0,&#8211; collez-l\u00e0 sur votre frigo ! Si vous \u00eates volontaires pour participer \u00e0 l&rsquo;organisation de cette [&hellip;]\" \/>\n<meta property=\"og:url\" content=\"https:\/\/al-nanteserdre.org\/alm-wp\/index.php\/cinetik\/\" \/>\n<meta property=\"og:site_name\" content=\"Amicale La\u00efque des Marsauderies\" \/>\n<meta property=\"article:modified_time\" content=\"2024-09-02T21:58:04+00:00\" \/>\n<meta property=\"og:image\" content=\"https:\/\/al-nanteserdre.org\/alm-wp\/wp-content\/uploads\/2024\/09\/Cinetik-24-25.jpg\" \/>\n<meta name=\"twitter:card\" content=\"summary_large_image\" \/>\n<meta name=\"twitter:label1\" content=\"Dur\u00e9e de lecture estim\u00e9e\" \/>\n\t<meta name=\"twitter:data1\" content=\"1 minute\" \/>\n<script type=\"application\/ld+json\" class=\"yoast-schema-graph\">{\"@context\":\"https:\\\/\\\/schema.org\",\"@graph\":[{\"@type\":\"WebPage\",\"@id\":\"https:\\\/\\\/al-nanteserdre.org\\\/alm-wp\\\/index.php\\\/cinetik\\\/\",\"url\":\"https:\\\/\\\/al-nanteserdre.org\\\/alm-wp\\\/index.php\\\/cinetik\\\/\",\"name\":\"Cinetik - Amicale La\u00efque des Marsauderies\",\"isPartOf\":{\"@id\":\"https:\\\/\\\/al-nanteserdre.org\\\/alm-wp\\\/#website\"},\"primaryImageOfPage\":{\"@id\":\"https:\\\/\\\/al-nanteserdre.org\\\/alm-wp\\\/index.php\\\/cinetik\\\/#primaryimage\"},\"image\":{\"@id\":\"https:\\\/\\\/al-nanteserdre.org\\\/alm-wp\\\/index.php\\\/cinetik\\\/#primaryimage\"},\"thumbnailUrl\":\"https:\\\/\\\/al-nanteserdre.org\\\/alm-wp\\\/wp-content\\\/uploads\\\/2024\\\/09\\\/Cinetik-24-25.jpg\",\"datePublished\":\"2021-05-23T18:29:15+00:00\",\"dateModified\":\"2024-09-02T21:58:04+00:00\",\"breadcrumb\":{\"@id\":\"https:\\\/\\\/al-nanteserdre.org\\\/alm-wp\\\/index.php\\\/cinetik\\\/#breadcrumb\"},\"inLanguage\":\"fr-FR\",\"potentialAction\":[{\"@type\":\"ReadAction\",\"target\":[\"https:\\\/\\\/al-nanteserdre.org\\\/alm-wp\\\/index.php\\\/cinetik\\\/\"]}]},{\"@type\":\"ImageObject\",\"inLanguage\":\"fr-FR\",\"@id\":\"https:\\\/\\\/al-nanteserdre.org\\\/alm-wp\\\/index.php\\\/cinetik\\\/#primaryimage\",\"url\":\"https:\\\/\\\/al-nanteserdre.org\\\/alm-wp\\\/wp-content\\\/uploads\\\/2024\\\/09\\\/Cinetik-24-25.jpg\",\"contentUrl\":\"https:\\\/\\\/al-nanteserdre.org\\\/alm-wp\\\/wp-content\\\/uploads\\\/2024\\\/09\\\/Cinetik-24-25.jpg\",\"width\":607,\"height\":864},{\"@type\":\"BreadcrumbList\",\"@id\":\"https:\\\/\\\/al-nanteserdre.org\\\/alm-wp\\\/index.php\\\/cinetik\\\/#breadcrumb\",\"itemListElement\":[{\"@type\":\"ListItem\",\"position\":1,\"name\":\"Accueil\",\"item\":\"https:\\\/\\\/al-nanteserdre.org\\\/alm-wp\\\/\"},{\"@type\":\"ListItem\",\"position\":2,\"name\":\"Cinetik\"}]},{\"@type\":\"WebSite\",\"@id\":\"https:\\\/\\\/al-nanteserdre.org\\\/alm-wp\\\/#website\",\"url\":\"https:\\\/\\\/al-nanteserdre.org\\\/alm-wp\\\/\",\"name\":\"Amicale La\u00efque des Marsauderies\",\"description\":\"Sport pour tous et \u00e9ducation populaire\",\"publisher\":{\"@id\":\"https:\\\/\\\/al-nanteserdre.org\\\/alm-wp\\\/#organization\"},\"potentialAction\":[{\"@type\":\"SearchAction\",\"target\":{\"@type\":\"EntryPoint\",\"urlTemplate\":\"https:\\\/\\\/al-nanteserdre.org\\\/alm-wp\\\/?s={search_term_string}\"},\"query-input\":{\"@type\":\"PropertyValueSpecification\",\"valueRequired\":true,\"valueName\":\"search_term_string\"}}],\"inLanguage\":\"fr-FR\"},{\"@type\":\"Organization\",\"@id\":\"https:\\\/\\\/al-nanteserdre.org\\\/alm-wp\\\/#organization\",\"name\":\"Amicale Laique des Marsauderies\",\"url\":\"https:\\\/\\\/al-nanteserdre.org\\\/alm-wp\\\/\",\"logo\":{\"@type\":\"ImageObject\",\"inLanguage\":\"fr-FR\",\"@id\":\"https:\\\/\\\/al-nanteserdre.org\\\/alm-wp\\\/#\\\/schema\\\/logo\\\/image\\\/\",\"url\":\"https:\\\/\\\/al-nanteserdre.org\\\/alm-wp\\\/wp-content\\\/uploads\\\/2023\\\/04\\\/Logo-UFOLEP.png\",\"contentUrl\":\"https:\\\/\\\/al-nanteserdre.org\\\/alm-wp\\\/wp-content\\\/uploads\\\/2023\\\/04\\\/Logo-UFOLEP.png\",\"width\":320,\"height\":244,\"caption\":\"Amicale Laique des Marsauderies\"},\"image\":{\"@id\":\"https:\\\/\\\/al-nanteserdre.org\\\/alm-wp\\\/#\\\/schema\\\/logo\\\/image\\\/\"}}]}<\/script>\n<!-- \/ Yoast SEO plugin. -->","yoast_head_json":{"title":"Cinetik - Amicale La\u00efque des Marsauderies","robots":{"index":"index","follow":"follow","max-snippet":"max-snippet:-1","max-image-preview":"max-image-preview:large","max-video-preview":"max-video-preview:-1"},"canonical":"https:\/\/al-nanteserdre.org\/alm-wp\/index.php\/cinetik\/","og_locale":"fr_FR","og_type":"article","og_title":"Cinetik - Amicale La\u00efque des Marsauderies","og_description":"Organisation Cette ann\u00e9e 2024-2025, l&rsquo;\u00e9quipe Cin\u00e9tik vous propose le programme suivant : A vos agendas ! Pour \u00eatre s\u00fbr de ne ne louper aucun film cette ann\u00e9e :&#8211; cliquez sur l&rsquo;image ci-contre pour t\u00e9l\u00e9charger l&rsquo;Affiche Cinetik 2024_2025 (format pdf),&#8211; imprimez-l\u00e0,&#8211; collez-l\u00e0 sur votre frigo ! Si vous \u00eates volontaires pour participer \u00e0 l&rsquo;organisation de cette [&hellip;]","og_url":"https:\/\/al-nanteserdre.org\/alm-wp\/index.php\/cinetik\/","og_site_name":"Amicale La\u00efque des Marsauderies","article_modified_time":"2024-09-02T21:58:04+00:00","og_image":[{"url":"https:\/\/al-nanteserdre.org\/alm-wp\/wp-content\/uploads\/2024\/09\/Cinetik-24-25.jpg","type":"","width":"","height":""}],"twitter_card":"summary_large_image","twitter_misc":{"Dur\u00e9e de lecture estim\u00e9e":"1 minute"},"schema":{"@context":"https:\/\/schema.org","@graph":[{"@type":"WebPage","@id":"https:\/\/al-nanteserdre.org\/alm-wp\/index.php\/cinetik\/","url":"https:\/\/al-nanteserdre.org\/alm-wp\/index.php\/cinetik\/","name":"Cinetik - Amicale La\u00efque des Marsauderies","isPartOf":{"@id":"https:\/\/al-nanteserdre.org\/alm-wp\/#website"},"primaryImageOfPage":{"@id":"https:\/\/al-nanteserdre.org\/alm-wp\/index.php\/cinetik\/#primaryimage"},"image":{"@id":"https:\/\/al-nanteserdre.org\/alm-wp\/index.php\/cinetik\/#primaryimage"},"thumbnailUrl":"https:\/\/al-nanteserdre.org\/alm-wp\/wp-content\/uploads\/2024\/09\/Cinetik-24-25.jpg","datePublished":"2021-05-23T18:29:15+00:00","dateModified":"2024-09-02T21:58:04+00:00","breadcrumb":{"@id":"https:\/\/al-nanteserdre.org\/alm-wp\/index.php\/cinetik\/#breadcrumb"},"inLanguage":"fr-FR","potentialAction":[{"@type":"ReadAction","target":["https:\/\/al-nanteserdre.org\/alm-wp\/index.php\/cinetik\/"]}]},{"@type":"ImageObject","inLanguage":"fr-FR","@id":"https:\/\/al-nanteserdre.org\/alm-wp\/index.php\/cinetik\/#primaryimage","url":"https:\/\/al-nanteserdre.org\/alm-wp\/wp-content\/uploads\/2024\/09\/Cinetik-24-25.jpg","contentUrl":"https:\/\/al-nanteserdre.org\/alm-wp\/wp-content\/uploads\/2024\/09\/Cinetik-24-25.jpg","width":607,"height":864},{"@type":"BreadcrumbList","@id":"https:\/\/al-nanteserdre.org\/alm-wp\/index.php\/cinetik\/#breadcrumb","itemListElement":[{"@type":"ListItem","position":1,"name":"Accueil","item":"https:\/\/al-nanteserdre.org\/alm-wp\/"},{"@type":"ListItem","position":2,"name":"Cinetik"}]},{"@type":"WebSite","@id":"https:\/\/al-nanteserdre.org\/alm-wp\/#website","url":"https:\/\/al-nanteserdre.org\/alm-wp\/","name":"Amicale La\u00efque des Marsauderies","description":"Sport pour tous et \u00e9ducation populaire","publisher":{"@id":"https:\/\/al-nanteserdre.org\/alm-wp\/#organization"},"potentialAction":[{"@type":"SearchAction","target":{"@type":"EntryPoint","urlTemplate":"https:\/\/al-nanteserdre.org\/alm-wp\/?s={search_term_string}"},"query-input":{"@type":"PropertyValueSpecification","valueRequired":true,"valueName":"search_term_string"}}],"inLanguage":"fr-FR"},{"@type":"Organization","@id":"https:\/\/al-nanteserdre.org\/alm-wp\/#organization","name":"Amicale Laique des Marsauderies","url":"https:\/\/al-nanteserdre.org\/alm-wp\/","logo":{"@type":"ImageObject","inLanguage":"fr-FR","@id":"https:\/\/al-nanteserdre.org\/alm-wp\/#\/schema\/logo\/image\/","url":"https:\/\/al-nanteserdre.org\/alm-wp\/wp-content\/uploads\/2023\/04\/Logo-UFOLEP.png","contentUrl":"https:\/\/al-nanteserdre.org\/alm-wp\/wp-content\/uploads\/2023\/04\/Logo-UFOLEP.png","width":320,"height":244,"caption":"Amicale Laique des Marsauderies"},"image":{"@id":"https:\/\/al-nanteserdre.org\/alm-wp\/#\/schema\/logo\/image\/"}}]}},"_links":{"self":[{"href":"https:\/\/al-nanteserdre.org\/alm-wp\/index.php\/wp-json\/wp\/v2\/pages\/118","targetHints":{"allow":["GET"]}}],"collection":[{"href":"https:\/\/al-nanteserdre.org\/alm-wp\/index.php\/wp-json\/wp\/v2\/pages"}],"about":[{"href":"https:\/\/al-nanteserdre.org\/alm-wp\/index.php\/wp-json\/wp\/v2\/types\/page"}],"author":[{"embeddable":true,"href":"https:\/\/al-nanteserdre.org\/alm-wp\/index.php\/wp-json\/wp\/v2\/users\/1"}],"replies":[{"embeddable":true,"href":"https:\/\/al-nanteserdre.org\/alm-wp\/index.php\/wp-json\/wp\/v2\/comments?post=118"}],"version-history":[{"count":24,"href":"https:\/\/al-nanteserdre.org\/alm-wp\/index.php\/wp-json\/wp\/v2\/pages\/118\/revisions"}],"predecessor-version":[{"id":2935,"href":"https:\/\/al-nanteserdre.org\/alm-wp\/index.php\/wp-json\/wp\/v2\/pages\/118\/revisions\/2935"}],"wp:attachment":[{"href":"https:\/\/al-nanteserdre.org\/alm-wp\/index.php\/wp-json\/wp\/v2\/media?parent=118"}],"curies":[{"name":"wp","href":"https:\/\/api.w.org\/{rel}","templated":true}]}}