{"id":104,"date":"2021-05-23T18:49:35","date_gmt":"2021-05-23T16:49:35","guid":{"rendered":"https:\/\/al-nanteserdre.org\/alm-wp\/?page_id=104"},"modified":"2021-05-27T10:48:41","modified_gmt":"2021-05-27T08:48:41","slug":"art-du-cirque-atelier-de-pratique","status":"publish","type":"page","link":"https:\/\/al-nanteserdre.org\/alm-wp\/index.php\/art-du-cirque-atelier-de-pratique\/","title":{"rendered":"Art du cirque &#8211; Atelier de pratique"},"content":{"rendered":"\n<br\/>\n<div class=\"row\">\n\t<div class=\"card-image\" id=\"img_title\">\n        <img decoding=\"async\" src=\"https:\/\/al-nanteserdre.org\/alm-wp\/wp-content\/uploads\/2021\/05\/artducirque.jpg\" alt=\"photo Art du cirque\">\n    <\/div>\n<\/div>\n\n\n\n\n<div class=\"row z-depth-2\">\n\t<div class=\"card-content grey lighten-5\">\n\t\t<p>L\u2019atelier Arts du cirque est un r\u00e9el outil \u00e9ducatif qui permet de <strong>d\u00e9velopper les capacit\u00e9s physiques et la sensibilit\u00e9 cr\u00e9atrice <\/strong>de chacun. Il permet \u00e9galement de prendre confiance en soi et favorise l\u2019autonomie dans le respect de tous, au travers d\u2019une activit\u00e9 de groupe.<\/p>\n  <\/div>\n<\/div>\n\n\n\n\n<h2 class=\"wp-block-heading\">Organisation<\/h2>\n\n\n\n<p>Cet atelier, <strong>men\u00e9 par des intervenants professionnels, <\/strong>permet d\u2019aborder de&nbsp; fa\u00e7on ludique diff\u00e9rentes disciplines pratiqu\u00e9es dans l\u2019univers du cirque :&nbsp;<\/p>\n\n\n\n<ul class=\"wp-block-list\"><li>Expression corporelle<\/li><li>Jonglage<\/li><li>Acrobaties<\/li><li>Boule d\u2019\u00e9quilibre<\/li><li>Fil<\/li><li>Monocycle<\/li><li>Jeux d\u2019expression\u2026<\/li><\/ul>\n\n\n\n<h2 class=\"wp-block-heading\">Horaires<\/h2>\n\n\n\n<p><strong>Saison 2025 \/ 2026<\/strong><br \/>\r\nUn groupe de 12 jeunes pour chaque s&eacute;ance<\/p>\r\n\r\n<table border=\"1\" cellpadding=\"1\" cellspacing=\"1\" style=\"height:82px; width:333px\">\r\n\t<tbody>\r\n\t\t<tr>\r\n\t\t\t<td><strong><span style=\"color:#231f20\">Samedi<\/span><span style=\"color:#231f20\">&nbsp;&nbsp;&nbsp; <\/span><\/strong><\/td>\r\n\t\t\t<td><span style=\"color:#231f20\">4 &agrave; 5 ans<\/span><\/td>\r\n\t\t\t<td><span style=\"color:#231f20\">09h15 &agrave; 10h15<\/span><\/td>\r\n\t\t<\/tr>\r\n\t\t<tr>\r\n\t\t\t<td><strong><span style=\"color:#231f20\">Samedi<\/span><span style=\"color:#231f20\">&nbsp;&nbsp;&nbsp; <\/span><\/strong><\/td>\r\n\t\t\t<td><span style=\"color:#231f20\">6 &agrave; 7 ans<\/span><\/td>\r\n\t\t\t<td><span style=\"color:#231f20\">10h15 &agrave; 11h15<\/span><\/td>\r\n\t\t<\/tr>\r\n\t\t<tr>\r\n\t\t\t<td><strong><span style=\"color:#231f20\">Samedi<\/span><span style=\"color:#231f20\">&nbsp;&nbsp;&nbsp; <\/span><\/strong><\/td>\r\n\t\t\t<td><span style=\"color:#231f20\">8 ans et plus<\/span><\/td>\r\n\t\t\t<td><span style=\"color:#231f20\">11h15 &agrave; 13h00&nbsp;<\/span><\/td>\r\n\t\t<\/tr>\r\n\t<\/tbody>\r\n<\/table>\r\n\r\n<p>&nbsp;<\/p>\n\n\n\n<h2 class=\"wp-block-heading\">Cotisation annuelle<\/h2>\n\n\n\n<p><strong>Saison 2025 \/ 2026<\/strong><br \/>\r\n<span style=\"color:#000000\">S&eacute;ance hebdomadaire pendant les p&eacute;riodes scolaires<\/span><\/p>\r\n\r\n<table border=\"1\" cellpadding=\"1\" cellspacing=\"1\" style=\"height:56px; width:229px\">\r\n\t<tbody>\r\n\t\t<tr>\r\n\t\t\t<td><span style=\"color:#000000\">S&eacute;ance <\/span>de<\/td>\r\n\t\t\t<td>1h<\/td>\r\n\t\t\t<td><strong>158 &euro;<\/strong><\/td>\r\n\t\t<\/tr>\r\n\t\t<tr>\r\n\t\t\t<td><span style=\"color:#000000\">S&eacute;ance&nbsp; <\/span>de<\/td>\r\n\t\t\t<td>1h45<\/td>\r\n\t\t\t<td><strong>240 &euro;<\/strong><\/td>\r\n\t\t<\/tr>\r\n\t<\/tbody>\r\n<\/table>\r\n\r\n<p>&nbsp;<\/p>\n\n\n\n<h2 class=\"wp-block-heading\">Lieux de pratique<\/h2>\n\n\n\n\t<p><\/p>\r\n\t<div id=\"osm-map\" style=\"width: 100%; height: 400px;\">&nbsp;<\/div>\r\n\t<script src=\"https:\/\/unpkg.com\/leaflet@1.6.0\/dist\/leaflet.js\"><\/script>\r\n\t<link href=\"https:\/\/unpkg.com\/leaflet@1.6.0\/dist\/leaflet.css\" rel=\"stylesheet\"\/>\r\n\t<script type=\"text\/javascript\">\r\n\t\tvar villes = {\"Gymnase des Marsauderies\":{\"lat\":\"47.242905\",\"lon\":\"-1.528555\"}};\r\n\t\tvar lat = 47.242905;\r\n        var lon = -1.528555;\r\n\t\t\r\n\t\tvar element = document.getElementById('osm-map');\r\n\t\t\/\/ Create Leaflet map on map element.\r\n\t\tvar map = L.map(element);\r\n\r\n\t\tL.tileLayer('http:\/\/{s}.tile.osm.org\/{z}\/{x}\/{y}.png', {\r\n\t\t\tattribution: '&copy; <a href=\"http:\/\/osm.org\/copyright\">OpenStreetMap<\/a> contributors'\r\n\t\t}).addTo(map);\r\n\t\t\r\n\t\tfor (ville in villes) {\r\n\t\t\tvar target = L.latLng([villes[ville].lat, villes[ville].lon]);\r\n\t\t\tL.marker(target).addTo(map);\r\n\t\t} \t\t\r\n\t\t\/\/ Target's GPS coordinates.\r\n\t\tvar target = L.latLng(lat, lon);\r\n\r\n\t\t\/\/ Set map's center to target with zoom 14.\r\n\t\tmap.setView(target, 15);\r\n\t<\/script>\r\n\t\n","protected":false},"excerpt":{"rendered":"<p>Organisation Cet atelier, men\u00e9 par des intervenants professionnels, permet d\u2019aborder de&nbsp; fa\u00e7on ludique diff\u00e9rentes disciplines pratiqu\u00e9es dans l\u2019univers du cirque :&nbsp; Expression corporelle Jonglage Acrobaties Boule d\u2019\u00e9quilibre Fil Monocycle Jeux d\u2019expression\u2026 Horaires Cotisation annuelle Lieux de pratique<\/p>\n","protected":false},"author":1,"featured_media":0,"parent":0,"menu_order":0,"comment_status":"closed","ping_status":"closed","template":"","meta":{"footnotes":""},"class_list":["post-104","page","type-page","status-publish","hentry"],"yoast_head":"<!-- This site is optimized with the Yoast SEO plugin v27.4 - https:\/\/yoast.com\/product\/yoast-seo-wordpress\/ -->\n<title>Art du cirque - Atelier de pratique - Amicale La\u00efque des Marsauderies<\/title>\n<meta name=\"robots\" content=\"index, follow, max-snippet:-1, max-image-preview:large, max-video-preview:-1\" \/>\n<link rel=\"canonical\" href=\"https:\/\/al-nanteserdre.org\/alm-wp\/index.php\/art-du-cirque-atelier-de-pratique\/\" \/>\n<meta property=\"og:locale\" content=\"fr_FR\" \/>\n<meta property=\"og:type\" content=\"article\" \/>\n<meta property=\"og:title\" content=\"Art du cirque - Atelier de pratique - Amicale La\u00efque des Marsauderies\" \/>\n<meta property=\"og:description\" content=\"Organisation Cet atelier, men\u00e9 par des intervenants professionnels, permet d\u2019aborder de&nbsp; fa\u00e7on ludique diff\u00e9rentes disciplines pratiqu\u00e9es dans l\u2019univers du cirque :&nbsp; Expression corporelle Jonglage Acrobaties Boule d\u2019\u00e9quilibre Fil Monocycle Jeux d\u2019expression\u2026 Horaires Cotisation annuelle Lieux de pratique\" \/>\n<meta property=\"og:url\" content=\"https:\/\/al-nanteserdre.org\/alm-wp\/index.php\/art-du-cirque-atelier-de-pratique\/\" \/>\n<meta property=\"og:site_name\" content=\"Amicale La\u00efque des Marsauderies\" \/>\n<meta property=\"article:modified_time\" content=\"2021-05-27T08:48:41+00:00\" \/>\n<meta name=\"twitter:card\" content=\"summary_large_image\" \/>\n<meta name=\"twitter:label1\" content=\"Dur\u00e9e de lecture estim\u00e9e\" \/>\n\t<meta name=\"twitter:data1\" content=\"1 minute\" \/>\n<script type=\"application\/ld+json\" class=\"yoast-schema-graph\">{\"@context\":\"https:\\\/\\\/schema.org\",\"@graph\":[{\"@type\":\"WebPage\",\"@id\":\"https:\\\/\\\/al-nanteserdre.org\\\/alm-wp\\\/index.php\\\/art-du-cirque-atelier-de-pratique\\\/\",\"url\":\"https:\\\/\\\/al-nanteserdre.org\\\/alm-wp\\\/index.php\\\/art-du-cirque-atelier-de-pratique\\\/\",\"name\":\"Art du cirque - Atelier de pratique - Amicale La\u00efque des Marsauderies\",\"isPartOf\":{\"@id\":\"https:\\\/\\\/al-nanteserdre.org\\\/alm-wp\\\/#website\"},\"datePublished\":\"2021-05-23T16:49:35+00:00\",\"dateModified\":\"2021-05-27T08:48:41+00:00\",\"breadcrumb\":{\"@id\":\"https:\\\/\\\/al-nanteserdre.org\\\/alm-wp\\\/index.php\\\/art-du-cirque-atelier-de-pratique\\\/#breadcrumb\"},\"inLanguage\":\"fr-FR\",\"potentialAction\":[{\"@type\":\"ReadAction\",\"target\":[\"https:\\\/\\\/al-nanteserdre.org\\\/alm-wp\\\/index.php\\\/art-du-cirque-atelier-de-pratique\\\/\"]}]},{\"@type\":\"BreadcrumbList\",\"@id\":\"https:\\\/\\\/al-nanteserdre.org\\\/alm-wp\\\/index.php\\\/art-du-cirque-atelier-de-pratique\\\/#breadcrumb\",\"itemListElement\":[{\"@type\":\"ListItem\",\"position\":1,\"name\":\"Accueil\",\"item\":\"https:\\\/\\\/al-nanteserdre.org\\\/alm-wp\\\/\"},{\"@type\":\"ListItem\",\"position\":2,\"name\":\"Art du cirque &#8211; Atelier de pratique\"}]},{\"@type\":\"WebSite\",\"@id\":\"https:\\\/\\\/al-nanteserdre.org\\\/alm-wp\\\/#website\",\"url\":\"https:\\\/\\\/al-nanteserdre.org\\\/alm-wp\\\/\",\"name\":\"Amicale La\u00efque des Marsauderies\",\"description\":\"Sport pour tous et \u00e9ducation populaire\",\"publisher\":{\"@id\":\"https:\\\/\\\/al-nanteserdre.org\\\/alm-wp\\\/#organization\"},\"potentialAction\":[{\"@type\":\"SearchAction\",\"target\":{\"@type\":\"EntryPoint\",\"urlTemplate\":\"https:\\\/\\\/al-nanteserdre.org\\\/alm-wp\\\/?s={search_term_string}\"},\"query-input\":{\"@type\":\"PropertyValueSpecification\",\"valueRequired\":true,\"valueName\":\"search_term_string\"}}],\"inLanguage\":\"fr-FR\"},{\"@type\":\"Organization\",\"@id\":\"https:\\\/\\\/al-nanteserdre.org\\\/alm-wp\\\/#organization\",\"name\":\"Amicale Laique des Marsauderies\",\"url\":\"https:\\\/\\\/al-nanteserdre.org\\\/alm-wp\\\/\",\"logo\":{\"@type\":\"ImageObject\",\"inLanguage\":\"fr-FR\",\"@id\":\"https:\\\/\\\/al-nanteserdre.org\\\/alm-wp\\\/#\\\/schema\\\/logo\\\/image\\\/\",\"url\":\"https:\\\/\\\/al-nanteserdre.org\\\/alm-wp\\\/wp-content\\\/uploads\\\/2023\\\/04\\\/Logo-UFOLEP.png\",\"contentUrl\":\"https:\\\/\\\/al-nanteserdre.org\\\/alm-wp\\\/wp-content\\\/uploads\\\/2023\\\/04\\\/Logo-UFOLEP.png\",\"width\":320,\"height\":244,\"caption\":\"Amicale Laique des Marsauderies\"},\"image\":{\"@id\":\"https:\\\/\\\/al-nanteserdre.org\\\/alm-wp\\\/#\\\/schema\\\/logo\\\/image\\\/\"}}]}<\/script>\n<!-- \/ Yoast SEO plugin. -->","yoast_head_json":{"title":"Art du cirque - Atelier de pratique - Amicale La\u00efque des Marsauderies","robots":{"index":"index","follow":"follow","max-snippet":"max-snippet:-1","max-image-preview":"max-image-preview:large","max-video-preview":"max-video-preview:-1"},"canonical":"https:\/\/al-nanteserdre.org\/alm-wp\/index.php\/art-du-cirque-atelier-de-pratique\/","og_locale":"fr_FR","og_type":"article","og_title":"Art du cirque - Atelier de pratique - Amicale La\u00efque des Marsauderies","og_description":"Organisation Cet atelier, men\u00e9 par des intervenants professionnels, permet d\u2019aborder de&nbsp; fa\u00e7on ludique diff\u00e9rentes disciplines pratiqu\u00e9es dans l\u2019univers du cirque :&nbsp; Expression corporelle Jonglage Acrobaties Boule d\u2019\u00e9quilibre Fil Monocycle Jeux d\u2019expression\u2026 Horaires Cotisation annuelle Lieux de pratique","og_url":"https:\/\/al-nanteserdre.org\/alm-wp\/index.php\/art-du-cirque-atelier-de-pratique\/","og_site_name":"Amicale La\u00efque des Marsauderies","article_modified_time":"2021-05-27T08:48:41+00:00","twitter_card":"summary_large_image","twitter_misc":{"Dur\u00e9e de lecture estim\u00e9e":"1 minute"},"schema":{"@context":"https:\/\/schema.org","@graph":[{"@type":"WebPage","@id":"https:\/\/al-nanteserdre.org\/alm-wp\/index.php\/art-du-cirque-atelier-de-pratique\/","url":"https:\/\/al-nanteserdre.org\/alm-wp\/index.php\/art-du-cirque-atelier-de-pratique\/","name":"Art du cirque - Atelier de pratique - Amicale La\u00efque des Marsauderies","isPartOf":{"@id":"https:\/\/al-nanteserdre.org\/alm-wp\/#website"},"datePublished":"2021-05-23T16:49:35+00:00","dateModified":"2021-05-27T08:48:41+00:00","breadcrumb":{"@id":"https:\/\/al-nanteserdre.org\/alm-wp\/index.php\/art-du-cirque-atelier-de-pratique\/#breadcrumb"},"inLanguage":"fr-FR","potentialAction":[{"@type":"ReadAction","target":["https:\/\/al-nanteserdre.org\/alm-wp\/index.php\/art-du-cirque-atelier-de-pratique\/"]}]},{"@type":"BreadcrumbList","@id":"https:\/\/al-nanteserdre.org\/alm-wp\/index.php\/art-du-cirque-atelier-de-pratique\/#breadcrumb","itemListElement":[{"@type":"ListItem","position":1,"name":"Accueil","item":"https:\/\/al-nanteserdre.org\/alm-wp\/"},{"@type":"ListItem","position":2,"name":"Art du cirque &#8211; Atelier de pratique"}]},{"@type":"WebSite","@id":"https:\/\/al-nanteserdre.org\/alm-wp\/#website","url":"https:\/\/al-nanteserdre.org\/alm-wp\/","name":"Amicale La\u00efque des Marsauderies","description":"Sport pour tous et \u00e9ducation populaire","publisher":{"@id":"https:\/\/al-nanteserdre.org\/alm-wp\/#organization"},"potentialAction":[{"@type":"SearchAction","target":{"@type":"EntryPoint","urlTemplate":"https:\/\/al-nanteserdre.org\/alm-wp\/?s={search_term_string}"},"query-input":{"@type":"PropertyValueSpecification","valueRequired":true,"valueName":"search_term_string"}}],"inLanguage":"fr-FR"},{"@type":"Organization","@id":"https:\/\/al-nanteserdre.org\/alm-wp\/#organization","name":"Amicale Laique des Marsauderies","url":"https:\/\/al-nanteserdre.org\/alm-wp\/","logo":{"@type":"ImageObject","inLanguage":"fr-FR","@id":"https:\/\/al-nanteserdre.org\/alm-wp\/#\/schema\/logo\/image\/","url":"https:\/\/al-nanteserdre.org\/alm-wp\/wp-content\/uploads\/2023\/04\/Logo-UFOLEP.png","contentUrl":"https:\/\/al-nanteserdre.org\/alm-wp\/wp-content\/uploads\/2023\/04\/Logo-UFOLEP.png","width":320,"height":244,"caption":"Amicale Laique des Marsauderies"},"image":{"@id":"https:\/\/al-nanteserdre.org\/alm-wp\/#\/schema\/logo\/image\/"}}]}},"_links":{"self":[{"href":"https:\/\/al-nanteserdre.org\/alm-wp\/index.php\/wp-json\/wp\/v2\/pages\/104","targetHints":{"allow":["GET"]}}],"collection":[{"href":"https:\/\/al-nanteserdre.org\/alm-wp\/index.php\/wp-json\/wp\/v2\/pages"}],"about":[{"href":"https:\/\/al-nanteserdre.org\/alm-wp\/index.php\/wp-json\/wp\/v2\/types\/page"}],"author":[{"embeddable":true,"href":"https:\/\/al-nanteserdre.org\/alm-wp\/index.php\/wp-json\/wp\/v2\/users\/1"}],"replies":[{"embeddable":true,"href":"https:\/\/al-nanteserdre.org\/alm-wp\/index.php\/wp-json\/wp\/v2\/comments?post=104"}],"version-history":[{"count":7,"href":"https:\/\/al-nanteserdre.org\/alm-wp\/index.php\/wp-json\/wp\/v2\/pages\/104\/revisions"}],"predecessor-version":[{"id":2325,"href":"https:\/\/al-nanteserdre.org\/alm-wp\/index.php\/wp-json\/wp\/v2\/pages\/104\/revisions\/2325"}],"wp:attachment":[{"href":"https:\/\/al-nanteserdre.org\/alm-wp\/index.php\/wp-json\/wp\/v2\/media?parent=104"}],"curies":[{"name":"wp","href":"https:\/\/api.w.org\/{rel}","templated":true}]}}